

{"id":911,"date":"2012-11-29T22:37:25","date_gmt":"2012-11-29T20:37:25","guid":{"rendered":"http:\/\/pehsu.org\/wp\/?page_id=911"},"modified":"2024-05-24T15:50:15","modified_gmt":"2024-05-24T13:50:15","slug":"historias-clinicas-medioambientales","status":"publish","type":"page","link":"https:\/\/pehsu.org\/wp\/?page_id=911","title":{"rendered":"Historias cl\u00ednicas medioambientales"},"content":{"rendered":"\t\t<div data-elementor-type=\"wp-page\" data-elementor-id=\"911\" class=\"elementor elementor-911\">\n\t\t\t\t\t\t<section class=\"elementor-section elementor-top-section elementor-element elementor-element-2aa8ac35 elementor-section-boxed elementor-section-height-default elementor-section-height-default\" data-id=\"2aa8ac35\" data-element_type=\"section\" data-e-type=\"section\">\n\t\t\t\t\t\t<div class=\"elementor-container elementor-column-gap-default\">\n\t\t\t\t\t<div class=\"elementor-column elementor-col-100 elementor-top-column elementor-element elementor-element-454c1594\" data-id=\"454c1594\" data-element_type=\"column\" data-e-type=\"column\">\n\t\t\t<div class=\"elementor-widget-wrap elementor-element-populated\">\n\t\t\t\t\t\t<div class=\"elementor-element elementor-element-71b5b07d elementor-widget elementor-widget-text-editor\" data-id=\"71b5b07d\" data-element_type=\"widget\" data-e-type=\"widget\" data-widget_type=\"text-editor.default\">\n\t\t\t\t<div class=\"elementor-widget-container\">\n\t\t\t\t\t\t\t\t\t<p><a href=\"http:\/\/pehsu.org\/wp\/?page_id=468\"><strong>Hoja verde exploratoria en pediatr\u00eda<\/strong><\/a>. Conjunto de preguntas b\u00e1sicas y concisas, estructuradas para una evaluaci\u00f3n de riesgos medioambientales r\u00e1pida y fiable en pediatr\u00eda. <\/p>\n<ul>\nPuede ser realizada por pediatras, enfermeros\/as o estudiantes en pr\u00e1cticas.<br \/>\n<strong>Duraci\u00f3n:<\/strong> 4 minutos.<br \/>\n<strong>Referencia:<\/strong> Ortega Garc\u00eda JA, Ferr\u00eds i Tortajada J. Hoja verde exploratoria. Unidad de Salud Medioambiental Pedi\u00e1trica, Murcia, Espa\u00f1a; 2012. Disponible: http:\/\/pehsu.org\/wp\/. V\u00e1lido hasta 30 de junio de 2014. <\/ul>\n<hr \/>\n<p><strong><a href=\"http:\/\/pehsu.org\/wp\/wp-content\/uploads\/hap_resp.pdf\">Historia cl\u00ednica medioambiental en el ni\u00f1o con patolog\u00eda respiratoria.<\/a><\/strong> Conjunto de preguntas para una evaluaci\u00f3n en profundidad de los factores de riesgo medioambiental relacionados con la patolog\u00eda respiratoria m\u00e1s frecuente en pediatr\u00eda (crisis de asma, bronquitis, tos cr\u00f3nica, infecciones respiratorias de v\u00edas altas o bajas&#8230;). <\/p>\n<ul>\nPuede ser \u00fatil para estudios de caso en Atenci\u00f3n Primaria, urgencias o en unidades de Neumolog\u00eda, Alergia o de Salud Medioambiental.<br \/>\n<strong>Duraci\u00f3n: <\/strong>20-25 minutos.<br \/>\nPuede ser realizada por pediatras o enfermeros\/as (es amplia y requiere habilidades espec\u00edficas y entrenamiento en PEHSU para obtener un mejor rendimiento).<br \/>\n <strong>Referencia: <\/strong>Ortega Garc\u00eda JA, S\u00e1nchez Sol\u00eds M, L\u00f3pez-Andreu JA, Ferr\u00eds i Tortajada J. Historia Cl\u00ednica Medioambiental en la Patolog\u00eda Respiratoria en Pediatr\u00eda. Unidad de Salud Medioambiental Pedi\u00e1trica, Murcia, Espa\u00f1a; 2012. Disponible: http:\/\/pehsu.org\/wp\/. V\u00e1lido hasta 1\/11\/2014. <\/ul>\n<hr \/>\n<p><strong><a href=\"http:\/\/pehsu.org\/wp\/wp-content\/uploads\/hoja_verde_reproductiva.pdf\">Hoja verde durante el embarazo y lactancia materna<\/a><\/strong>. (N\u00ba Dep\u00f3sito legal: MU-603-2016).La hoja verde, herramienta para la detecci\u00f3n de riesgos medioambientales, se realiza cara a cara, para detectar, informar y reducir y\/o eliminar los principales riesgos medioambientales para un desarrollo \u00f3ptimo del feto y periodo de crianza. Apartados: historia obst\u00e9trica-reproductiva, socioecon\u00f3micos, medicaci\u00f3n y parafarmacia, drogas legales e ilegales, uso de pesticidas, aficiones de riesgo qu\u00edmico, exposiciones laborales, radiaciones ionizantes.<\/p>\n<ul>\n<strong>Duraci\u00f3n:<\/strong> 5 minutos.<br \/>\nPuede ser realizada por matronas, m\u00e9dicos de familia, enfermeros\/as, pediatras y obstetras.<br \/>\n<strong>Referencia:<\/strong> Ortega Garc\u00eda JA, S\u00e1nchez Sauco MF, Jaimes Vega DC, Pernas Barahona A, C\u00e1rceles \u00c1lvarez A. Hoja verde. Creando ambientes m\u00e1s saludables durante el embarazo y lactancia materna. Unidad de Salud Medioambiental Pedi\u00e1trica. Murcia, Espa\u00f1a; 2013. Disponible: http:\/\/www.pehsu.org\/wp o http:\/\/www.redsambi.org<br \/>\nRevisado 5\/06\/2013 y el 02\/03\/2016<br \/>\nV\u00e1lido hasta 1\/11\/2018.<\/ul>\n<p><iframe width=\"560\" height=\"315\" src=\"\/\/www.youtube.com\/embed\/BfR2l08g5lY\" frameborder=\"0\" allowfullscreen=\"\"><\/iframe><br \/>\nVIDEO DE ENTRENAMIENTO: <a href=\"http:\/\/www.youtube.com\/watch?v=BfR2l08g5lY&amp;feature=youtu.be\">APRENDIENDO A MANEJAR LA HOJA VERDE <\/a><br \/>\n<a href=\"http:\/\/pehsu.org\/wp\/wp-content\/uploads\/diana.jpg\"><img fetchpriority=\"high\" decoding=\"async\" src=\"http:\/\/pehsu.org\/wp\/wp-content\/uploads\/diana-300x223.jpg\" alt=\"\" title=\"diana\" width=\"300\" height=\"223\" class=\"alignleft size-medium wp-image-1207\" srcset=\"https:\/\/pehsu.org\/wp\/wp-content\/uploads\/diana-300x223.jpg 300w, https:\/\/pehsu.org\/wp\/wp-content\/uploads\/diana.jpg 960w\" sizes=\"(max-width: 300px) 100vw, 300px\" \/><\/a><strong><a href=\"http:\/\/pehsu.org\/wp\/wp-content\/uploads\/MANUAL-DE-HOJA-VERDE.pdf\">Descarga el manual de la hoja verde.<\/a><\/strong> Material y gu\u00eda necesaria para la adecuada implementaci\u00f3n de la hoja verde durante el embarazo y lactancia. Un duro trabajo de colaboraci\u00f3n de PEHSU y de la <a href=\"http:\/\/www.redsambi.org\/\">Red Sambi<\/a> para Iberoam\u00e9rica y el Mundo. Con el apoyo de el Programa Argos Nato, Direcci\u00f3n General de Atenci\u00f3n al Ciudadano y Drogodependencias,  la Consejer\u00eda de Sanidad y Pol\u00edtica Social de la Regi\u00f3n de Murcia. Nuestro agradecimiento especial a la Division of International Health Department of Preventive Medicine Mount Sinai School of Medicine; New York, USA y al Plan Regional \/ Plan Nacional de Drogodependencias. Ministerio Sanidad y Pol\u00edtica Social.&nbsp;<\/p>\t\t\t\t\t\t\t\t<\/div>\n\t\t\t\t<\/div>\n\t\t\t\t\t<\/div>\n\t\t<\/div>\n\t\t\t\t\t<\/div>\n\t\t<\/section>\n\t\t\t\t<\/div>\n\t\t","protected":false},"excerpt":{"rendered":"<p>Hoja verde exploratoria en pediatr\u00eda. Conjunto de preguntas b\u00e1sicas y concisas, estructuradas para una evaluaci\u00f3n de riesgos medioambientales r\u00e1pida y fiable en pediatr\u00eda. Puede ser realizada por pediatras, enfermeros\/as o estudiantes en pr\u00e1cticas. Duraci\u00f3n: 4 minutos. Referencia: Ortega Garc\u00eda JA, Ferr\u00eds i Tortajada J. Hoja verde exploratoria. Unidad de Salud Medioambiental Pedi\u00e1trica, Murcia, Espa\u00f1a; 2012. &hellip; <\/p>\n<p class=\"link-more\"><a href=\"https:\/\/pehsu.org\/wp\/?page_id=911\" class=\"more-link\">Leer m\u00e1s<span class=\"screen-reader-text\"> \u00abHistorias cl\u00ednicas medioambientales\u00bb<\/span><\/a><\/p>\n","protected":false},"author":1,"featured_media":0,"parent":365,"menu_order":1,"comment_status":"open","ping_status":"open","template":"","meta":{"inspiro_hide_title":false,"footnotes":""},"class_list":["post-911","page","type-page","status-publish","hentry"],"aioseo_notices":[],"_links":{"self":[{"href":"https:\/\/pehsu.org\/wp\/index.php?rest_route=\/wp\/v2\/pages\/911","targetHints":{"allow":["GET"]}}],"collection":[{"href":"https:\/\/pehsu.org\/wp\/index.php?rest_route=\/wp\/v2\/pages"}],"about":[{"href":"https:\/\/pehsu.org\/wp\/index.php?rest_route=\/wp\/v2\/types\/page"}],"author":[{"embeddable":true,"href":"https:\/\/pehsu.org\/wp\/index.php?rest_route=\/wp\/v2\/users\/1"}],"replies":[{"embeddable":true,"href":"https:\/\/pehsu.org\/wp\/index.php?rest_route=%2Fwp%2Fv2%2Fcomments&post=911"}],"version-history":[{"count":20,"href":"https:\/\/pehsu.org\/wp\/index.php?rest_route=\/wp\/v2\/pages\/911\/revisions"}],"predecessor-version":[{"id":3728,"href":"https:\/\/pehsu.org\/wp\/index.php?rest_route=\/wp\/v2\/pages\/911\/revisions\/3728"}],"up":[{"embeddable":true,"href":"https:\/\/pehsu.org\/wp\/index.php?rest_route=\/wp\/v2\/pages\/365"}],"wp:attachment":[{"href":"https:\/\/pehsu.org\/wp\/index.php?rest_route=%2Fwp%2Fv2%2Fmedia&parent=911"}],"curies":[{"name":"wp","href":"https:\/\/api.w.org\/{rel}","templated":true}]}}