

{"id":688,"date":"2011-08-05T20:04:57","date_gmt":"2011-08-05T18:04:57","guid":{"rendered":"http:\/\/pehsu.org\/wp\/?page_id=688"},"modified":"2024-05-24T15:41:33","modified_gmt":"2024-05-24T13:41:33","slug":"2001-2005","status":"publish","type":"page","link":"https:\/\/pehsu.org\/wp\/?page_id=688","title":{"rendered":"2001-2005"},"content":{"rendered":"\t\t<div data-elementor-type=\"wp-page\" data-elementor-id=\"688\" class=\"elementor elementor-688\">\n\t\t\t\t\t\t<section class=\"elementor-section elementor-top-section elementor-element elementor-element-5ef6983a elementor-section-boxed elementor-section-height-default elementor-section-height-default\" data-id=\"5ef6983a\" data-element_type=\"section\" data-e-type=\"section\">\n\t\t\t\t\t\t<div class=\"elementor-container elementor-column-gap-default\">\n\t\t\t\t\t<div class=\"elementor-column elementor-col-100 elementor-top-column elementor-element elementor-element-3a402cb\" data-id=\"3a402cb\" data-element_type=\"column\" data-e-type=\"column\">\n\t\t\t<div class=\"elementor-widget-wrap elementor-element-populated\">\n\t\t\t\t\t\t<div class=\"elementor-element elementor-element-36510973 elementor-widget elementor-widget-text-editor\" data-id=\"36510973\" data-element_type=\"widget\" data-e-type=\"widget\" data-widget_type=\"text-editor.default\">\n\t\t\t\t<div class=\"elementor-widget-container\">\n\t\t\t\t\t\t\t\t\t<strong>2005<\/strong>\r\n<li>Ferr\u00eds I Tortajada J, Berbel Tornero O, Ortega Garc\u00eda JA, Claudio-Morales L, Garc\u00eda I Castell J, Mart\u00ed Perales V, Miranda Casas L. <strong>Risk factors for pediatric malignant bone tumors. <\/strong>An Pediatr (Barc). 2005;63:537-47. <\/li>\r\n\t<li>Ortega Garc\u00eda JA, Ferris i Tortajada J, Claudio Morales L, Berbel Tornero O. Pediatric <strong>environmental health specialty units in Europe: from theory to practice. <\/strong>An Pediatr (Barc). 2005 Aug;63(2):143-51. <\/li>\r\n\t<li>Ortega Garc\u00eda JA, Delgado Rubio A. <strong>Pediatric environmental health in Spain. Where are the pediatricians?<\/strong> An Pediatr (Barc). 2005 Aug;63(2):107-8. <\/li>\r\n\t<li>Ferr\u00eds i Tortajada J, Ortega Garc\u00eda JA, Garc\u00eda i Castell J, L\u00f3pez Andreu JA, Berbel Tornero O, Crehu\u00e1 Gaudiza E.\r\n<strong>Risk factors for neuroblastoma<\/strong>. An Pediatr (Barc). 2005 Jul;63(1):50-60.  <\/li>\r\n\t<li>[Cap\u00edtulo de libro] Ferr\u00eds i Tortajada J, Garc\u00eda i Castell J, Ortega Garc\u00eda JA, et al. <strong>La etiolog\u00eda del c\u00e1ncer pedi\u00e1trico<\/strong>.  En Sierrasesumaga L (ed) Tratado de Oncolog\u00eda Pedi\u00e1trica.  Enfermedades malignas del ni\u00f1o y del adolescente . Pearson Educativa, Buenos Aires, 2005 (9788420542485)<\/li>\r\n\t<li>[Cap\u00edtulo de libro] Ferr\u00eds i Tortajada J, Garc\u00eda i Castell J, Ortega Garc\u00eda JA, et al. <strong>Prevenci\u00f3n pedi\u00e1trica del c\u00e1ncer adulto<\/strong>. En Madero L\u00f3pez (ed) Hematolog\u00eda y Oncolog\u00eda Pedi\u00e1trica (2\u00aaed). Erg\u00f3n, Madrid, 2005. (84-8473-367-X)<\/li>\r\n\t<li>Ortega Garc\u00eda JA, Ferr\u00eds i Tortajada J. <strong>Factores medioambientales y c\u00e1ncer pedi\u00e1trico<\/strong>. Viure Salut 2005; 66:8-9. <\/li>\r\n\t<li>Ortega Garc\u00eda JA, Ferr\u00eds i Tortajada J. <strong>Neurot\u00f3xicos medioambientales (I). Pesticidas: efectos adversos en el sistema nervioso fetal y postnatal<\/strong>. ,Acta Pediatr Esp 2005; 63:140-149.<\/li>\r\n\t<li>Ortega Garc\u00eda JA, Ferr\u00eds i Tortajada. <strong>Neurot\u00f3xicos medioambientales (II). Metales: efectos adversos en el sistema nervioso fetal y postnatal.<\/strong> Acta Pediatr Esp 2005;63:182-192.<\/li>\r\n\t<li>Ortega Garc\u00eda JA, Ferr\u00eds i Tortajada. <strong>Neurotoxicos Medioambientales (III). Organoclorados, organobromados y bisfenol A:efectos adversos em el sistema nervioso fetal y posnatal<\/strong>. Acta Pediatr Esp 2005;63:429-436<\/li>\r\n\r\n\r\n\r\n<strong>2004<\/strong>\r\n<li>Ortega Garc\u00eda JA, Ferr\u00eds i Tortajada J, Marco Maci\u00e1n A, Berbel Tornero O. Paediatric Environmental Health Speciality Units in Europe. For When?. Eur J Pediatr 2004;163: 337-338.<\/li>\r\n\t<li>Ferr\u00eds i Tortajada J, Ortega Garc\u00eda JA, Marco Maci\u00e1n A, Garc\u00eda i Castell J. Medio ambiente y c\u00e1ncer pedi\u00e1trico. An Pediatr 2004;61:42-50.<\/li>\r\n\t<li>Ferris i Tortajada J, Ortega Garc\u00eda JA, L\u00f3pez Ibor Ali\u00f1o B. La etiolog\u00eda y la prevenci\u00f3n del c\u00e1ncer pedi\u00e1trico. An Pediatr 2004;61:1-4.<\/li>\r\n\t<li>Ferris i Tortajada J, Ortega Garc\u00eda JA, L\u00f3pez Andreu JA, Berbel Tornero O, Marco Maci\u00e1n A, Garc\u00eda i Castell J. Tabaquismo parental y c\u00e1ncer pedi\u00e1trico. Rev Esp Pediatr 2004; 60:225-236. <\/li>\r\n\t<li>Ortega Garc\u00eda JA, Ferr\u00eds i Tortajada J, Marco Maci\u00e1n A. Necesidad emergente de las unidades de Salud Medioambiental Pedi\u00e1tricas. Rev Esp Pediatr 2004;60:177.<\/li>\r\n\t<li>Ortega Garc\u00eda JA, Carrizo Gallardo D, Ferr\u00eds i Tortajada J, Marco Maci\u00e1n A, Grimalt JO. Meconio y exposici\u00f3n prenatal a neurot\u00f3xicos. Rev Esp Pediatr 2004;60:291-296.<\/li>\r\n\t<li>Ortega Garc\u00eda JA, Ferr\u00eds i Tortajada J, L\u00f3pez Andreu JA. Industria tabaquera: Riesgo Infantojuvenil. Rev Esp Pediatr 2004;60:127-140.<\/li>\r\n   \r\n\r\n\r\n<strong>2003<\/strong>\r\n <li>Ferris i Tortajada J, Berbel Tornero O, Ortega Garc\u00eda JA, L\u00f3pez Andreu JA, Garc\u00eda i Castell J, Balaguer Guill J, Aliaga Vera J. Factores de riesgo de los tumores renales malignos pedi\u00e1tricos. Rev Esp Pediatr 2003;59:527-536.<\/li>\r\n\t<li>J. Ferr\u00eds i Tortajada, J.A. Ortega Garc\u00eda, J.A. L\u00f3pez Andreu, J. Garcia i Castell, J. Aliaga Vera, A. C\u00e1novas Conesa, V. Ferr\u00eds i Garcia. Autobuses escolares y motores diesel: contaminaci\u00f3n atmosf\u00e9rica, exposici\u00f3n pedi\u00e1trica y efectos adversos en la salud humana. Rev Esp Pediatr 2003;59:132-145. <\/li>\r\n\t<li>Ortega Garc\u00eda JA, Ferr\u00eds i Tortajada J, L\u00f3pez Andreu JA, Marco Maci\u00e1n A, J. Garc\u00eda i Castell,A. C\u00e1novas Conesa, A. Ort\u00ed Mart\u00edn, E Ibiza Palacios, F. Molina Gonz\u00e1lez, D. Lorente Ortega. Hospitales sostenibles (parte II). Mercurio: exposici\u00f3n pedi\u00e1trica. Efectos adversos en la salud humana y medidas preventivas. Rev Esp Pediatr 2003;59:274-291. <\/li>\r\n   \r\n\r\n\r\n<strong>2002<\/strong>\r\n<li>Prevenci\u00f3n pedi\u00e1trica del c\u00e1ncer: factores diet\u00e9ticos. Rev Esp Pediatr 2002; 58:406-412 \r\nSalud medioambiental pedi\u00e1trica: un nuevo reto profesional. Rev Esp Pediatr 2002; 58:304-314.  <\/li>\r\n\t<li>Poluci\u00f3n atmosf\u00e9rica por contaminantes qu\u00edmicos.  Pediatr Integral 2002;5:56-60. La importancia de los contaminantes atmosf\u00e9ricos, dom\u00e9sticos como el tabaquismo, part\u00edculas diesel. Contaminantes medio-ambientales en la alimentaci\u00f3n. Pediatr Integral 2002;5:69-76. <\/li>\r\n\t<li> Hospitales sostenibles (1\u00aa parte). Exposici\u00f3n pedi\u00e1trica a cloruro de polivinilo y ftalatos. Medidas preventivas.  Rev Esp Pediatr 2002; 58:251-266. <\/li>\r\n \t<li>Editorial: hacia una asistencia m\u00e1s saludable Rev Esp Pediatr 2002; 58:225-227. <\/li>\r\n\t<li> Primun non nocere: el ni\u00f1o ante las agresiones ambientales de la actividad pedi\u00e1trica An Esp Pediatr 2002;56:375-381.  <\/li>\r\n\t<li>Introducci\u00f3n: el ni\u00f1o y el medioambiente  An Esp Pediatr 2002;56:353-359.<\/li>\r\n\t<li>Formaci\u00f3 Continuada en salud medioambiental infantil  Rev Catal Pediatr 2002 <\/li>\r\n\t<li>El pediatra, el tabaco y la educaci\u00f3n para la salud An Esp Pediatr 2002;56:116-117  <\/li>\r\n \t<li>Profesionales sanitarios pedi\u00e1tricos y salud medioambiental An Esp Pediatr 2002;56:<\/li>\r\n \t<li>Adolescente: Salud y Justicia ambiental. Bol Soc Val Pediatr 2002;22:94-99. <\/li>\r\n\t<li>Tabaquismo en la adolescencia: inicio de una adicci\u00f3n.  Bol Soc Val Pediatr 2002;22:82-89 <\/li>\r\n\t<li>\u00bfEs necesario un registro de radiaciones en los ni\u00f1os?  Bol Soc Val Pediatr 2002;22:186 <\/li>\r\n\t<li>Intoxicaci\u00f3n por mon\u00f3xido de carbono: el asesino silencioso. Bol Soc Val Pediatr 2002;22:129.<\/li>\r\n\t<li> Carta al director. Pedi\u00e1trika 2002;22:41-42. <\/li>\r\n  \r\n\r\n\r\n<strong>2001<\/strong>\r\n<li> Carta al director  Rev Esp Pediatr 2001;57:546-547. <\/li>\r\n\t<li>El pediatra y la incineraci\u00f3n de residuos s\u00f3lidos. Conceptos b\u00e1sicos y efectos adversos en la salud humana. Rev Esp Pediatr 2001;57:473-490. <\/li>\r\n\t<li>El pediatra ante el Desarrollo Sostenible y el Cambio Clim\u00e1tico Global  Rev Esp Pediatr 2001;vol 57: 287-298. <\/li>\r\n\t<li> Enfermedades asociadas a la poluci\u00f3n atmosf\u00e9rica por combustibles f\u00f3siles.Aspectos pedi\u00e1tricos Rev Esp Pediatr 2001, vol 57: 213-225. <\/li>\r\n\t<li> Factores de riesgo asociados a sarcomas de partes blandas pedi\u00e1tricos  (Rev Esp Pediatr 2001 ,Vol 57: 445-457)  <\/li>\r\n\t<li>Micotoxinas y c\u00e1ncer pedi\u00e1trico. Rev Esp Pediatr 2001;57:279-280.<\/li>\r\n\t<li>  Factores de riesgo para los linfomas de Hodgkin. An Esp Pediatr 2001;55:239-243. <\/li>\r\n\t<li> Factores de riesgo para los linfomas no hodgkinianos. An Esp Pediatr 2001;55:230-238. <\/li>\r\n\t<li> Dieta y cancer pedi\u00e1trico. Rev Esp Pediatr 2001;57:75-92. <\/li>\r\n\r\n\r\n\r\n<strong>A\u00d1OS ANTERIORES<\/strong>  \r\n Factores de riesgo para los tumores del sistema nervioso central en la infancia. Rev Esp Pediatr 1999; 55:203-214. \r\n Factores de riesgo para las leucemias agudas infantiles. An Esp Pediatr 1999;50:439-446. \r\n Prenatal Exposure to metronidazole and risk of Chilhdood Cancer. Cancer 1999;85:2494-2495. \r\n&#8212;&#8212;&#8212;&#8212;&#8212;&#8212;&#8212;&#8212;&#8212;&#8212;&#8212;&#8212;&#8212;&#8212;&#8212;&#8212;&#8212;&#8212;&#8212;&#8212;&#8212;&#8212;&#8212;&#8212;&#8212;&#8212;&#8212;&#8212;&#8212;-\r\nFactores ambientales asociados a c\u00e1nceres pedi\u00e1tricos. Rev Esp Pediatr 1999;55:166-177. \r\nFactores gen\u00e9ticos asociados a c\u00e1nceres pedi\u00e1tricos. An Esp Pediatr 1999;50:4-13. \r\nEtiopatogenia de los c\u00e1nceres pedi\u00e1tricos. Parte II. Rev Esp Pediatr 1998;54:526-533. \r\nEtiopatogenia de los c\u00e1nceres pedi\u00e1tricos. Parte I. Rev Esp Pediatr 1998; 54:245-252. \r\nOncog\u00e9nesis microbiana. La prevenci\u00f3n pedi\u00e1trica. Acta Pediatr Esp 1998; 56:212-217. \r\nRadiaciones electromagn\u00e9ticas y cancer pedi\u00e1trico. Conceptos b\u00e1sicos. Rev Esp Pediatr 1998;54:37 \r\nAspectos psicol\u00f3gicos en la prevenci\u00f3n oncol\u00f3gica. Rev Esp Pediatr 1997;53.344-350. \r\nPediatricians and cancer Prevention. (letter). Arch Pediatr Adolesc Med 1997;151:209. \r\nAgentes f\u00edsicos y qu\u00edmicos carcin\u00f3genos. La prevenci\u00f3n pedi\u00e1trica. Rev Esp Pediatr 1996;52:495-501. \r\nVirus oncog\u00e9nicos. La prevenci\u00f3n pedi\u00e1trica. (parte II). Rev Esp Pediatr 1996;52:446-452. \r\nVirus oncog\u00e9nicos. La prevenci\u00f3n pedi\u00e1trica. (parte I). Rev Esp Pediatr 1996; 52: 437-445. \r\nEl pediatra y la prevenci\u00f3n oncol\u00f3gica. Factores diet\u00e9ticos y tabaquismo. An Esp Pediatr 1996;45:6-13. \r\nTabaquismo como factor de riesgo para la enfermedad cardiovascular. Prevenci\u00f3n pedi\u00e1trica Rev Esp Pediatr 1999;55:457-467. \r\nTabaquismo infantil. \u00bfFumadores pasivos o pediatras pasivos? Acta Pediatr Esp 1998;56:620-624. \r\nEnfermedades pedi\u00e1tricas asociadas al tabaquismo pasivo. An Esp Pediatr 1998;49:339-347. \r\nTratamiento del tabaquismo. Aspectos pedi\u00e1tricos. An Esp Pediatr 1997;47:346-352. \r\nEl pediatra y la prevenci\u00f3n oncol\u00f3gica. Factores diet\u00e9ticos y tabaquismo. An Esp Pediatr 1996;45:6-13. \r\n \t<li>Factores de riesgo para los tumores del sistema nervioso central en la infancia. Rev Esp Pediatr 1999; 55:203-214.<\/li>\r\n\t<li><a href=\"http:\/\/pehsu.org\/wp\/pdf\/leucemias.pdf\">Factores de riesgo para las leucemias agudas infantiles. <\/a>An Esp Pediatr 1999;50:439-446.<\/li>\r\n\t<li>Prenatal Exposure to metronidazole and risk of Chilhdood Cancer. Cancer 1999;85:2494-2495.<\/li>\r\n\t<li>Factores ambientales asociados a c\u00e1nceres pedi\u00e1tricos. Rev Esp Pediatr 1999;55:166-177.\r\nFactores gen\u00e9ticos asociados a c\u00e1nceres pedi\u00e1tricos. An Esp Pediatr 1999;50:4-13.\r\nEtiopatogenia de los c\u00e1nceres pedi\u00e1tricos. Parte II. Rev Esp Pediatr 1998;54:526-533.\r\nEtiopatogenia de los c\u00e1nceres pedi\u00e1tricos. Parte I. Rev Esp Pediatr 1998; 54:245-252.\r\nOncog\u00e9nesis microbiana. La prevenci\u00f3n pedi\u00e1trica. Acta Pediatr Esp 1998; 56:212-217.\r\nRadiaciones electromagn\u00e9ticas y cancer pedi\u00e1trico. Conceptos b\u00e1sicos. Rev Esp Pediatr 1998;54:37\r\nAspectos psicol\u00f3gicos en la prevenci\u00f3n oncol\u00f3gica. Rev Esp Pediatr 1997;53.344-350.\r\nPediatricians and cancer Prevention. (letter). Arch Pediatr Adolesc Med 1997;151:209.\r\nAgentes f\u00edsicos y qu\u00edmicos carcin\u00f3genos. La prevenci\u00f3n pedi\u00e1trica. Rev Esp Pediatr 1996;52:495-501.\r\nVirus oncog\u00e9nicos. La prevenci\u00f3n pedi\u00e1trica. (parte II). Rev Esp Pediatr 1996;52:446-452.\r\nVirus oncog\u00e9nicos. La prevenci\u00f3n pedi\u00e1trica. (parte I). Rev Esp Pediatr 1996; 52: 437-445.\r\nEl pediatra y la prevenci\u00f3n oncol\u00f3gica. Factores diet\u00e9ticos y tabaquismo. An Esp Pediatr 1996;45:6-13.\r\nTabaquismo como factor de riesgo para la enfermedad cardiovascular. Prevenci\u00f3n pedi\u00e1trica Rev Esp Pediatr 1999;55:457-467.\r\nTabaquismo infantil. \u00bfFumadores pasivos o pediatras pasivos? Acta Pediatr Esp 1998;56:620-624.\r\nEnfermedades pedi\u00e1tricas asociadas al tabaquismo pasivo. An Esp Pediatr 1998;49:339-347.\r\nTratamiento del tabaquismo. Aspectos pedi\u00e1tricos. An Esp Pediatr 1997;47:346-352.\r\nEl pediatra y la prevenci\u00f3n oncol\u00f3gica. Factores diet\u00e9ticos y tabaquismo. An Esp Pediatr 1996;45:6-13.<\/li>\t\t\t\t\t\t\t\t<\/div>\n\t\t\t\t<\/div>\n\t\t\t\t\t<\/div>\n\t\t<\/div>\n\t\t\t\t\t<\/div>\n\t\t<\/section>\n\t\t\t\t<\/div>\n\t\t","protected":false},"excerpt":{"rendered":"<p>2005 Ferr\u00eds I Tortajada J, Berbel Tornero O, Ortega Garc\u00eda JA, Claudio-Morales L, Garc\u00eda I Castell J, Mart\u00ed Perales V, Miranda Casas L. Risk factors for pediatric malignant bone tumors. An Pediatr (Barc). 2005;63:537-47. Ortega Garc\u00eda JA, Ferris i Tortajada J, Claudio Morales L, Berbel Tornero O. Pediatric environmental health specialty units in Europe: from &hellip; <\/p>\n<p class=\"link-more\"><a href=\"https:\/\/pehsu.org\/wp\/?page_id=688\" class=\"more-link\">Leer m\u00e1s<span class=\"screen-reader-text\"> \u00ab2001-2005\u00bb<\/span><\/a><\/p>\n","protected":false},"author":1,"featured_media":0,"parent":377,"menu_order":0,"comment_status":"open","ping_status":"open","template":"","meta":{"inspiro_hide_title":false,"footnotes":""},"class_list":["post-688","page","type-page","status-publish","hentry"],"aioseo_notices":[],"_links":{"self":[{"href":"https:\/\/pehsu.org\/wp\/index.php?rest_route=\/wp\/v2\/pages\/688","targetHints":{"allow":["GET"]}}],"collection":[{"href":"https:\/\/pehsu.org\/wp\/index.php?rest_route=\/wp\/v2\/pages"}],"about":[{"href":"https:\/\/pehsu.org\/wp\/index.php?rest_route=\/wp\/v2\/types\/page"}],"author":[{"embeddable":true,"href":"https:\/\/pehsu.org\/wp\/index.php?rest_route=\/wp\/v2\/users\/1"}],"replies":[{"embeddable":true,"href":"https:\/\/pehsu.org\/wp\/index.php?rest_route=%2Fwp%2Fv2%2Fcomments&post=688"}],"version-history":[{"count":15,"href":"https:\/\/pehsu.org\/wp\/index.php?rest_route=\/wp\/v2\/pages\/688\/revisions"}],"predecessor-version":[{"id":3704,"href":"https:\/\/pehsu.org\/wp\/index.php?rest_route=\/wp\/v2\/pages\/688\/revisions\/3704"}],"up":[{"embeddable":true,"href":"https:\/\/pehsu.org\/wp\/index.php?rest_route=\/wp\/v2\/pages\/377"}],"wp:attachment":[{"href":"https:\/\/pehsu.org\/wp\/index.php?rest_route=%2Fwp%2Fv2%2Fmedia&parent=688"}],"curies":[{"name":"wp","href":"https:\/\/api.w.org\/{rel}","templated":true}]}}