

{"id":604,"date":"2011-08-05T12:50:15","date_gmt":"2011-08-05T10:50:15","guid":{"rendered":"http:\/\/pehsu.org\/wp\/?page_id=604"},"modified":"2024-05-24T15:43:39","modified_gmt":"2024-05-24T13:43:39","slug":"2009-2","status":"publish","type":"page","link":"https:\/\/pehsu.org\/wp\/?page_id=604","title":{"rendered":"2009"},"content":{"rendered":"\t\t<div data-elementor-type=\"wp-page\" data-elementor-id=\"604\" class=\"elementor elementor-604\">\n\t\t\t\t\t\t<section class=\"elementor-section elementor-top-section elementor-element elementor-element-5ca2d7fc elementor-section-boxed elementor-section-height-default elementor-section-height-default\" data-id=\"5ca2d7fc\" data-element_type=\"section\" data-e-type=\"section\">\n\t\t\t\t\t\t<div class=\"elementor-container elementor-column-gap-default\">\n\t\t\t\t\t<div class=\"elementor-column elementor-col-100 elementor-top-column elementor-element elementor-element-2385a2b8\" data-id=\"2385a2b8\" data-element_type=\"column\" data-e-type=\"column\">\n\t\t\t<div class=\"elementor-widget-wrap elementor-element-populated\">\n\t\t\t\t\t\t<div class=\"elementor-element elementor-element-6e9d2625 elementor-widget elementor-widget-text-editor\" data-id=\"6e9d2625\" data-element_type=\"widget\" data-e-type=\"widget\" data-widget_type=\"text-editor.default\">\n\t\t\t\t<div class=\"elementor-widget-container\">\n\t\t\t\t\t\t\t\t\t<li>Martin M, Rodriguez K, S\u00e1nchez-Sauco M, Zambudio-Carmona G, Ortega-Garc\u00eda JA. <strong>Household exposure to pesticides and bladder exstrophy in a newborn baby boy: a case report and review of the literature<\/strong>. J Med Case Reports. 2009;3:6626.<\/li>\r\n<li>Soldin OP, Nsouli-Maktabi H, Genkinger JM, Loffredo CA, Ortega-Garcia JA, Colantino D, Barr DB, Luban NL, Shad AT, Nelson D. <strong>Pediatric acute lymphoblastic leukemia and exposure to pesticides<\/strong>. Ther Drug Monit. 2009;31:495-501. <\/li>\r\n\t<li>Ortega-Garcia JA, Martin M, Navarro-Camba E, Garcia-Castell J, Soldin OP, Ferris-Tortajada J. <strong>Pediatric Health Effects of Chronic Exposure to Extremely Low Frequency Electromagnetic Fields<\/strong>. Pediatric Reviews, 2009, 5, 234-240.<\/li>\r\n\t<li>L\u00f3pez Fern\u00e1ndez MT, Pastor Torres E, S\u00e1nchez Sauco MF, Ferr\u00eds I Tortajada J, Ortega Garc\u00eda JA. <strong>Environmental health nursing. Experience in a pediatric environmental health specialty unit<\/strong>. Enferm Clin. 2009;19:43-7. <\/li>\r\n\t<li>Ortega-Garc\u00eda JA, Rodriguez K, Calatayud M, Martin M, V\u00e9lez D, Devesa V, S\u00e1nchez-Alarcon MC, Torres Cantero AM, Galindo-Cascales C, Gil-V\u00e1zquez JM, S\u00e1nchez-Sauco MF, S\u00e1nchez-Sol\u00eds M, Alfonso-Marsilla B, Romero-Braquehais F. <strong>Estimated intake levels of methylmercury in children, childbearing age and pregnant women in a Mediterranean region, Murcia, Spain<\/strong>. Eur J Pediatr. 2009;168:1075-80. <\/li>\r\n\t<li>[Cap\u00edtulo de libro] Ortega Garc\u00eda JA, Pastor Torres E, Barriuso Lapresa L, Martin M, Cayuela Garc\u00eda AM, Ferr\u00eds i Tortajada J. <strong>Contaminaci\u00f3n ambiental y alimentaci\u00f3n infantil<\/strong>. Eds: Rodr\u00edguez Salinas P\u00e9rez E, P\u00e9rez Buitrago M, Alonso Garc\u00eda LA. En: 6\u00ba Curso de Actualizaci\u00f3n en Pediatr\u00eda. 1\u00aa. 2009, pp 55-70. ISBN: 978-84-95028-89-1.<\/li>\r\n\r\n\r\n\r\n\r\n\r\n\r\n\r\n\t\t\t\t\t\t\t\t<\/div>\n\t\t\t\t<\/div>\n\t\t\t\t\t<\/div>\n\t\t<\/div>\n\t\t\t\t\t<\/div>\n\t\t<\/section>\n\t\t\t\t<\/div>\n\t\t","protected":false},"excerpt":{"rendered":"<p>Martin M, Rodriguez K, S\u00e1nchez-Sauco M, Zambudio-Carmona G, Ortega-Garc\u00eda JA. Household exposure to pesticides and bladder exstrophy in a newborn baby boy: a case report and review of the literature. J Med Case Reports. 2009;3:6626. Soldin OP, Nsouli-Maktabi H, Genkinger JM, Loffredo CA, Ortega-Garcia JA, Colantino D, Barr DB, Luban NL, Shad AT, Nelson D. &hellip; <\/p>\n<p class=\"link-more\"><a href=\"https:\/\/pehsu.org\/wp\/?page_id=604\" class=\"more-link\">Leer m\u00e1s<span class=\"screen-reader-text\"> \u00ab2009\u00bb<\/span><\/a><\/p>\n","protected":false},"author":1,"featured_media":0,"parent":377,"menu_order":0,"comment_status":"open","ping_status":"open","template":"","meta":{"inspiro_hide_title":false,"footnotes":""},"class_list":["post-604","page","type-page","status-publish","hentry"],"aioseo_notices":[],"_links":{"self":[{"href":"https:\/\/pehsu.org\/wp\/index.php?rest_route=\/wp\/v2\/pages\/604","targetHints":{"allow":["GET"]}}],"collection":[{"href":"https:\/\/pehsu.org\/wp\/index.php?rest_route=\/wp\/v2\/pages"}],"about":[{"href":"https:\/\/pehsu.org\/wp\/index.php?rest_route=\/wp\/v2\/types\/page"}],"author":[{"embeddable":true,"href":"https:\/\/pehsu.org\/wp\/index.php?rest_route=\/wp\/v2\/users\/1"}],"replies":[{"embeddable":true,"href":"https:\/\/pehsu.org\/wp\/index.php?rest_route=%2Fwp%2Fv2%2Fcomments&post=604"}],"version-history":[{"count":12,"href":"https:\/\/pehsu.org\/wp\/index.php?rest_route=\/wp\/v2\/pages\/604\/revisions"}],"predecessor-version":[{"id":3716,"href":"https:\/\/pehsu.org\/wp\/index.php?rest_route=\/wp\/v2\/pages\/604\/revisions\/3716"}],"up":[{"embeddable":true,"href":"https:\/\/pehsu.org\/wp\/index.php?rest_route=\/wp\/v2\/pages\/377"}],"wp:attachment":[{"href":"https:\/\/pehsu.org\/wp\/index.php?rest_route=%2Fwp%2Fv2%2Fmedia&parent=604"}],"curies":[{"name":"wp","href":"https:\/\/api.w.org\/{rel}","templated":true}]}}