

{"id":594,"date":"2011-08-05T10:31:01","date_gmt":"2011-08-05T08:31:01","guid":{"rendered":"http:\/\/pehsu.org\/wp\/?page_id=594"},"modified":"2024-05-24T17:31:41","modified_gmt":"2024-05-24T15:31:41","slug":"2011-2","status":"publish","type":"page","link":"https:\/\/pehsu.org\/wp\/?page_id=594","title":{"rendered":"2011-2015"},"content":{"rendered":"\t\t<div data-elementor-type=\"wp-page\" data-elementor-id=\"594\" class=\"elementor elementor-594\">\n\t\t\t\t\t\t<section class=\"elementor-section elementor-top-section elementor-element elementor-element-268c10e5 elementor-section-boxed elementor-section-height-default elementor-section-height-default\" data-id=\"268c10e5\" data-element_type=\"section\" data-e-type=\"section\">\n\t\t\t\t\t\t<div class=\"elementor-container elementor-column-gap-default\">\n\t\t\t\t\t<div class=\"elementor-column elementor-col-100 elementor-top-column elementor-element elementor-element-347601bd\" data-id=\"347601bd\" data-element_type=\"column\" data-e-type=\"column\">\n\t\t\t<div class=\"elementor-widget-wrap elementor-element-populated\">\n\t\t\t\t\t\t<div class=\"elementor-element elementor-element-4198ee5d elementor-widget elementor-widget-text-editor\" data-id=\"4198ee5d\" data-element_type=\"widget\" data-e-type=\"widget\" data-widget_type=\"text-editor.default\">\n\t\t\t\t<div class=\"elementor-widget-container\">\n\t\t\t\t\t\t\t\t\t<strong>REVISTAS CIENT\u00cdFICAS<\/strong>\r\n\t<li>Ortega Garc\u00eda JA, C\u00e1rceles \u00c1lvarez A, Vicente Calder\u00f3n C. <strong><a href=\"http:\/\/pehsu.org\/wp\/wp-content\/uploads\/deficit_naturaleza.pdf\">Trastorno por D\u00e9ficit de Naturaleza.<\/a><\/strong> Urgencias en Pediatr\u00eda. 2015;1:2-3. <\/li>\r\n\r\n\t<li>Ortega-Garc\u00eda, C\u00e1rceles-\u00c1lvarez, Cotton-Caballero A, Pastor-Torres E, C\u00e1novas-Conesa CA, Mart\u00ednez-Cayuelas E, Rivera-Pag\u00e1n GA, Pernas-Barahona A, Mart\u00ednez-Romero C,  Jim\u00e9nez Roset J, S\u00e1nchez-Sol\u00eds M. <strong><a href=\"http:\/\/pehsu.org\/wp\/wp-content\/uploads\/Nutricion_Factores_ambientales_lactancia.pdf\">Factores ambientales relacionados con la duraci\u00f3n de la lactancia: estudio de seguimiento a 1 a\u00f1o. <\/a><\/strong>Acta Pediatr Esp. 2015; 73(4): 97-104.<\/li>\r\n  \r\n<li>Ortega-Garc\u00eda JA, L\u00f3pez-Hern\u00e1ndez FA, Fuster-Soler JL, Mart\u00ednez-Lage JF. <strong>Space-time clustering in childhood nervous system tumors in the Region of Murcia, Spain, 1998-2009. <\/strong>Childs Nerv Syst. 2011. <\/li>\r\n<li>Garc\u00eda-Vald\u00e9s M, Ortega-Garc\u00eda JA, Men\u00e9ndez-Naranjo L, de la Rubia Nieto A. <strong>Use of 2,3-dimercapto-1-propanesulfonic acid in a child with severe mercury-vapour poisoning<\/strong>. Farm Hosp. 2011;35:158-160. <\/li>\r\n\t<li>Ferr\u00eds-i-Tortajada J, Garc\u00eda-i-Castell J, Berbel-Tornero O, Ortega-Garc\u00eda JA. [<strong>Constitutional risk factors in prostate cancer<\/strong>]. Actas Urol Esp. 2011;35:282-8. <\/li>\r\n<li>Ortega Garc\u00eda JA, Angulo MG, Sobrino-Najul EJ, Soldin OP, Mira AP, Mart\u00ednez-Salcedo E, Claudio L. <strong>Prenatal exposure of a girl with autism spectrum disorder to &#8216;horsetail&#8217; (Equisetum arvense) herbal remedy and alcohol: a case report<\/strong>. J Med Case Reports. 2011;5:129.<\/li>\r\n<li>Ferr\u00eds-I-Tortajada J, Berbel-Tornero O, Garcia-I-Castell J, L\u00f3pez-Andreu JA, Sobrino-Najul E, Ortega-Garc\u00eda JA. <strong>Non dietetic environmental risk factors in prostate cancer<\/strong>. Actas Urol Esp. 2011;35:289-95. <\/li>\r\n<li>Ortega-Garc\u00eda JA, L\u00f3pez-Hern\u00e1ndez FA, Sobrino-Najul E, Febo I, Fuster-Soler JL. <strong>Environment and paediatric cancer in the Region of Murcia (Spain): integrating clinical and environmental history in a geographic information system<\/strong>. An Pediatr (Barc). 2011;74:255-60.<\/li>\r\n  \r\n\r\n\r\n\r\n\r\n\r\n\t\t\t\t\t\t\t\t<\/div>\n\t\t\t\t<\/div>\n\t\t\t\t\t<\/div>\n\t\t<\/div>\n\t\t\t\t\t<\/div>\n\t\t<\/section>\n\t\t\t\t<\/div>\n\t\t","protected":false},"excerpt":{"rendered":"<p>REVISTAS CIENT\u00cdFICAS Ortega Garc\u00eda JA, C\u00e1rceles \u00c1lvarez A, Vicente Calder\u00f3n C. Trastorno por D\u00e9ficit de Naturaleza. Urgencias en Pediatr\u00eda. 2015;1:2-3. Ortega-Garc\u00eda, C\u00e1rceles-\u00c1lvarez, Cotton-Caballero A, Pastor-Torres E, C\u00e1novas-Conesa CA, Mart\u00ednez-Cayuelas E, Rivera-Pag\u00e1n GA, Pernas-Barahona A, Mart\u00ednez-Romero C, Jim\u00e9nez Roset J, S\u00e1nchez-Sol\u00eds M. Factores ambientales relacionados con la duraci\u00f3n de la lactancia: estudio de seguimiento a 1 &hellip; <\/p>\n<p class=\"link-more\"><a href=\"https:\/\/pehsu.org\/wp\/?page_id=594\" class=\"more-link\">Leer m\u00e1s<span class=\"screen-reader-text\"> \u00ab2011-2015\u00bb<\/span><\/a><\/p>\n","protected":false},"author":1,"featured_media":0,"parent":377,"menu_order":12,"comment_status":"open","ping_status":"open","template":"","meta":{"inspiro_hide_title":false,"footnotes":""},"class_list":["post-594","page","type-page","status-publish","hentry"],"aioseo_notices":[],"_links":{"self":[{"href":"https:\/\/pehsu.org\/wp\/index.php?rest_route=\/wp\/v2\/pages\/594","targetHints":{"allow":["GET"]}}],"collection":[{"href":"https:\/\/pehsu.org\/wp\/index.php?rest_route=\/wp\/v2\/pages"}],"about":[{"href":"https:\/\/pehsu.org\/wp\/index.php?rest_route=\/wp\/v2\/types\/page"}],"author":[{"embeddable":true,"href":"https:\/\/pehsu.org\/wp\/index.php?rest_route=\/wp\/v2\/users\/1"}],"replies":[{"embeddable":true,"href":"https:\/\/pehsu.org\/wp\/index.php?rest_route=%2Fwp%2Fv2%2Fcomments&post=594"}],"version-history":[{"count":17,"href":"https:\/\/pehsu.org\/wp\/index.php?rest_route=\/wp\/v2\/pages\/594\/revisions"}],"predecessor-version":[{"id":3844,"href":"https:\/\/pehsu.org\/wp\/index.php?rest_route=\/wp\/v2\/pages\/594\/revisions\/3844"}],"up":[{"embeddable":true,"href":"https:\/\/pehsu.org\/wp\/index.php?rest_route=\/wp\/v2\/pages\/377"}],"wp:attachment":[{"href":"https:\/\/pehsu.org\/wp\/index.php?rest_route=%2Fwp%2Fv2%2Fmedia&parent=594"}],"curies":[{"name":"wp","href":"https:\/\/api.w.org\/{rel}","templated":true}]}}