

{"id":377,"date":"2011-06-17T19:44:34","date_gmt":"2011-06-17T17:44:34","guid":{"rendered":"http:\/\/pehsu.org\/wp\/?page_id=377"},"modified":"2011-08-05T20:03:53","modified_gmt":"2011-08-05T18:03:53","slug":"publicaciones-cientificas","status":"publish","type":"page","link":"https:\/\/pehsu.org\/wp\/?page_id=377","title":{"rendered":"Publicaciones cient\u00edficas"},"content":{"rendered":"<p><strong>A\u00d1OS ANTERIORES<\/strong><br \/>\nFerr\u00eds I Tortajada J, Berbel Tornero O, Ortega Garc\u00eda JA, Claudio-Morales L, Garc\u00eda I Castell J, Mart\u00ed Perales V, Miranda Casas L.<br \/>\nRisk factors for pediatric malignant bone tumors. An Pediatr (Barc). 2005;63:537-47. <\/p>\n<p>Ortega Garc\u00eda JA, Ferris i Tortajada J, Claudio Morales L, Berbel Tornero O.<br \/>\nPediatric environmental health specialty units in Europe: from theory to practice. An Pediatr (Barc). 2005 Aug;63(2):143-51.<br \/>\nOrtega Garc\u00eda JA, Delgado Rubio A. Pediatric environmental health in Spain. Where are the pediatricians? An Pediatr (Barc). 2005 Aug;63(2):107-8.<br \/>\nFerr\u00eds i Tortajada J, Ortega Garc\u00eda JA, Garc\u00eda i Castell J, L\u00f3pez Andreu JA, Berbel Tornero O, Crehu\u00e1 Gaudiza E.<br \/>\nRisk factors for neuroblastoma. An Pediatr (Barc). 2005 Jul;63(1):50-60.<br \/>\n[Cap\u00edtulo de libro] Ferr\u00eds i Tortajada J, Garc\u00eda i Castell J, Ortega Garc\u00eda JA, et al. La etiolog\u00eda del c\u00e1ncer pedi\u00e1trico.  En Sierrasesumaga L (ed) Tratado de Oncolog\u00eda Pedi\u00e1trica.  Enfermedades malignas del ni\u00f1o y del adolescente . Pearson Educativa, Buenos Aires, 2005 (9788420542485)<br \/>\n[Cap\u00edtulo de libro] Ferr\u00eds i Tortajada J, Garc\u00eda i Castell J, Ortega Garc\u00eda JA, et al. Prevenci\u00f3n pedi\u00e1trica del c\u00e1ncer adulto. En Madero L\u00f3pez (ed) Hematolog\u00eda y Oncolog\u00eda Pedi\u00e1trica (2\u00aaed). Erg\u00f3n, Madrid, 2005. (84-8473-367-X)<br \/>\nOrtega Garc\u00eda JA, Ferr\u00eds i Tortajada J. Factores medioambientales y c\u00e1ncer pedi\u00e1trico. Viure Salut 2005; 66:8-9.<br \/>\nOrtega Garc\u00eda JA, Ferr\u00eds i Tortajada J. Neurot\u00f3xicos medioambientales (I). Pesticidas: efectos adversos en el sistema nervioso fetal y postnatal. ,Acta Pediatr Esp 2005; 63:140-149.<br \/>\nOrtega Garc\u00eda JA, Ferr\u00eds i Tortajada. Neurot\u00f3xicos medioambientales (II). Metales: efectos adversos en el sistema nervioso fetal y postnatal. Acta Pediatr Esp 2005;63:182-192.<br \/>\nOrtega Garc\u00eda JA, Ferr\u00eds i Tortajada. Neurotoxicos Medioambientales (III). Organoclorados, organobromados y bisfenol A:efectos adversos em el sistema nervioso fetal y posnatal. Acta Pediatr Esp 2005;63:429-436<\/p>\n<p> 2004<\/p>\n<p>Ortega Garc\u00eda JA, Ferr\u00eds i Tortajada J, Marco Maci\u00e1n A, Berbel Tornero O. Paediatric Environmental Health Speciality Units in Europe. For When?. Eur J Pediatr 2004;163: 337-338.<br \/>\nFerr\u00eds i Tortajada J, Ortega Garc\u00eda JA, Marco Maci\u00e1n A, Garc\u00eda i Castell J. Medio ambiente y c\u00e1ncer pedi\u00e1trico. An Pediatr 2004;61:42-50.<br \/>\nFerris i Tortajada J, Ortega Garc\u00eda JA, L\u00f3pez Ibor Ali\u00f1o B. La etiolog\u00eda y la prevenci\u00f3n del c\u00e1ncer pedi\u00e1trico. An Pediatr 2004;61:1-4.<br \/>\nFerris i Tortajada J, Ortega Garc\u00eda JA, L\u00f3pez Andreu JA, Berbel Tornero O, Marco Maci\u00e1n A, Garc\u00eda i Castell J. Tabaquismo parental y c\u00e1ncer pedi\u00e1trico. Rev Esp Pediatr 2004; 60:225-236.<br \/>\nOrtega Garc\u00eda JA, Ferr\u00eds i Tortajada J, Marco Maci\u00e1n A. Necesidad emergente de las unidades de Salud Medioambiental Pedi\u00e1tricas. Rev Esp Pediatr 2004;60:177.<br \/>\nOrtega Garc\u00eda JA, Carrizo Gallardo D, Ferr\u00eds i Tortajada J, Marco Maci\u00e1n A, Grimalt JO. Meconio y exposici\u00f3n prenatal a neurot\u00f3xicos. Rev Esp Pediatr 2004;60:291-296.<br \/>\nOrtega Garc\u00eda JA, Ferr\u00eds i Tortajada J, L\u00f3pez Andreu JA. Industria tabaquera: Riesgo Infantojuvenil. Rev Esp Pediatr 2004;60:127-140.<\/p>\n<p> 2003<\/p>\n<p> Ferris i Tortajada J, Berbel Tornero O, Ortega Garc\u00eda JA, L\u00f3pez Andreu JA, Garc\u00eda i Castell J, Balaguer Guill J, Aliaga Vera J. Factores de riesgo de los tumores renales malignos pedi\u00e1tricos. Rev Esp Pediatr 2003;59:527-536.<br \/>\nJ. Ferr\u00eds i Tortajada, J.A. Ortega Garc\u00eda, J.A. L\u00f3pez Andreu, J. Garcia i Castell, J. Aliaga Vera, A. C\u00e1novas Conesa, V. Ferr\u00eds i Garcia. Autobuses escolares y motores diesel: contaminaci\u00f3n atmosf\u00e9rica, exposici\u00f3n pedi\u00e1trica y efectos adversos en la salud humana. Rev Esp Pediatr 2003;59:132-145.<br \/>\nOrtega Garc\u00eda JA, Ferr\u00eds i Tortajada J, L\u00f3pez Andreu JA, Marco Maci\u00e1n A, J. Garc\u00eda i Castell,A. C\u00e1novas Conesa, A. Ort\u00ed Mart\u00edn, E Ibiza Palacios, F. Molina Gonz\u00e1lez, D. Lorente Ortega. Hospitales sostenibles (parte II). Mercurio: exposici\u00f3n pedi\u00e1trica. Efectos adversos en la salud humana y medidas preventivas. Rev Esp Pediatr 2003;59:274-291. <\/p>\n<p> 2002<\/p>\n<p>Prevenci\u00f3n pedi\u00e1trica del c\u00e1ncer: factores diet\u00e9ticos. Rev Esp Pediatr 2002; 58:406-412<br \/>\nSalud medioambiental pedi\u00e1trica: un nuevo reto profesional. Rev Esp Pediatr 2002; 58:304-314.<br \/>\nPoluci\u00f3n atmosf\u00e9rica por contaminantes qu\u00edmicos.  Pediatr Integral 2002;5:56-60. La importancia de los contaminantes atmosf\u00e9ricos, dom\u00e9sticos como el tabaquismo, part\u00edculas diesel..<br \/>\n Contaminantes medio-ambientales en la alimentaci\u00f3n. Pediatr Integral 2002;5:69-76.<br \/>\n Hospitales sostenibles (1\u00aa parte). Exposici\u00f3n pedi\u00e1trica a cloruro de polivinilo y ftalatos. Medidas preventivas.  Rev Esp Pediatr 2002; 58:251-266.<br \/>\nEditorial: hacia una asistencia m\u00e1s saludable Rev Esp Pediatr 2002; 58:225-227.<br \/>\n Primun non nocere: el ni\u00f1o ante las agresiones ambientales de la actividad pedi\u00e1trica An Esp Pediatr 2002;56:375-381.<br \/>\nIntroducci\u00f3n: el ni\u00f1o y el medioambiente  An Esp Pediatr 2002;56:353-359.<br \/>\n Formaci\u00f3 Continuada en salud medioambiental infantil  Rev Catal Pediatr 2002<br \/>\n El pediatra, el tabaco y la educaci\u00f3n para la salud An Esp Pediatr 2002;56:116-117<br \/>\n Profesionales sanitarios pedi\u00e1tricos y salud medioambiental An Esp Pediatr 2002;56:<br \/>\n   Adolescente: Salud y Justicia ambiental. Bol Soc Val Pediatr 2002;22:94-99.<br \/>\n   Tabaquismo en la adolescencia: inicio de una adicci\u00f3n.  Bol Soc Val Pediatr 2002;22:82-89<br \/>\n   \u00bfEs necesario un registro de radiaciones en los ni\u00f1os?  Bol Soc Val Pediatr 2002;22:186<br \/>\n   Intoxicaci\u00f3n por mon\u00f3xido de carbono: el asesino silencioso. Bol Soc Val Pediatr 2002;22:129.<br \/>\n   Carta al director. Pedi\u00e1trika 2002;22:41-42. <\/p>\n<p> 2001<\/p>\n<p>  Carta al director  Rev Esp Pediatr 2001;57:546-547.<br \/>\n   El pediatra y la incineraci\u00f3n de residuos s\u00f3lidos. Conceptos b\u00e1sicos y efectos adversos en la salud humana. Rev Esp Pediatr 2001;57:473-490.<br \/>\n   El pediatra ante el Desarrollo Sostenible y el Cambio Clim\u00e1tico Global  Rev Esp Pediatr 2001;vol 57: 287-298.<br \/>\n   Enfermedades asociadas a la poluci\u00f3n atmosf\u00e9rica por combustibles f\u00f3siles.Aspectos pedi\u00e1tricos Rev Esp Pediatr 2001, vol 57: 213-225.<br \/>\n   Factores de riesgo asociados a sarcomas de partes blandas pedi\u00e1tricos  (Rev Esp Pediatr 2001 ,Vol 57: 445-457)<br \/>\n   Micotoxinas y c\u00e1ncer pedi\u00e1trico. Rev Esp Pediatr 2001;57:279-280.<br \/>\n   Factores de riesgo para los linfomas de Hodgkin. An Esp Pediatr 2001;55:239-243.<br \/>\n   Factores de riesgo para los linfomas no hodgkinianos. An Esp Pediatr 2001;55:230-238.<br \/>\n   Dieta y cancer pedi\u00e1trico. Rev Esp Pediatr 2001;57:75-92. <\/p>\n<p> A\u00d1OS ANTERIORES<\/p>\n<p> Factores de riesgo para los tumores del sistema nervioso central en la infancia. Rev Esp Pediatr 1999; 55:203-214. <\/p>\n<p> Factores de riesgo para las leucemias agudas infantiles. An Esp Pediatr 1999;50:439-446. <\/p>\n<p> Prenatal Exposure to metronidazole and risk of Chilhdood Cancer. Cancer 1999;85:2494-2495. <\/p>\n<p>&#8212;&#8212;&#8212;&#8212;&#8212;&#8212;&#8212;&#8212;&#8212;&#8212;&#8212;&#8212;&#8212;&#8212;&#8212;&#8212;&#8212;&#8212;&#8212;&#8212;&#8212;&#8212;&#8212;&#8212;&#8212;&#8212;&#8211;<\/p>\n<p>Factores ambientales asociados a c\u00e1nceres pedi\u00e1tricos. Rev Esp Pediatr 1999;55:166-177. <\/p>\n<p>Factores gen\u00e9ticos asociados a c\u00e1nceres pedi\u00e1tricos. An Esp Pediatr 1999;50:4-13. <\/p>\n<p>Etiopatogenia de los c\u00e1nceres pedi\u00e1tricos. Parte II. Rev Esp Pediatr 1998;54:526-533. <\/p>\n<p>Etiopatogenia de los c\u00e1nceres pedi\u00e1tricos. Parte I. Rev Esp Pediatr 1998; 54:245-252. <\/p>\n<p>Oncog\u00e9nesis microbiana. La prevenci\u00f3n pedi\u00e1trica. Acta Pediatr Esp 1998; 56:212-217. <\/p>\n<p>Radiaciones electromagn\u00e9ticas y cancer pedi\u00e1trico. Conceptos b\u00e1sicos. Rev Esp Pediatr 1998;54:37 <\/p>\n<p>Aspectos psicol\u00f3gicos en la prevenci\u00f3n oncol\u00f3gica. Rev Esp Pediatr 1997;53.344-350. <\/p>\n<p>Pediatricians and cancer Prevention. (letter). Arch Pediatr Adolesc Med 1997;151:209. <\/p>\n<p>Agentes f\u00edsicos y qu\u00edmicos carcin\u00f3genos. La prevenci\u00f3n pedi\u00e1trica. Rev Esp Pediatr 1996;52:495-501. <\/p>\n<p>Virus oncog\u00e9nicos. La prevenci\u00f3n pedi\u00e1trica. (parte II). Rev Esp Pediatr 1996;52:446-452. <\/p>\n<p>Virus oncog\u00e9nicos. La prevenci\u00f3n pedi\u00e1trica. (parte I). Rev Esp Pediatr 1996; 52: 437-445. <\/p>\n<p>El pediatra y la prevenci\u00f3n oncol\u00f3gica. Factores diet\u00e9ticos y tabaquismo. An Esp Pediatr 1996;45:6-13. <\/p>\n<p>Tabaquismo como factor de riesgo para la enfermedad cardiovascular. Prevenci\u00f3n pedi\u00e1trica Rev Esp Pediatr 1999;55:457-467 <\/p>\n<p>Tabaquismo infantil. \u00bfFumadores pasivos o pediatras pasivos? Acta Pediatr Esp 1998;56:620-624. <\/p>\n<p>Enfermedades pedi\u00e1tricas asociadas al tabaquismo pasivo. An Esp Pediatr 1998;49:339-347. <\/p>\n<p>Tratamiento del tabaquismo. Aspectos pedi\u00e1tricos. An Esp Pediatr 1997;47:346-352.<br \/>\nEl pediatra y la prevenci\u00f3n oncol\u00f3gica. Factores diet\u00e9ticos y tabaquismo. An Esp Pediatr 1996;45:6-13. <\/p>\n<li>Factores de riesgo para los tumores del sistema nervioso central en la infancia. Rev Esp Pediatr 1999; 55:203-214.<\/li>\n<li><a href=\"http:\/\/pehsu.org\/wp\/pdf\/leucemias.pdf\">Factores de riesgo para las leucemias agudas infantiles. <\/a>An Esp Pediatr 1999;50:439-446.<\/li>\n<li>Prenatal Exposure to metronidazole and risk of Chilhdood Cancer. Cancer 1999;85:2494-2495.<\/li>\n<li>Factores ambientales asociados a c\u00e1nceres pedi\u00e1tricos. Rev Esp Pediatr 1999;55:166-177.<br \/>\nFactores gen\u00e9ticos asociados a c\u00e1nceres pedi\u00e1tricos. An Esp Pediatr 1999;50:4-13.<br \/>\nEtiopatogenia de los c\u00e1nceres pedi\u00e1tricos. Parte II. Rev Esp Pediatr 1998;54:526-533.<br \/>\nEtiopatogenia de los c\u00e1nceres pedi\u00e1tricos. Parte I. Rev Esp Pediatr 1998; 54:245-252.<br \/>\nOncog\u00e9nesis microbiana. La prevenci\u00f3n pedi\u00e1trica. Acta Pediatr Esp 1998; 56:212-217.<br \/>\nRadiaciones electromagn\u00e9ticas y cancer pedi\u00e1trico. Conceptos b\u00e1sicos. Rev Esp Pediatr 1998;54:37<br \/>\nAspectos psicol\u00f3gicos en la prevenci\u00f3n oncol\u00f3gica. Rev Esp Pediatr 1997;53.344-350.<br \/>\nPediatricians and cancer Prevention. (letter). Arch Pediatr Adolesc Med 1997;151:209.<br \/>\nAgentes f\u00edsicos y qu\u00edmicos carcin\u00f3genos. La prevenci\u00f3n pedi\u00e1trica. Rev Esp Pediatr 1996;52:495-501.<br \/>\nVirus oncog\u00e9nicos. La prevenci\u00f3n pedi\u00e1trica. (parte II). Rev Esp Pediatr 1996;52:446-452.<br \/>\nVirus oncog\u00e9nicos. La prevenci\u00f3n pedi\u00e1trica. (parte I). Rev Esp Pediatr 1996; 52: 437-445.<br \/>\nEl pediatra y la prevenci\u00f3n oncol\u00f3gica. Factores diet\u00e9ticos y tabaquismo. An Esp Pediatr 1996;45:6-13.<br \/>\nTabaquismo como factor de riesgo para la enfermedad cardiovascular. Prevenci\u00f3n pedi\u00e1trica Rev Esp Pediatr 1999;55:457-467<br \/>\nTabaquismo infantil. \u00bfFumadores pasivos o pediatras pasivos? Acta Pediatr Esp 1998;56:620-624.<br \/>\nEnfermedades pedi\u00e1tricas asociadas al tabaquismo pasivo. An Esp Pediatr 1998;49:339-347.<br \/>\nTratamiento del tabaquismo. Aspectos pedi\u00e1tricos. An Esp Pediatr 1997;47:346-352.<br \/>\nEl pediatra y la prevenci\u00f3n oncol\u00f3gica. Factores diet\u00e9ticos y tabaquismo. An Esp Pediatr 1996;45:6-13.<\/li>\n","protected":false},"excerpt":{"rendered":"<p>A\u00d1OS ANTERIORES Ferr\u00eds I Tortajada J, Berbel Tornero O, Ortega Garc\u00eda JA, Claudio-Morales L, Garc\u00eda I Castell J, Mart\u00ed Perales V, Miranda Casas L. Risk factors for pediatric malignant bone tumors. An Pediatr (Barc). 2005;63:537-47. Ortega Garc\u00eda JA, Ferris i Tortajada J, Claudio Morales L, Berbel Tornero O. Pediatric environmental health specialty units in Europe: &hellip; <\/p>\n<p class=\"link-more\"><a href=\"https:\/\/pehsu.org\/wp\/?page_id=377\" class=\"more-link\">Leer m\u00e1s<span class=\"screen-reader-text\"> \u00abPublicaciones cient\u00edficas\u00bb<\/span><\/a><\/p>\n","protected":false},"author":1,"featured_media":0,"parent":0,"menu_order":1,"comment_status":"open","ping_status":"open","template":"","meta":{"inspiro_hide_title":false,"footnotes":""},"class_list":["post-377","page","type-page","status-publish","hentry"],"aioseo_notices":[],"_links":{"self":[{"href":"https:\/\/pehsu.org\/wp\/index.php?rest_route=\/wp\/v2\/pages\/377","targetHints":{"allow":["GET"]}}],"collection":[{"href":"https:\/\/pehsu.org\/wp\/index.php?rest_route=\/wp\/v2\/pages"}],"about":[{"href":"https:\/\/pehsu.org\/wp\/index.php?rest_route=\/wp\/v2\/types\/page"}],"author":[{"embeddable":true,"href":"https:\/\/pehsu.org\/wp\/index.php?rest_route=\/wp\/v2\/users\/1"}],"replies":[{"embeddable":true,"href":"https:\/\/pehsu.org\/wp\/index.php?rest_route=%2Fwp%2Fv2%2Fcomments&post=377"}],"version-history":[{"count":18,"href":"https:\/\/pehsu.org\/wp\/index.php?rest_route=\/wp\/v2\/pages\/377\/revisions"}],"predecessor-version":[{"id":571,"href":"https:\/\/pehsu.org\/wp\/index.php?rest_route=\/wp\/v2\/pages\/377\/revisions\/571"}],"wp:attachment":[{"href":"https:\/\/pehsu.org\/wp\/index.php?rest_route=%2Fwp%2Fv2%2Fmedia&parent=377"}],"curies":[{"name":"wp","href":"https:\/\/api.w.org\/{rel}","templated":true}]}}