

{"id":374,"date":"2011-06-17T19:44:04","date_gmt":"2011-06-17T17:44:04","guid":{"rendered":"http:\/\/pehsu.org\/wp\/?page_id=374"},"modified":"2024-05-23T20:10:16","modified_gmt":"2024-05-23T18:10:16","slug":"proyecto-investigacion","status":"publish","type":"page","link":"https:\/\/pehsu.org\/wp\/?page_id=374","title":{"rendered":"L\u00edneas de Invest"},"content":{"rendered":"\t\t<div data-elementor-type=\"wp-page\" data-elementor-id=\"374\" class=\"elementor elementor-374\">\n\t\t\t\t\t\t<section class=\"elementor-section elementor-top-section elementor-element elementor-element-2ba7d4c6 elementor-section-boxed elementor-section-height-default elementor-section-height-default\" data-id=\"2ba7d4c6\" data-element_type=\"section\" data-e-type=\"section\">\n\t\t\t\t\t\t<div class=\"elementor-container elementor-column-gap-default\">\n\t\t\t\t\t<div class=\"elementor-column elementor-col-100 elementor-top-column elementor-element elementor-element-6e4b96b0\" data-id=\"6e4b96b0\" data-element_type=\"column\" data-e-type=\"column\">\n\t\t\t<div class=\"elementor-widget-wrap elementor-element-populated\">\n\t\t\t\t\t\t<div class=\"elementor-element elementor-element-6fe53e75 elementor-widget elementor-widget-text-editor\" data-id=\"6fe53e75\" data-element_type=\"widget\" data-e-type=\"widget\" data-widget_type=\"text-editor.default\">\n\t\t\t\t<div class=\"elementor-widget-container\">\n\t\t\t\t\t\t\t\t\t\n<p><\/p>\n\n\n<p>L\u00edneas de investigaci\u00f3n del Environment &amp; Human Health Lab (Grupo de Investigaci\u00f3n de Salud Medioambiental Pedi\u00e1trica, A5, IMIB-Arrixaca).\u00a0<\/p>\n<p><a href=\"http:\/\/pediatr.imib.es\/grupoinvestigacion\/index.jsf\" target=\"_blank\" rel=\"noreferrer noopener\" data-rich-text-format-boundary=\"true\">GRUPO DE INVESTIGACI\u00d3N IMIB-ARRIXACA<\/a>\u00a0<\/p>\n<ul>\n<li>1. <strong>ENTORNO, UNA MIRADA SOCIAL Y ADICCIONES EN MENORES.<br \/><\/strong><br \/>Hoja Verde. Creando ambientes m\u00e1s saludables durante el embarazo y la lactancia. Desarrollar de la Hoja Verde, una herramienta de cribado para detectar, informar y reducir y\/o eliminar los principales riesgos medioambientales para un desarrollo \u00f3ptimo del feto y periodo de crianza.<br \/>m-Health (salud m\u00f3vil): Hoja Verde de embarazo y lactancia. Creando ambientes m\u00e1s saludables para la infancia. Crear una herramienta sencilla de e-health para estimular el autocuidado y mejora de la salud durante la preparaci\u00f3n del embarazo, lactancia y etapa infanto-juvenil. Podr\u00e1 ser realizada por las propias parejas embarazadas y profesionales.<br \/>Nacer y Crecer sin OH. Estudio sobre el crecimiento y neurodesarrollo de ni\u00f1os y ni\u00f1as en riesgo por la exposici\u00f3n prenatal y postnatal a neurot\u00f3xicos medioambientales en general y con especial atenci\u00f3n al alcohol y otras drogas. Es un proyecto de investigaci\u00f3n para la prevenci\u00f3n, disminuci\u00f3n de da\u00f1o y manejo de los trastornos neurocomportamentales asociados con la exposici\u00f3n prenatal a alcohol y otras drogas a trav\u00e9s de la salud medioambiental pedi\u00e1trica desde el inicio del embarazo hasta el final de la adolescencia. Sus objetivos principales son:<br \/>Estimar la prevalencia de exposici\u00f3n a neurot\u00f3xicos ambientales en general, y a alcohol y otras drogas ilegales en particular, al inicio del embarazo en la Regi\u00f3n de Murcia.<br \/>Analizar los trastornos en el crecimiento y neurodesarrollo por la exposici\u00f3n prenatal a alcohol y otras drogas ilegales asociados en los ni\u00f1os y ni\u00f1as en riesgo y la interacci\u00f3n con otros factores medioambientales en la Regi\u00f3n de Murcia.<br \/>Estimar la prevalencia de los trastornos del espectro alcoh\u00f3lico fetal en la Regi\u00f3n de Murcia.<br \/>ELIJO M\u00c1S SANO: Registro y cohorte de ni\u00f1os\/as en riesgo por exposici\u00f3n a Alcohol y otras Drogas. Acr\u00f3nimo que significa: (embarazo, lactancia infancia y j\u00f3venes m\u00e1s sanos, sin alcohol ni otras drogas). Este proyecto permite la detecci\u00f3n, registro y manejo de los trastornos del espectro alcoh\u00f3lico fetal y otros trastornos neurocomportamentales por exposici\u00f3n prenatal a alcohol y otras drogas, con seguimiento hasta el final de la adolescencia. Las embarazadas detectadas mediante la Hoja Verde con criterios de alto riesgo por exposici\u00f3n prenatal a alcohol y otras drogas, pasan al programa de seguimiento. Conlleva tres acciones:<br \/>Identificaci\u00f3n de los embarazos y reci\u00e9n nacidos con criterios de alto riesgo por exposici\u00f3n a alcohol y otras drogas.<br \/>Detecci\u00f3n y diagn\u00f3stico de los ni\u00f1os y adolescentes con s\u00edndrome alcoh\u00f3lico fetal o con trastornos asociados y del neurocomportamiento por la red socio-sanitaria-educativa.<br \/>Intervenci\u00f3n individualizada para la disminuci\u00f3n del da\u00f1o.<\/li>\n<\/ul>\n<hr \/>\n<ul>\n<li><strong>2. MEDIO AMBIENTE Y SUPERVIVIENTES DE C\u00c1NCER PEDI\u00c1TRICO.<br \/><\/strong><br \/>PLASESCAP \u2013 mur (Programa de Largo Seguimiento de Supervivientes de C\u00e1ncer Pedi\u00e1trico en la Regi\u00f3n de Murcia). Programa creado con la finalidad de mejorar la calidad ambiental y de vida de los supervivientes de c\u00e1ncer pedi\u00e1trico mediante la creaci\u00f3n de ambientes m\u00e1s saludables y la detecci\u00f3n precoz de efectos tard\u00edos. Sus objetivos principales son:<br \/>Disminuir los riesgos relacionados con la enfermedad y los tratamientos utilizados.<br \/>Abordar la disminuci\u00f3n de los factores de riesgo medioambientales y promocionar estilos de vida saludables para ayudar a mejorar la calidad ambiental y de vida del paciente y su entorno.<br \/>MACAPEMUR (Medio Ambiente y C\u00e1ncer Pedi\u00e1trico en la Regi\u00f3n de Murcia). Es un proyecto para el desarrollo de la Historia Cl\u00ednica Medioambiental Pedi\u00e1trica (HCMAP) en los ni\u00f1os y ni\u00f1as diagnosticados con c\u00e1ncer. La HCMAP permite identificar la exposici\u00f3n a factores de riesgo y\/o de protecci\u00f3n relacionados con la aparici\u00f3n del c\u00e1ncer. Su principal objetivo es conocer la frecuencia de los factores de riesgo medioambientales y constitucionales asociados al c\u00e1ncer pedi\u00e1trico. Permitir\u00e1 formular hip\u00f3tesis para futuros estudios epidemiol\u00f3gicos.<br \/>GEOMACAPEMUR. Es un proyecto de investigaci\u00f3n que integra la HCMAP en los sistemas de informaci\u00f3n geogr\u00e1fica para crear mapas de incidencia y analizar la distribuci\u00f3n geogr\u00e1fica del c\u00e1ncer pedi\u00e1trico en la Regi\u00f3n de Murcia. La georreferenciaci\u00f3n del c\u00e1ncer pedi\u00e1trico es una herramienta \u00fatil para identificar cl\u00fasteres de casos que permitan plantear hip\u00f3tesis sobre las causas que originan la enfermedad y desarrollar modelos urbanos de vigilancia ambiental del c\u00e1ncer pedi\u00e1trico.<\/li>\n<\/ul>\n<hr \/>\n<ul>\n<li><strong>3. MAR MENOR, SALUD HUMANA Y BIENESTAR LAB<\/strong>\n<p>1. Investigar para mejorar el conocimiento del impacto sobre la salud p\u00fablica de las interacciones humanas con el Mar Menor.<br \/>o Investigaci\u00f3n centrada tanto en las consecuencias negativas para la salud humana, derivadas de los cambios, da\u00f1os y degradaci\u00f3n de los ecosistemas costeros del Mar Menor como resultado del cambio clim\u00e1tico, desastres naturales o actividad humana.<br \/>2. Investigar los procesos involucrados en el transporte y transmisi\u00f3n de toxinas biog\u00e9nicas y antropog\u00e9nicas desde el medio marino a los humanos.<br \/>o Esto incluye el impacto del consumo de alimentos procedentes del mar contaminados o toxinas biog\u00e9nicas. Una capacidad predictiva efectiva para el estudio del impacto ambiental en la salud y bienestar humano solo puede ser desarrollo a trav\u00e9s del desarrollo de un equipo que incluye profesionales de las ciencias de la naturaleza, sociales, econ\u00f3micas, salud ambiental y comunitaria.<br \/>3. Explorar los beneficios para el bienestar humano de interactuar con el ambiente costero del Mar Menor.<br \/>o Contribuyendo a la creciente evidencia cient\u00edfica sobre los beneficios para la salud humana del contacto e interacci\u00f3n con la naturaleza y el medio ambiente costero y marino.<br \/>o Utilizar el Mar Menor y sus recursos como agentes terape\u00faticos y rehabilitadores de las enfermedades cr\u00f3nicas.<br \/>o Incrementar el contacto con el Ecosistema Litoral y Mar Menor y estudiar los efectos en el desarrollo \u00f3ptimo de los individuos (durante la etapa fetal-infanto-juvenil) del contacto con los fauna, flora, espacio natural y experiencias en el ecosistema litoral Mar Menor.<br \/>o Desarrollar una gu\u00eda de acci\u00f3n ambiental escolar enfocada en el Mar Menor (Salud Ambiental Escolar)<\/p>\n<hr \/><\/li>\n<li><strong>4. ENTORNO Y SALUD HUMANA. CONTACTO CON LA NATURALEZA.<\/strong>\n<p>Describir y analizar los efectos del autocuidado y contacto con la naturaleza como herramientas preventivas y terap\u00e9uticas para alcanzar cuotas de bienestar y salud de los ciudadanos, con especial foco desde el embarazo hasta el final de la adolescencia en la creaci\u00f3n de ambientes m\u00e1s saludables para la prevenci\u00f3n de drogas legales e ilegales.<br \/>Estudiar los efectos en el desarrollo \u00f3ptimo de los individuos en desarrollo (fetal-infanto-juvenil) del contacto con los animales, los \u00e1rboles y espacios naturales, vegetaci\u00f3n, flores, experiencias en la naturaleza. Efectos a estudiar del contacto con la naturaleza en:<br \/>Violencia y delincuencia (embarazo, lactancia, infancia, adolescencia).<br \/>Drogas legales e ilegales (embarazo, lactancia, infancia, adolescencia).<br \/>Bienestar y desarrollo \u00f3ptimo (embarazo, lactancia, infancia, adolescencia).<br \/>Mejora de la calidad de vida y supervivencia en los pacientes con c\u00e1ncer (infantil, adolescente y del adulto -mama y pr\u00f3stata).<br \/>Desarrollo neurol\u00f3gico: motor, atenci\u00f3n, aprendizaje, rendimiento escolar, funciones ejecutivas y de autocontrol.<br \/>Algunas acciones:<br \/>Bosques para la salud. Un ni\u00f1o, un \u00e1rbol. Este proyecto colaborativo entre las Direcciones Generales de Atenci\u00f3n al Ciudadano y Drogodependencias, de Medio Ambiente y la de Asistencia Sanitaria, pretende que cada ni\u00f1o y ni\u00f1a de la Comunidad Aut\u00f3noma de la Regi\u00f3n de Murcia nazca y crezca vinculado a un \u00e1rbol, incorporando un \u201cbosque para la salud\u201d a cada uno de los hospitales con maternidad.<br \/>Contacto con la naturaleza en grupos de riesgo.<\/p>\n<\/li>\n<\/ul>\n<hr \/>\n<ul>\n<li><strong>5. MEDIO AMBIENTE Y LACTANCIA MATERNA.<\/strong>\n<p>MALAMA (Medio Ambiente y Lactancia Materna). Estudio longitudinal de 350 parejas madre-reci\u00e9n nacidos \u201csaludables al nacimiento\u201d en la Regi\u00f3n de Murcia, sobre el ecosistema de la LM que estudia los factores de riesgo y de protecci\u00f3n medioambiental (f\u00edsicos, qu\u00edmicos, biol\u00f3gicos, sociales, ps\u00edquicos) relacionados con la calidad, instauraci\u00f3n y duraci\u00f3n de la LM. Este proyecto permite conocer la situaci\u00f3n actual y poder evaluar el impacto de la lactancia en el desarrollo \u00f3ptimo de la infancia en la Regi\u00f3n de Murcia.<br \/>5. ENFERMER\u00cdA MEDIOAMBIENTAL. SALUD MEDIOAMBIENTAL ESCOLAR.<\/p>\n<p>Desarrollo del perfil profesional de cuidado y atenci\u00f3n de enfermer\u00eda medioambiental en general, con especial desarrollo a la investigaci\u00f3n en salud ambiental escolar:<\/p>\n<p>Comprender la especial vulnerabilidad de la infancia a los t\u00f3xicos medioambientales en general, y en el medio escolar en particular.<br \/>Identificar de forma b\u00e1sica los principales riesgos medioambientales en la escuela.<br \/>Reconocer alguno de los efectos relacionados en la salud infanto-juvenil con las exposiciones medioambientales en el medio escolar y a implementar medidas de protecci\u00f3n.<br \/>Adquirir habilidades para el desarrollo de una gu\u00eda de acci\u00f3n en salud medioambiental escolar en el \u00e1mbito de la educaci\u00f3n formal.<br \/>Contribuir a mejorar la calidad ambiental y de vida de la infancia y la adolescencia.<\/p>\n<\/li>\n<\/ul>\n<hr \/>\n<ul>\n<li><strong>6. PEDIATR\u00cdA Y TABAQUISMO<\/strong>\n<p>FQ y Tabaquismo. Proyecto cient\u00edfico de intervenci\u00f3n en una cohorte de pacientes con fibrosis qu\u00edstica (FQ) registrados en la Unidad Regional de FQ del Hospital Cl\u00ednico Universitario Virgen de la Arrixaca en la Regi\u00f3n de Murcia. Se realiza un estudio de seguimiento e intervenci\u00f3n con un programa integrativo de cesaci\u00f3n tab\u00e1quica con terapia telef\u00f3nica proactiva y breve.<\/p>\n<\/li>\n<\/ul>\n<hr \/>\n<ul>\n<li><strong>7. GESTI\u00d3N MEDIOAMBIENTAL DE CENTROS SANITARIOS.<\/strong>\n<p>Disminuir y eliminar todo tipo de contaminaci\u00f3n en las pr\u00e1cticas sanitarias, mejorando la calidad asistencial de los usuarios y la seguridad de los trabajadores en los centros sanitarios con el m\u00e1ximo respeto del entorno social y natural donde est\u00e1n ubicados.<\/p>\n<p>Divulgar los principales contaminantes medioambientales derivados la actividad en los centros y fundamentalmente en la b\u00fasqueda de alternativas m\u00e1s saludables y seguras.<br \/>Disminuir, buscar alternativas y eliminar todo tipo de contaminaci\u00f3n en las pr\u00e1cticas sanitarias<br \/>Promover el uso de pr\u00e1cticas razonables para la prevenci\u00f3n de la contaminaci\u00f3n.<br \/>Apoyar el desarrollo y empleo de materiales, tecnolog\u00eda y productos ecol\u00f3gicamente seguros.<br \/>Educar e informar a las instituciones pol\u00edtico-sanitarias, proveedores, trabajadores, consumidores, estudiantes y a todos los sectores afectados con especial atenci\u00f3n a la infancia sobre los impactos en la salud medioambiental de la actividad sanitaria y las soluciones a estos problemas<br \/>Colaborar en la promoci\u00f3n y despliegue de una pol\u00edtica activa para disminuir el uso y exposici\u00f3n a drogas legales e ilegales en el entorno sanitario.<\/p>\n<\/li>\n<\/ul>\n<hr \/>\n<ul>\n<li><strong>8. BOSQUES PARA LA SALUD. CONTACTO LA NATURALEZA.<\/strong><br \/>Objetivos Generales de los Bosques para Salud:<br \/>1. Fomentar el v\u00ednculo y el apego con la naturaleza de las parejas embarazadas y sus futuros hijos e hijas de la Regi\u00f3n de Murcia, desde el momento del embarazo y su nacimiento en las maternidades hasta el final de la adolescencia.<br \/>2. Estimular el autocuidado y contacto con la naturaleza como herramientas preventivas y terap\u00e9uticas para alcanzar cuotas de bienestar y salud de los ciudadanos, con especial foco de atenci\u00f3n desde la infancia y adolescencia a la creaci\u00f3n de ambientes m\u00e1s saludables para la prevenci\u00f3n de drogas legales e ilegales.<br \/>Objetivos espec\u00edficos:<br \/>o Ayudar a los ni\u00f1os, familias y profesionales a comprender que todo en la vida est\u00e1 interconectado desde el nacimiento y a desarrollar la disposici\u00f3n innata de los ni\u00f1os al respeto, la empat\u00eda, la compasi\u00f3n y el amor<br \/>o Estimular factores de protecci\u00f3n para prevenir, reducir o eliminar las exposiciones o efectos de los t\u00f3xicos medioambientales, con especial atenci\u00f3n a la neurotoxicidad que suponen las drogas legales e ilegales.<br \/>o Proponer actividades en la naturaleza y contacto con vegetaci\u00f3n y animales a ni\u00f1os con enfermedades cr\u00f3nicas para mejorar la calidad ambiental y de vida<br \/>o Estudiar los efectos en el desarrollo \u00f3ptimo de los individuos en desarrollo (fetal-infanto-juvenil) del contacto con los animales, los \u00e1rboles y espacios naturales, vegetaci\u00f3n, flores, experiencias en la naturaleza.<br \/>o Incorporar a la cartera de servicio de los hospitales un \u2018Bosque para la Salud\u2019 con una finalidad terape\u00fatica al servicio de los enfermos y la sociedad en general.<br \/>o Incrementar las zonas boscosas en la Regi\u00f3n de Murcia<br \/>o Disminuir el efecto invernadero a escala local aumentando la captaci\u00f3n de CO2.<br \/>o Los hijos\/as nacidos volver\u00e1n a abrazar el \u00e1rbol al inicio de la adolescencia (embriaguez de naturaleza).<\/li>\n<\/ul>\n<hr \/>\n<p>\u00a0<\/p>\n\n\n<p><\/p>\n\t\t\t\t\t\t\t\t<\/div>\n\t\t\t\t<\/div>\n\t\t\t\t\t<\/div>\n\t\t<\/div>\n\t\t\t\t\t<\/div>\n\t\t<\/section>\n\t\t\t\t<\/div>\n\t\t","protected":false},"excerpt":{"rendered":"<p>L\u00edneas de investigaci\u00f3n del Environment &amp; Human Health Lab (Grupo de Investigaci\u00f3n de Salud Medioambiental Pedi\u00e1trica, A5, IMIB-Arrixaca).\u00a0 GRUPO DE INVESTIGACI\u00d3N IMIB-ARRIXACA\u00a0 1. ENTORNO, UNA MIRADA SOCIAL Y ADICCIONES EN MENORES.Hoja Verde. Creando ambientes m\u00e1s saludables durante el embarazo y la lactancia. Desarrollar de la Hoja Verde, una herramienta de cribado para detectar, informar y &hellip; <\/p>\n<p class=\"link-more\"><a href=\"https:\/\/pehsu.org\/wp\/?page_id=374\" class=\"more-link\">Leer m\u00e1s<span class=\"screen-reader-text\"> \u00abL\u00edneas de Invest\u00bb<\/span><\/a><\/p>\n","protected":false},"author":1,"featured_media":0,"parent":0,"menu_order":0,"comment_status":"open","ping_status":"open","template":"","meta":{"inspiro_hide_title":false,"footnotes":""},"class_list":["post-374","page","type-page","status-publish","hentry"],"aioseo_notices":[],"_links":{"self":[{"href":"https:\/\/pehsu.org\/wp\/index.php?rest_route=\/wp\/v2\/pages\/374","targetHints":{"allow":["GET"]}}],"collection":[{"href":"https:\/\/pehsu.org\/wp\/index.php?rest_route=\/wp\/v2\/pages"}],"about":[{"href":"https:\/\/pehsu.org\/wp\/index.php?rest_route=\/wp\/v2\/types\/page"}],"author":[{"embeddable":true,"href":"https:\/\/pehsu.org\/wp\/index.php?rest_route=\/wp\/v2\/users\/1"}],"replies":[{"embeddable":true,"href":"https:\/\/pehsu.org\/wp\/index.php?rest_route=%2Fwp%2Fv2%2Fcomments&post=374"}],"version-history":[{"count":21,"href":"https:\/\/pehsu.org\/wp\/index.php?rest_route=\/wp\/v2\/pages\/374\/revisions"}],"predecessor-version":[{"id":3647,"href":"https:\/\/pehsu.org\/wp\/index.php?rest_route=\/wp\/v2\/pages\/374\/revisions\/3647"}],"wp:attachment":[{"href":"https:\/\/pehsu.org\/wp\/index.php?rest_route=%2Fwp%2Fv2%2Fmedia&parent=374"}],"curies":[{"name":"wp","href":"https:\/\/api.w.org\/{rel}","templated":true}]}}