

{"id":365,"date":"2011-06-17T19:38:12","date_gmt":"2011-06-17T17:38:12","guid":{"rendered":"http:\/\/pehsu.org\/wp\/?page_id=365"},"modified":"2024-05-23T20:12:14","modified_gmt":"2024-05-23T18:12:14","slug":"hoja-verde","status":"publish","type":"page","link":"https:\/\/pehsu.org\/wp\/?page_id=365","title":{"rendered":"Hoja verde"},"content":{"rendered":"\t\t<div data-elementor-type=\"wp-page\" data-elementor-id=\"365\" class=\"elementor elementor-365\">\n\t\t\t\t\t\t<section class=\"elementor-section elementor-top-section elementor-element elementor-element-253fcbb elementor-section-boxed elementor-section-height-default elementor-section-height-default\" data-id=\"253fcbb\" data-element_type=\"section\" data-e-type=\"section\">\n\t\t\t\t\t\t<div class=\"elementor-container elementor-column-gap-default\">\n\t\t\t\t\t<div class=\"elementor-column elementor-col-100 elementor-top-column elementor-element elementor-element-1236cfd\" data-id=\"1236cfd\" data-element_type=\"column\" data-e-type=\"column\">\n\t\t\t<div class=\"elementor-widget-wrap elementor-element-populated\">\n\t\t\t\t\t\t<div class=\"elementor-element elementor-element-b4711c0 elementor-widget elementor-widget-heading\" data-id=\"b4711c0\" data-element_type=\"widget\" data-e-type=\"widget\" data-widget_type=\"heading.default\">\n\t\t\t\t<div class=\"elementor-widget-container\">\n\t\t\t\t\t<h1 class=\"elementor-heading-title elementor-size-default\">Hoja verde<\/h1>\t\t\t\t<\/div>\n\t\t\t\t<\/div>\n\t\t\t\t\t<\/div>\n\t\t<\/div>\n\t\t\t\t\t<\/div>\n\t\t<\/section>\n\t\t\t\t<section class=\"elementor-section elementor-top-section elementor-element elementor-element-4e449d59 elementor-section-boxed elementor-section-height-default elementor-section-height-default\" data-id=\"4e449d59\" data-element_type=\"section\" data-e-type=\"section\">\n\t\t\t\t\t\t<div class=\"elementor-container elementor-column-gap-default\">\n\t\t\t\t\t<div class=\"elementor-column elementor-col-100 elementor-top-column elementor-element elementor-element-3fbacccb\" data-id=\"3fbacccb\" data-element_type=\"column\" data-e-type=\"column\">\n\t\t\t<div class=\"elementor-widget-wrap elementor-element-populated\">\n\t\t\t\t\t\t<div class=\"elementor-element elementor-element-31c0d4c0 elementor-widget elementor-widget-text-editor\" data-id=\"31c0d4c0\" data-element_type=\"widget\" data-e-type=\"widget\" data-widget_type=\"text-editor.default\">\n\t\t\t\t<div class=\"elementor-widget-container\">\n\t\t\t\t\t\t\t\t\t<a href=\"http:\/\/pehsu.org\/wp\/?page_id=468\"><strong>Hoja verde exploratoria en pediatr\u00eda<\/strong><\/a>. Conjunto de preguntas b\u00e1sicas y concisas, estructuradas para una evaluaci\u00f3n de riesgos medioambientales r\u00e1pida y fiable en pediatr\u00eda. \r\n<ul>\r\nPuede ser realizada por pediatras, enfermeros\/as o estudiantes en pr\u00e1cticas. \r\n<strong>Duraci\u00f3n:<\/strong> 4 minutos. \r\n<strong>Referencia:<\/strong> Ortega Garc\u00eda JA, Ferr\u00eds i Tortajada J. Hoja verde exploratoria. Unidad de Salud Medioambiental Pedi\u00e1trica, Murcia, Espa\u00f1a; 2012. Disponible: http:\/\/pehsu.org\/wp\/. V\u00e1lido hasta 30 de junio de 2014. <\/ul>\r\n<hr \/>\r\n<strong><a href=\"http:\/\/pehsu.org\/wp\/wp-content\/uploads\/hap_resp.pdf\">Historia cl\u00ednica medioambiental en el ni\u00f1o con patolog\u00eda respiratoria.<\/a><\/strong> Conjunto de preguntas para una evaluaci\u00f3n en profundidad de los factores de riesgo medioambiental relacionados con la patolog\u00eda respiratoria m\u00e1s frecuente en pediatr\u00eda (crisis de asma, bronquitis, tos cr\u00f3nica, infecciones respiratorias de v\u00edas altas o bajas&#8230;). \r\n<ul>\r\nPuede ser \u00fatil para estudios de caso en Atenci\u00f3n Primaria, urgencias o en unidades de Neumolog\u00eda, Alergia o de Salud Medioambiental. \r\n<strong>Duraci\u00f3n: <\/strong>20-25 minutos. \r\nPuede ser realizada por pediatras o enfermeros\/as (es amplia y requiere habilidades espec\u00edficas y entrenamiento en PEHSU para obtener un mejor rendimiento).\r\n <strong>Referencia: <\/strong>Ortega Garc\u00eda JA, S\u00e1nchez Sol\u00eds M, L\u00f3pez-Andreu JA, Ferr\u00eds i Tortajada J. Historia Cl\u00ednica Medioambiental en la Patolog\u00eda Respiratoria en Pediatr\u00eda. Unidad de Salud Medioambiental Pedi\u00e1trica, Murcia, Espa\u00f1a; 2012. Disponible: http:\/\/pehsu.org\/wp\/. V\u00e1lido hasta 30 de junio de 2014. <\/ul>\r\n<hr \/>\r\n<strong><a href=\"http:\/\/pehsu.org\/wp\/?page_id=349\">Hoja verde durante el embarazo y lactancia materna<\/a><\/strong>. La hoja verde, herramienta para la detecci\u00f3n de riesgos medioambientales, se realiza cara a cara, para detectar, informar y reducir y\/o eliminar los principales riesgos medioambientales para un desarrollo \u00f3ptimo del feto y periodo de crianza. Apartados: historia obst\u00e9trica-reproductiva, socioecon\u00f3micos, medicaci\u00f3n y parafarmacia, drogas legales e ilegales, uso de pesticidas, aficiones de riesgo qu\u00edmico, exposiciones laborales, radiaciones ionizantes.\r\n<ul>\r\n<strong>Duraci\u00f3n:<\/strong> 7 minutos. \r\nPuede ser realizada por matronas, m\u00e9dicos de familia, enfermeros\/as, pediatras y obstetras. \r\n<strong>Referencia:<\/strong> Ortega Garc\u00eda JA, S\u00e1nchez Sauco MF, Esquerdo-Laib M. Hoja verde durante el embarazo y lactancia materna. Unidad de Salud Medioambiental Pedi\u00e1trica. Murcia, Espa\u00f1a; 2012. Disponible: http:\/\/www.pehsu.org\/wp \r\nRevisado 1\/11\/2012\r\nV\u00e1lido hasta En uso.<\/ul>\r\n<hr \/>\t\t\t\t\t\t\t\t<\/div>\n\t\t\t\t<\/div>\n\t\t\t\t\t<\/div>\n\t\t<\/div>\n\t\t\t\t\t<\/div>\n\t\t<\/section>\n\t\t\t\t<\/div>\n\t\t","protected":false},"excerpt":{"rendered":"<p>Hoja verde Hoja verde exploratoria en pediatr\u00eda. Conjunto de preguntas b\u00e1sicas y concisas, estructuradas para una evaluaci\u00f3n de riesgos medioambientales r\u00e1pida y fiable en pediatr\u00eda. Puede ser realizada por pediatras, enfermeros\/as o estudiantes en pr\u00e1cticas. Duraci\u00f3n: 4 minutos. Referencia: Ortega Garc\u00eda JA, Ferr\u00eds i Tortajada J. Hoja verde exploratoria. Unidad de Salud Medioambiental Pedi\u00e1trica, Murcia, &hellip; <\/p>\n<p class=\"link-more\"><a href=\"https:\/\/pehsu.org\/wp\/?page_id=365\" class=\"more-link\">Leer m\u00e1s<span class=\"screen-reader-text\"> \u00abHoja verde\u00bb<\/span><\/a><\/p>\n","protected":false},"author":1,"featured_media":0,"parent":0,"menu_order":3,"comment_status":"open","ping_status":"open","template":"","meta":{"inspiro_hide_title":false,"footnotes":""},"class_list":["post-365","page","type-page","status-publish","hentry"],"aioseo_notices":[],"_links":{"self":[{"href":"https:\/\/pehsu.org\/wp\/index.php?rest_route=\/wp\/v2\/pages\/365","targetHints":{"allow":["GET"]}}],"collection":[{"href":"https:\/\/pehsu.org\/wp\/index.php?rest_route=\/wp\/v2\/pages"}],"about":[{"href":"https:\/\/pehsu.org\/wp\/index.php?rest_route=\/wp\/v2\/types\/page"}],"author":[{"embeddable":true,"href":"https:\/\/pehsu.org\/wp\/index.php?rest_route=\/wp\/v2\/users\/1"}],"replies":[{"embeddable":true,"href":"https:\/\/pehsu.org\/wp\/index.php?rest_route=%2Fwp%2Fv2%2Fcomments&post=365"}],"version-history":[{"count":20,"href":"https:\/\/pehsu.org\/wp\/index.php?rest_route=\/wp\/v2\/pages\/365\/revisions"}],"predecessor-version":[{"id":3653,"href":"https:\/\/pehsu.org\/wp\/index.php?rest_route=\/wp\/v2\/pages\/365\/revisions\/3653"}],"wp:attachment":[{"href":"https:\/\/pehsu.org\/wp\/index.php?rest_route=%2Fwp%2Fv2%2Fmedia&parent=365"}],"curies":[{"name":"wp","href":"https:\/\/api.w.org\/{rel}","templated":true}]}}