

{"id":344,"date":"2011-06-16T21:32:42","date_gmt":"2011-06-16T19:32:42","guid":{"rendered":"http:\/\/pehsu.org\/wp\/?page_id=344"},"modified":"2024-05-24T17:35:37","modified_gmt":"2024-05-24T15:35:37","slug":"hospitales-sostenibles","status":"publish","type":"page","link":"https:\/\/pehsu.org\/wp\/?page_id=344","title":{"rendered":"Hospitales Sostenibles"},"content":{"rendered":"\t\t<div data-elementor-type=\"wp-page\" data-elementor-id=\"344\" class=\"elementor elementor-344\">\n\t\t\t\t\t\t<section class=\"elementor-section elementor-top-section elementor-element elementor-element-10db5734 elementor-section-boxed elementor-section-height-default elementor-section-height-default\" data-id=\"10db5734\" data-element_type=\"section\" data-e-type=\"section\">\n\t\t\t\t\t\t<div class=\"elementor-container elementor-column-gap-default\">\n\t\t\t\t\t<div class=\"elementor-column elementor-col-100 elementor-top-column elementor-element elementor-element-273b0b7e\" data-id=\"273b0b7e\" data-element_type=\"column\" data-e-type=\"column\">\n\t\t\t<div class=\"elementor-widget-wrap elementor-element-populated\">\n\t\t\t\t\t\t<div class=\"elementor-element elementor-element-54c58962 elementor-widget elementor-widget-text-editor\" data-id=\"54c58962\" data-element_type=\"widget\" data-e-type=\"widget\" data-widget_type=\"text-editor.default\">\n\t\t\t\t<div class=\"elementor-widget-container\">\n\t\t\t\t\t\t\t\t\tHOSPITALES SOSTENIBLES \r\n\r\nEn ocasiones, las actividades sanitarias son parad\u00f3jicas y producen efectos contrarios a los previstos. La sabidur\u00eda popular los cataloga con el refr\u00e1n \u00bb peor el remedio que la enfermedad\u00bb. A pesar de ello, las actuaciones m\u00e9dicas ocasionan una importante morbimortalidad en conceptos cl\u00e1sicos como errores m\u00e9dicos, reacciones toxico-al\u00e9rgicas medicamentosas y en las infecciones nosocomiales. Pero existe otra iatrogenia asociada a la contaminaci\u00f3n medioambiental de la praxis m\u00e9dica que la poblaci\u00f3n general y la gran mayor\u00eda de los m\u00e9dicos desconoce. El viejo aforismo hipocr\u00e1tico primum non nocere, uno de los primeros que aprendemos en las facultades de medicina, est\u00e1 hoy m\u00e1s vigente que nunca. \r\n\r\nGracias al  progreso cient\u00edfico tratamos con m\u00e1s eficacia a las enfermedades que anta\u00f1o, pero ocasionamos mayores efectos indeseables sobre la salud y el medioambiente. Por ello, es necesario aplicar el principio de precauci\u00f3n o prevenci\u00f3n, sustituyendo m\u00e9todos y sustancias peligrosas por alternativas m\u00e1s seguras para la salud y m\u00e1s respetuosas con el medioambiente. Ante los criterios economicistas imperantes queremos matizar que los presupuestos sanitarios hay que considerarlos como una inversi\u00f3n y no como un gasto. El primum non nocere no tiene que ser una excusa para paralizar la actividad, sino un est\u00edmulo permanente para investigar, desarrollar y fomentar alternativas t\u00e9cnicamente viables y econ\u00f3micamente razonables. \r\n\r\nB\u00e1sicamente,pretende disminuir y eliminar todo tipo de contaminaci\u00f3n en las pr\u00e1cticas m\u00e9dicas, mejorando la calidad asistencial de los usuarios y la seguridad de los trabajadores sanitarios con el m\u00e1ximo respeto del entorno social y natural donde est\u00e1n ubicados. Las principales propuestas para la acreditaci\u00f3n de los Hospitales Sostenibles \/Centros de salud Sostenibles est\u00e1n descritas en la tabla siguiente:\r\n\r\n\r\n<blockquote>      <table border=\"1\" width=\"88%\">\r\n        <tr>\r\n          <td width=\"100%\" bgcolor=\"#000080\"><b><span style=\"mso-ascii-font-family: Futura Md BT; mso-hansi-font-family: Futura Md BT\"><font size=\"2\" face=\"Verdana\" color=\"#FF9933\">HOSPITALES SOSTENIBLES &nbsp;<\/font><\/span><\/b><\/td>\r\n        <\/tr>\r\n        <tr>\r\n          <td width=\"100%\"><span style=\"mso-ascii-font-family: Futura Md BT; mso-hansi-font-family: Futura Md BT\"><b><font color=\"#008000\"><u><i><font face=\"Verdana\" size=\"3\">\r\n        Distribuir<\/font><\/i><\/u><\/font><font face=\"Verdana\" size=\"3\"> <\/font><font size=\"2\" face=\"Verdana\">\r\n\r\n        <span style=\"font-family:\r\n&quot;Futura Md BT&quot;;mso-ascii-font-family:&quot;Futura Md BT&quot;;mso-fareast-font-family:\r\n&quot;Arial Unicode MS&quot;;mso-hansi-font-family:&quot;Futura Md BT&quot;;font-size:83%;\r\ntext-shadow:auto\">LA <\/span><\/font><i><u>\r\n        <span style=\"font-family:\r\n&quot;Futura Md BT&quot;;mso-ascii-font-family:&quot;Futura Md BT&quot;;mso-fareast-font-family:\r\n&quot;Arial Unicode MS&quot;;mso-hansi-font-family:&quot;Futura Md BT&quot;;font-size:83%;\r\ntext-shadow:auto\"><font size=\"2\" face=\"Verdana\" color=\"#008000\"> INFORMACI\u00d3N SOBRE LA PREVENCI\u00d3N<\/font><\/span><\/u><\/i><span style=\"mso-ascii-font-family: Futura Md BT; mso-fareast-font-family: Arial Unicode MS; mso-hansi-font-family: Futura Md BT\"> <i><u><font size=\"2\" face=\"Verdana\" color=\"#008000\">\r\n            <\/font><\/u><\/i><font color=\"#000080\" size=\"2\" face=\"Verdana\"> de la poluci\u00f3n en la actividad sanitaria.&nbsp;<\/font><\/span><\/b><\/span><\/td>\r\n        <\/tr>\r\n        <tr>\r\n          <td width=\"100%\"><span style=\"mso-ascii-font-family: Futura Md BT; mso-hansi-font-family: Futura Md BT\"><b><font color=\"#008000\"><i><u><span style=\"mso-fareast-font-family: Arial Unicode MS\"><font face=\"Verdana\" size=\"3\"> Busc<span lang=\"ES-TRAD\" style=\"mso-ascii-font-family: Futura Md BT; mso-fareast-font-family: Arial Unicode MS; mso-hansi-font-family: Futura Md BT\">ar <\/span><\/font><\/span><\/u><\/i><\/font><font size=\"2\" face=\"Verdana\"><span lang=\"ES-TRAD\" style=\"font-family:&quot;Futura Md BT&quot;;mso-ascii-font-family:&quot;Futura Md BT&quot;;\r\nmso-fareast-font-family:&quot;Arial Unicode MS&quot;;mso-hansi-font-family:&quot;Futura Md BT&quot;;\r\nfont-size:83%\"> <\/span><\/font><font color=\"#000080\" size=\"2\" face=\"Verdana\"><span style=\"font-family:&quot;Futura Md BT&quot;;\r\nmso-ascii-font-family:&quot;Futura Md BT&quot;;mso-fareast-font-family:&quot;Arial Unicode MS&quot;;\r\nmso-hansi-font-family:&quot;Futura Md BT&quot;;font-size:83%\">y defend<\/span><span lang=\"ES-TRAD\" style=\"font-family:&quot;Futura Md BT&quot;;mso-ascii-font-family:&quot;Futura Md BT&quot;;\r\nmso-fareast-font-family:&quot;Arial Unicode MS&quot;;mso-hansi-font-family:&quot;Futura Md BT&quot;;\r\nfont-size:83%\">er <\/span><span style=\"mso-ascii-font-family: Futura Md BT; mso-fareast-font-family: Arial Unicode MS; mso-hansi-font-family: Futura Md BT\">la utilizaci\u00f3n de\r\n            <\/span><\/font><font size=\"2\" face=\"Verdana\" color=\"#008000\"><u><i>\r\n\r\n        ALTERNATIVAS SEGURAS<\/i><\/u><\/font><font color=\"#000080\" size=\"2\" face=\"Verdana\">.<\/font><\/b><\/span><\/td>\r\n        <\/tr>\r\n        <tr>\r\n          <td width=\"100%\"><span style=\"mso-ascii-font-family: Futura Md BT; mso-hansi-font-family: Futura Md BT\"><b><i><u><font face=\"Verdana\" size=\"3\" color=\"#008000\"> Describir\r\n            <\/font><\/u><\/i><font color=\"#000080\" size=\"2\" face=\"Verdana\"> Los <\/font><u><i><font size=\"2\" face=\"Verdana\" color=\"#008000\"> ELEMENTOS\r\n        DE SUSCEPTIBILIDAD DE LA INFANCIA<\/font><\/i><\/u><font color=\"#000080\" size=\"2\" face=\"Verdana\">\r\n        <span style=\"mso-ascii-font-family: Futura Md BT; mso-hansi-font-family: Futura Md BT; mso-fareast-font-family: Arial Unicode MS\"><span style=\"mso-ascii-font-family: Futura Md BT; mso-fareast-font-family: Arial Unicode MS; mso-hansi-font-family: Futura Md BT; text-shadow: auto\">\r\n\r\n        Y EFECTOS<\/span><span style=\"mso-ascii-font-family: Futura Md BT; mso-fareast-font-family: Arial Unicode MS; mso-hansi-font-family: Futura Md BT\">\r\n        <\/span><\/span>\r\n            <span style=\"mso-ascii-font-family: Futura Md BT; mso-fareast-font-family: Arial Unicode MS; mso-hansi-font-family: Futura Md BT\">sobre la salud infantil de la actividad asistencial.<\/span><\/font><\/b><\/span><\/td>\r\n        <\/tr>\r\n        <tr>\r\n          <td width=\"100%\"><span style=\"mso-ascii-font-family: Futura Md BT; mso-hansi-font-family: Futura Md BT\"><b><span style=\"mso-fareast-font-family: Arial Unicode MS\"><font face=\"Verdana\" size=\"3\" color=\"#008000\"><u><i>ELIMINA<span lang=\"ES-TRAD\" style=\"font-family:\r\n&quot;Futura Md BT&quot;;mso-ascii-font-family:&quot;Futura Md BT&quot;;mso-fareast-font-family:\r\n&quot;Arial Unicode MS&quot;;mso-hansi-font-family:&quot;Futura Md BT&quot;;font-size:83%\">R\r\n        EL<\/span><span style=\"mso-ascii-font-family: Futura Md BT; mso-fareast-font-family: Arial Unicode MS; mso-hansi-font-family: Futura Md BT\"> MERCURIO en la actividad sanitaria<\/span><\/i><\/u><\/font><span style=\"mso-ascii-font-family: Futura Md BT; mso-fareast-font-family: Arial Unicode MS; mso-hansi-font-family: Futura Md BT\"> <font color=\"#000080\" face=\"Verdana\" size=\"3\"> espa\u00f1ola para el 2005.<\/font><\/span><\/span><font color=\"#000080\" size=\"2\" face=\"Verdana\"><span style=\"mso-ascii-font-family: Futura Md BT; mso-fareast-font-family: Times New Roman; mso-hansi-font-family: Futura Md BT\">&nbsp;&nbsp;&nbsp;<\/span><\/font><\/b><\/span><\/td>\r\n\r\n        <\/tr>\r\n        <tr>\r\n          <td width=\"100%\"><span style=\"mso-ascii-font-family: Futura Md BT; mso-hansi-font-family: Futura Md BT\"><b><font color=\"#008000\"><u><i><span style=\"font-family:&quot;Futura Md BT&quot;;mso-ascii-font-family:&quot;Futura Md BT&quot;;\r\nmso-fareast-font-family:&quot;Arial Unicode MS&quot;;mso-hansi-font-family:&quot;Futura Md BT&quot;;\r\nfont-size:83%;text-shadow:auto\"><font size=\"2\" face=\"Verdana\">REDUC<\/font><\/span><\/i><\/u><\/font><font size=\"2\" face=\"Verdana\"><u><i><span lang=\"ES-TRAD\" style=\"font-family:&quot;Futura Md BT&quot;;mso-ascii-font-family:&quot;Futura Md BT&quot;;\r\nmso-fareast-font-family:&quot;Arial Unicode MS&quot;;mso-hansi-font-family:&quot;Futura Md BT&quot;;\r\nfont-size:83%;text-shadow:auto\">IR <\/span><span style=\"font-family:\r\n&quot;Futura Md BT&quot;;mso-ascii-font-family:&quot;Futura Md BT&quot;;mso-fareast-font-family:\r\n&quot;Arial Unicode MS&quot;;mso-hansi-font-family:&quot;Futura Md BT&quot;;font-size:83%;\r\ntext-shadow:auto\">EL 50% DEL VOLUMEN TOTAL DE LOS RESIDUOS<\/span><\/i><\/u><\/font><span style=\"mso-ascii-font-family: Futura Md BT; mso-fareast-font-family: Arial Unicode MS; mso-hansi-font-family: Futura Md BT\"><font color=\"#008000\"><u><font size=\"2\" face=\"Verdana\"><i> sanitarios<\/i><\/font><\/u><\/font><font color=\"#000080\" size=\"2\" face=\"Verdana\"> espa\u00f1oles para 2010.<\/font><\/span><\/b><\/span><\/td>\r\n        <\/tr>\r\n        <tr>\r\n\r\n          <td width=\"100%\"><span style=\"mso-ascii-font-family: Futura Md BT; mso-hansi-font-family: Futura Md BT\"><b><i><u><font color=\"#008000\"><span style=\"mso-ascii-font-family: Futura Md BT; mso-fareast-font-family: Arial Unicode MS; mso-hansi-font-family: Futura Md BT; text-shadow: auto\"><font face=\"Verdana\" size=\"3\">FOMENTAR<\/font><font size=\"2\" face=\"Verdana\"> EL DESARROLLO DE SEMINARIOS Y CONGRESOS<\/font><\/span><\/font><\/u><\/i><span style=\"font-family:&quot;Futura Md BT&quot;;mso-ascii-font-family:&quot;Futura Md BT&quot;;\r\nmso-fareast-font-family:&quot;Arial Unicode MS&quot;;mso-hansi-font-family:&quot;Futura Md BT&quot;;\r\nfont-size:83%\"><i><u><font size=\"2\" face=\"Verdana\" color=\"#008000\">.<\/font><\/u><\/i><font color=\"#000080\" size=\"2\" face=\"Verdana\"> Constituir\u00e1n un espacio importante para poner a disposici\u00f3n\r\n        de los profesionales de la salud de todos los conocimientos al respecto\r\n        de estos problemas ambientales y sus alternativas.<\/font><\/span><font color=\"#000080\" size=\"2\" face=\"Verdana\"><span style=\"mso-ascii-font-family: Futura Md BT; mso-fareast-font-family: Times New Roman; mso-hansi-font-family: Futura Md BT\">&nbsp;<\/span><\/font><\/b><\/span>\r\n          <\/td>\r\n        <\/tr>\r\n        <tr>\r\n          <td width=\"100%\"><nobr><span style=\"mso-ascii-font-family: Futura Md BT; mso-hansi-font-family: Futura Md BT\"><b><span style=\"mso-ascii-font-family: Futura Md BT; mso-fareast-font-family: Arial Unicode MS; mso-hansi-font-family: Futura Md BT; text-shadow: auto\"><font face=\"Verdana\" size=\"3\" color=\"#008000\">INFORMAR<\/font><font color=\"#000080\" size=\"2\" face=\"Verdana\"> SOBRE LOS COMPUESTOS ORG\u00c1NICOS PERSISTENTES<\/font><\/span><font color=\"#000080\" size=\"2\" face=\"Verdana\"><span style=\"font-family:&quot;Futura Md BT&quot;;\r\nmso-ascii-font-family:&quot;Futura Md BT&quot;;mso-fareast-font-family:&quot;Arial Unicode MS&quot;;\r\nmso-hansi-font-family:&quot;Futura Md BT&quot;;font-size:83%\">   (COPs)<\/span><span style=\"mso-ascii-font-family: Futura Md BT; mso-fareast-font-family: Times New Roman; mso-hansi-font-family: Futura Md BT\">&nbsp;&nbsp;<\/span><\/font><\/b><\/span><\/nobr><\/td>\r\n\r\n        <\/tr>\r\n        <tr>\r\n          <td width=\"100%\"><nobr><span style=\"mso-ascii-font-family: Futura Md BT; mso-hansi-font-family: Futura Md BT\"><b><font face=\"Verdana\" color=\"#008000\" size=\"2\"><i><span style=\"mso-ascii-font-family: Futura Md BT; mso-fareast-font-family: Arial Unicode MS; mso-hansi-font-family: Futura Md BT; text-shadow: auto\">REDUC<\/span><span lang=\"ES-TRAD\" style=\"font-family:&quot;Futura Md BT&quot;;mso-ascii-font-family:&quot;Futura Md BT&quot;;\r\nmso-fareast-font-family:&quot;Arial Unicode MS&quot;;mso-hansi-font-family:&quot;Futura Md BT&quot;;\r\nfont-size:83%;text-shadow:auto\">IR <\/span><span style=\"font-family:\r\n&quot;Futura Md BT&quot;;mso-ascii-font-family:&quot;Futura Md BT&quot;;mso-fareast-font-family:\r\n&quot;Arial Unicode MS&quot;;mso-hansi-font-family:&quot;Futura Md BT&quot;;font-size:83%;\r\ntext-shadow:auto\">LOS RESIDUOS QU\u00cdMICOS<\/span><span lang=\"ES-TRAD\" style=\"font-family:&quot;Futura Md BT&quot;;mso-ascii-font-family:&quot;Futura Md BT&quot;;\r\nmso-fareast-font-family:&quot;Arial Unicode MS&quot;;mso-hansi-font-family:&quot;Futura Md BT&quot;;\r\nfont-size:83%;text-shadow:auto\"> Y CONTAMINANTES F\u00cdSICOS<\/span><span style=\"mso-ascii-font-family: Futura Md BT; mso-fareast-font-family: Times New Roman; mso-hansi-font-family: Futura Md BT\">&nbsp;&nbsp;&nbsp;<\/span><\/i><\/font><span style=\"mso-ascii-font-family: Futura Md BT; mso-fareast-font-family: Times New Roman; mso-hansi-font-family: Futura Md BT\"><font color=\"#000080\" size=\"2\" face=\"Verdana\">&nbsp;&nbsp;&nbsp;<\/font><\/span><\/b><\/span><\/nobr><\/td>\r\n        <\/tr>\r\n        <tr>\r\n          <td width=\"100%\"><nobr><span style=\"font-family:&quot;Futura Md BT&quot;;mso-ascii-font-family:&quot;Futura Md BT&quot;;\r\nmso-fareast-font-family:&quot;Arial Unicode MS&quot;;mso-hansi-font-family:&quot;Futura Md BT&quot;;\r\nfont-size:83%\"><b><font size=\"2\" face=\"Verdana\" color=\"#008000\">ELIMINAR LA INCINERACI\u00d3N DE LOS RESIDUOS\r\n            M\u00c9DICOS<\/font><\/b><\/span><\/nobr>\r\n\r\n          <\/td>\r\n        <\/tr>\r\n        <tr>\r\n          <td width=\"100%\"><nobr><span style=\"mso-ascii-font-family: Futura Md BT; mso-fareast-font-family: Times New Roman; mso-hansi-font-family: Futura Md BT\"><b><font size=\"2\" face=\"Verdana\" color=\"#008000\">\r\n        Disminuir \/ eliminar la exposici\u00f3n pedi\u00e1trica a PVC \/ftalatos<\/font><\/b><\/span><\/nobr>\r\n          <\/td>\r\n        <\/tr>\r\n        <tr>\r\n\r\n          <td width=\"100%\"><nobr><span style=\"mso-fareast-font-family: Arial Unicode MS; mso-ascii-font-family: Futura Md BT; mso-hansi-font-family: Futura Md BT\"><b><font size=\"2\" face=\"Verdana\" color=\"#008000\">FOMENTAR\r\n        Y EMPLEAR ENERGIAS RENOBABLES.<\/font><\/b><\/span><\/nobr>\r\n          <\/td>\r\n        <\/tr>\r\n      <\/table><\/blockquote>\r\n\r\n\r\n\r\n \r\n\r\nEn Pehsu-val\u00e8ncia, trabajamos en la divulgaci\u00f3n de los principales contaminantes medioambientales derivados  la actividad pedi\u00e1trica y fundamentalmente en la b\u00fasqueda de alternativas m\u00e1s saludables y seguras. \r\n\r\nExtracto de la Conferencia: \u00abPrimun non nocere:agresiones ambientales de la actividad pedi\u00e1trica\u00bb. JA Ortega Garc\u00eda. 51 Congreso Nacional de la AEP. Bilbao 2002. An Esp Pediatr 2002;56 (sup6):375-381). Descarga el documento aqu\u00ed.\r\n\t\r\n\r\n \r\n\r\nHospitales Sostenibles\r\n\r\nSIN MALOS HUMOS\r\n\r\nEN LOS HOSPITALES SOSTENIBLES SE MANEJAN LOS RESIDUOS ADECUADAMENTE\r\n\t \r\n\r\nRADIACIONES IONIZANTES. PLAN PARA DISMINUIR SU USO EN LOS CENTROS SANITARIOS. \r\n\r\nComo podemos disminuir el uso de la radiolog\u00eda convencional y TAC, su importancia en la salud de la infancia, las relaciones con el c\u00e1ncer pedi\u00e1trico&#8230;.aqu\u00ed\r\n\r\n \r\n\t\r\n\r\n \r\n\t          \r\n\t\r\n\r\nPVC-FTALATOS. (PVC-DEHP):\r\n\r\nPehsu-val\u00e8ncia, public\u00f3 en junio de 2002, una revisi\u00f3n sobre la evidencia disponible de los efectos t\u00f3xicos potenciales y reales en la infancia del PVC y los ftalos. Esta magn\u00edfica revisi\u00f3n adem\u00e1s aporta las medidas alternativas para iniciar su recambio, donde a pesar de las limitaciones de los datos cient\u00edficos, estamos obligados a utilizar nuestro mejor juicio y experiencia para \u00aberrar\u00bb en la parcela de la \u00abprecauci\u00f3n\u00bb. As\u00ed protegemos la salud de las actuales y futuras generaciones.\r\n\r\n    Hospitales sostenibles (1\u00aa parte). Exposici\u00f3n pedi\u00e1trica a cloruro de polivinilo y ftalatos. Medidas preventivas.  Rev Esp Pediatr 2002; 58:251-266.  \r\n\r\nLa Academia Americana de Pediatr\u00eda (AAP), en junio de 2003, hizo p\u00fablico un paper con el mismo motivo, y entre otras conclusiones: \u00abAccording to the AAP report, medical institutions may find it necessary to look at alternatives to devices containing DEHP (Dietil-hexil-ftalato). However, any substitutes must be toxicologically safer and functionally equivalent to devices now in use\u00bb. Mira el AAP report\r\n\r\nPehsu-val\u00e8ncia colabora en el report de HCWH-EUROPA detailsdehp recientemente publicado (junio 2004) (los datos de los productos espa\u00f1oles proceden del Hospital Materno Infantil Universitario La Fe de Valencia).\r\n\t\r\n\r\nMaterial de divulgaci\u00f3n sobre el DEHP (dietil-hexil ftalato) y la asistencia sanitaria\r\n\r\nDesc\u00e1rgalo (ppt) 1.3 MB\r\n\r\nMaterial de divulgaci\u00f3n PEHSU-DEHP\r\n\r\n \r\n\r\n \r\n\r\n \r\n\r\n \r\n\r\n \r\n\r\nComo desarrollar un programa de recambio de mercurio en tu centro de de asistencia sanitaria\r\n\r\nDescargalo (pdf)\r\n\r\n \r\n\r\n \r\n\r\n \r\n\r\nHospitales sostenibles (II). Mercurio: exposici\u00f3n pedi\u00e1trica. Efectos adversos en la salud humana y medidas preventivas.\r\n\r\n \r\n\r\nPROGRAMA DE RECAMBIO DE MATERIALES DE MERCURIO EN LOS CENTROS SANITARIOS\r\n\r\n \r\n\t\r\n\r\nMERCURIO:  Los hospitales constituyen la 4\u00aa fuente emisora de mercurio al medioambiente. Un hospital de 3\u00ba nivel de nuestro pa\u00eds puede llegar a consumir m\u00e1s de 25 term\u00f3metros de mercurio al a\u00f1o. Es parad\u00f3jico que los centros de asistencia sanitaria constituyan un foco importante de contaminaci\u00f3n ambiental por Hg. El Hg es un t\u00f3xico ambiental que causa numerosos efectos adversos en la salud humana y en los ecosistemas naturales; en su ciclo global acaba en los fondos marinos donde es transformado en su forma m\u00e1s t\u00f3xica: MeHg. Este se acumula y biomagnifica en la cadena tr\u00f3fica marina alcanzando las mayores concentraciones en los grandes depredadores (at\u00fan, pez espada, tibur\u00f3n, caballa&#8230;). Las etapas fetal e infantil son especialmente vulnerables a los efectos nocivos del Hg, destacando la toxicidad neurol\u00f3gica y renal. Las principales fuentes de exposici\u00f3n pedi\u00e1trica son las amalgamas dentales y sobre todo, la diet\u00e9tica a trav\u00e9s del consumo de pescado y crust\u00e1ceos. En algunos pa\u00edses las autoridades sanitarias recomiendan limitar\/evitar el consumo de algunos tipos de pescado en mujeres embarazadas, en edad f\u00e9rtil y ni\u00f1os peque\u00f1os. En nuestro pa\u00eds, con una alta ingesta de pescado por habitante ( 89 gr\/d\u00eda) aunque los datos son escasos, sugieren que en diversas comunidades la poblaci\u00f3n pedi\u00e1trica supera los l\u00edmites de seguridad recomendados por la US Environmental Protection Agency. Los pediatras debemos exigir a las Autoridades Sanitarias de nuestro pa\u00eds que cuantifiquen la ingesta diaria de Hg en nuestros ni\u00f1os, y que se valoren conjuntamente los beneficios nutricionales con los riesgos toxicol\u00f3gicos, en espera de la instauraci\u00f3n de pol\u00edticas que eliminen el Hg.\r\nLas evidencias disponibles son suficientes para la eliminaci\u00f3n del Hg de la asistencia sanitaria. Los sanitarios, especialmente los pediatras, debemos proteger a los ni\u00f1os de las generaciones presentes y futuras, adoptando estrategias en el desarrollo de nuestra Agenda 21 que eviten el uso del Hg, y as\u00ed demostrar a nuestros conciudadanos un compromiso firme con la defensa de la salud p\u00fablica y la protecci\u00f3n del medioambiente.Conseguir \u201cHospitales\/Centros de Salud Sostenibles  libres de mercurio\u201d: ser\u00eda sin ninguna duda un bonito regalo para la infancia.\r\n\r\nDocumento de posici\u00f3n de PEHSU-Valencia sobre los efectos del mercurio en la salud de la infancia:\r\n\r\nEl mercurio: v\u00edas de entrada, toxicidad pedi\u00e1trica, interacciones alimentarias y nuestra opini\u00f3n (junio 2003).\r\n\r\n La Agencia Espa\u00f1ola de Seguridad Alimentaria opina sobre el mercurio.(junio 2004)\r\n\r\nPrograma de eliminaci\u00f3n de mercurio de los hospitales y centros sanitarios. \u00bfComo desarrollar un programa de recambio de materiales de mercurio? \r\n\r\nMensaje de la Food and Drug Administration de EEUU para mujeres embarazadas o en edad f\u00e9rtil sobre los riesgos el consumo de pescado contaminado con mercurio. M\u00e1s&#8230;\r\n\r\n\u00bfPorque es t\u00e1n importante el mercurio en la salud de la infancia?\r\nCada a\u00f1o nacen unos 60.000 beb\u00e9s en EEUU con riesgo de tener alteraciones en el SNC. La exposici\u00f3n de MeHg intra\u00fatero una de las principales causas del bajo rendimiento escolar.\r\n\r\nNational Research Council. 2000\r\nEn EEUU un 10% de la mujeres f\u00e9rtiles presentan actualmente niveles de Hg suficientemente altos para  causar efectos neurol\u00f3gicos adversos en su descendencia.\r\n\r\nU.S. Centers for Disease Control and Prevention. 2001  \r\nLas mujeres embarazadas, las que deseen procrear, las madres lactantes y los ni\u00f1os peque\u00f1os, no deber\u00edan comer algunos peces (tibur\u00f3n, pez sierra, caballa y algunos pescados azules), ya que contienen suficiente cantidad de Hg para aumentar el riesgo de lesionar el sistema nervioso fetal e infantil.\r\n\r\nUS Food and Drug Administration. 2001\r\n\r\nEstudios recientes sugieren que el Hg no tiene un umbral por debajo del cual no aparezcan efectos adversos sobre la salud.\r\nOrtega JA. Ferr\u00eds J. An Esp Pediatr  2002\r\n\r\n \r\nEs urgente investigar la cantidad de mercurio que ingieren nuestros ni\u00f1os. Si tenemos en cuenta la considerable ingesta de pescado en nuestro pa\u00eds, y aunque los datos son escasos, probablemente una parte importante de nuestros ni\u00f1os ingieren una cantidad superior a la recomendada por la Environmental Protection Agency US (USEPA)\r\nOrtega JA, Ferr\u00eds. Rev Esp Pediatr 2003\r\n\t\r\n\r\nINCINERACI\u00d3N DE RESIDUOS: EFECTOS ADVERSOS EN LA SALUD DE LA INFANCIA. Medidas alternativas.\r\n\r\nEl pediatra y la incineraci\u00f3n de residuos s\u00f3lidos. Conceptos b\u00e1sicos y efectos adversos en la salud humana.Rev Esp Pediatr 2001;57:473-490.\r\n  \t \r\n \r\n\r\nCopyright \u00a9 2007 \u2022 Pediatric Environmental Health Especiality Unit Murcia-Val\u00e8ncia.\r\n\r\nCrtra Cartagena, sn CP: 30120, Murcia, Spain.\t\t\t\t\t\t\t\t<\/div>\n\t\t\t\t<\/div>\n\t\t\t\t\t<\/div>\n\t\t<\/div>\n\t\t\t\t\t<\/div>\n\t\t<\/section>\n\t\t\t\t<\/div>\n\t\t","protected":false},"excerpt":{"rendered":"<p>HOSPITALES SOSTENIBLES En ocasiones, las actividades sanitarias son parad\u00f3jicas y producen efectos contrarios a los previstos. La sabidur\u00eda popular los cataloga con el refr\u00e1n \u00bb peor el remedio que la enfermedad\u00bb. A pesar de ello, las actuaciones m\u00e9dicas ocasionan una importante morbimortalidad en conceptos cl\u00e1sicos como errores m\u00e9dicos, reacciones toxico-al\u00e9rgicas medicamentosas y en las infecciones &hellip; <\/p>\n<p class=\"link-more\"><a href=\"https:\/\/pehsu.org\/wp\/?page_id=344\" class=\"more-link\">Leer m\u00e1s<span class=\"screen-reader-text\"> \u00abHospitales Sostenibles\u00bb<\/span><\/a><\/p>\n","protected":false},"author":1,"featured_media":0,"parent":354,"menu_order":2,"comment_status":"closed","ping_status":"closed","template":"","meta":{"inspiro_hide_title":false,"footnotes":""},"class_list":["post-344","page","type-page","status-publish","hentry"],"aioseo_notices":[],"_links":{"self":[{"href":"https:\/\/pehsu.org\/wp\/index.php?rest_route=\/wp\/v2\/pages\/344","targetHints":{"allow":["GET"]}}],"collection":[{"href":"https:\/\/pehsu.org\/wp\/index.php?rest_route=\/wp\/v2\/pages"}],"about":[{"href":"https:\/\/pehsu.org\/wp\/index.php?rest_route=\/wp\/v2\/types\/page"}],"author":[{"embeddable":true,"href":"https:\/\/pehsu.org\/wp\/index.php?rest_route=\/wp\/v2\/users\/1"}],"replies":[{"embeddable":true,"href":"https:\/\/pehsu.org\/wp\/index.php?rest_route=%2Fwp%2Fv2%2Fcomments&post=344"}],"version-history":[{"count":13,"href":"https:\/\/pehsu.org\/wp\/index.php?rest_route=\/wp\/v2\/pages\/344\/revisions"}],"predecessor-version":[{"id":3847,"href":"https:\/\/pehsu.org\/wp\/index.php?rest_route=\/wp\/v2\/pages\/344\/revisions\/3847"}],"up":[{"embeddable":true,"href":"https:\/\/pehsu.org\/wp\/index.php?rest_route=\/wp\/v2\/pages\/354"}],"wp:attachment":[{"href":"https:\/\/pehsu.org\/wp\/index.php?rest_route=%2Fwp%2Fv2%2Fmedia&parent=344"}],"curies":[{"name":"wp","href":"https:\/\/api.w.org\/{rel}","templated":true}]}}