

{"id":342,"date":"2011-06-16T21:32:08","date_gmt":"2011-06-16T19:32:08","guid":{"rendered":"http:\/\/pehsu.org\/wp\/?page_id=342"},"modified":"2025-04-12T20:57:46","modified_gmt":"2025-04-12T18:57:46","slug":"salud-medioambiental-escolar","status":"publish","type":"page","link":"https:\/\/pehsu.org\/wp\/?page_id=342","title":{"rendered":"Salud Medioambiental Escolar"},"content":{"rendered":"\t\t<div data-elementor-type=\"wp-page\" data-elementor-id=\"342\" class=\"elementor elementor-342\">\n\t\t\t\t\t\t<section class=\"elementor-section elementor-top-section elementor-element elementor-element-ac509e2 elementor-section-boxed elementor-section-height-default elementor-section-height-default\" data-id=\"ac509e2\" data-element_type=\"section\" data-e-type=\"section\">\n\t\t\t\t\t\t<div class=\"elementor-container elementor-column-gap-default\">\n\t\t\t\t\t<div class=\"elementor-column elementor-col-50 elementor-top-column elementor-element elementor-element-6b73ce6\" data-id=\"6b73ce6\" data-element_type=\"column\" data-e-type=\"column\">\n\t\t\t<div class=\"elementor-widget-wrap elementor-element-populated\">\n\t\t\t\t\t\t<div class=\"elementor-element elementor-element-e173e38 elementor-widget__width-initial elementor-widget elementor-widget-image\" data-id=\"e173e38\" data-element_type=\"widget\" data-e-type=\"widget\" data-widget_type=\"image.default\">\n\t\t\t\t<div class=\"elementor-widget-container\">\n\t\t\t\t\t\t\t\t\t\t\t\t\t\t\t<img fetchpriority=\"high\" decoding=\"async\" width=\"606\" height=\"900\" src=\"https:\/\/pehsu.org\/wp\/wp-content\/uploads\/muchacha-cabreada-enojada-del-adolescente-47336545.jpg\" class=\"attachment-large size-large wp-image-3021\" alt=\"\" srcset=\"https:\/\/pehsu.org\/wp\/wp-content\/uploads\/muchacha-cabreada-enojada-del-adolescente-47336545.jpg 606w, https:\/\/pehsu.org\/wp\/wp-content\/uploads\/muchacha-cabreada-enojada-del-adolescente-47336545-202x300.jpg 202w\" sizes=\"100vw\" \/>\t\t\t\t\t\t\t\t\t\t\t\t\t\t\t<\/div>\n\t\t\t\t<\/div>\n\t\t\t\t\t<\/div>\n\t\t<\/div>\n\t\t\t\t<div class=\"elementor-column elementor-col-50 elementor-top-column elementor-element elementor-element-bc5d863\" data-id=\"bc5d863\" data-element_type=\"column\" data-e-type=\"column\">\n\t\t\t<div class=\"elementor-widget-wrap elementor-element-populated\">\n\t\t\t\t\t\t<div class=\"elementor-element elementor-element-21a582c elementor-widget__width-initial elementor-widget elementor-widget-text-editor\" data-id=\"21a582c\" data-element_type=\"widget\" data-e-type=\"widget\" data-widget_type=\"text-editor.default\">\n\t\t\t\t<div class=\"elementor-widget-container\">\n\t\t\t\t\t\t\t\t\t<p><span style=\"font-weight: bold; color: var( --e-global-color-text ); font-family: var( --e-global-typography-text-font-family ), Sans-serif; font-size: var( --e-global-typography-text-font-size );\">Queridos adultos (padres, profesores, doctores, pol\u00edticos) tenemos nuestro derecho a:<\/span>\u00b7<br \/>\u00a0&#8211; Una escuela que no est\u00e9 construida en ramblas o zona de avenidas poco seguras<br \/>\u00a0&#8211; Un aire limpio en las aulas, especialmente SIN TABACO<br \/>\u00a0&#8211; Un Transporte Escolar libre de Part\u00edculas Diesel\u00a0<br \/>\u00a0&#8211; Escuela segura sin Asbesto<br \/>\u00a0&#8211; Escuela Segura sin Metales Pesados<br \/>\u00a0&#8211; Clases apropiadas y no api\u00f1adas<br \/>\u00a0&#8211; Alimentaci\u00f3n Saludable en los Comedores rica en frutas, hortalizas, legumbres y verduras.<br \/>\u00a0&#8211; Calefacci\u00f3n y Ventilaci\u00f3n sin peligros<br \/>\u00a0&#8211; Una escuela Sin Riesgo de incendios<br \/>\u00a0&#8211; Paredes, Techos y pisos sin grietas<br \/>\u00a0&#8211; Ba\u00f1os utilizables y limpios<br \/>\u00a0&#8211; Una escuela sin plagas<br \/>\u00a0&#8211; Una escuela libre de pesticidas<br \/>\u00a0&#8211; Informaci\u00f3n Sobre el Edificio de la Escuela<br \/>\u00a0&#8211; Un Patio de Recreo seguro para juegos<\/p><p><span style=\"color: var( --e-global-color-text ); font-family: var( --e-global-typography-text-font-family ), Sans-serif; font-size: var( --e-global-typography-text-font-size ); font-weight: bold;\">\u00bfTe gustar\u00eda conocer los riesgos medioambientales en el colegio en el que trabajas o acuden tus hijos?\u00a0<\/span><a style=\"font-family: var( --e-global-typography-text-font-family ), Sans-serif; font-size: var( --e-global-typography-text-font-size ); font-weight: var( --e-global-typography-text-font-weight ); background-color: #ffffff;\" href=\"https:\/\/pehsu.org\/wp\/?p=2258\">Para conocer y detallar esos riesgos de una forma organizada y sistem\u00e1tica visita nuestra p\u00e1gina<\/a><span style=\"color: var( --e-global-color-text ); font-family: var( --e-global-typography-text-font-family ), Sans-serif; font-size: var( --e-global-typography-text-font-size ); font-weight: var( --e-global-typography-text-font-weight );\">.<\/span><\/p>\t\t\t\t\t\t\t\t<\/div>\n\t\t\t\t<\/div>\n\t\t\t\t\t<\/div>\n\t\t<\/div>\n\t\t\t\t\t<\/div>\n\t\t<\/section>\n\t\t\t\t<section class=\"elementor-section elementor-top-section elementor-element elementor-element-70e35d6d elementor-section-boxed elementor-section-height-default elementor-section-height-default\" data-id=\"70e35d6d\" data-element_type=\"section\" data-e-type=\"section\">\n\t\t\t\t\t\t<div class=\"elementor-container elementor-column-gap-default\">\n\t\t\t\t\t<div class=\"elementor-column elementor-col-100 elementor-top-column elementor-element elementor-element-17ca6505\" data-id=\"17ca6505\" data-element_type=\"column\" data-e-type=\"column\">\n\t\t\t<div class=\"elementor-widget-wrap elementor-element-populated\">\n\t\t\t\t\t\t<div class=\"elementor-element elementor-element-3205f8be elementor-widget elementor-widget-text-editor\" data-id=\"3205f8be\" data-element_type=\"widget\" data-e-type=\"widget\" data-widget_type=\"text-editor.default\">\n\t\t\t\t<div class=\"elementor-widget-container\">\n\t\t\t\t\t\t\t\t\t<p><a href=\"http:\/\/pehsu.org\/wp\/wp-content\/uploads\/buzon.gif\"><img decoding=\"async\" class=\"alignleft size-full wp-image-764\" title=\"buzon\" src=\"http:\/\/pehsu.org\/wp\/wp-content\/uploads\/buzon.gif\" alt=\"\" width=\"140\" height=\"171\"\/><\/a><strong>Para padres: \u00bfComo enviar una carta de queja?<\/strong> La siguiente es <a href=\"http:\/\/pehsu.org\/wp\/wp-content\/uploads\/carta_queja.doc\">una muestra de la forma en que pueden redactarse las cartas<\/a> a alguna de las administraciones de contacto. Si\u00e9ntase libre de copiarla palabra por palabra llenando los espacios en blanco conforme a lo que aplique a su situaci\u00f3n espec\u00edfica en el colegio de sus hijos, para utilizarla como gu\u00eda para su propia carta, o simplemente para utilizarla como ayuda para saber qu\u00e9 decir cuando hable telef\u00f3nicamente o en persona a alguien responsable.<\/p>\n<h3><strong>Del ISAE al BES: medir para transformar<\/strong><\/h3>\n<p>La evaluaci\u00f3n cualitativa es solo el principio. En paralelo, estamos trabajando en el desarrollo de un <strong>modelo predictivo multivariable<\/strong> que permita generar un <strong>\u00cdndice de Salud Ambiental Escolar (ISAE)<\/strong>: una puntuaci\u00f3n cuantitativa generada a partir del Diagn\u00f3stico Ambiental Escolar. Este \u00edndice se construye a partir de las respuestas recogidas en el Diagn\u00f3stico de Salud Ambiental Escolar, ponderando variables clave como:<\/p>\n<ul>\n<li>Calidad del aire interior<\/li>\n<li>Presencia de contaminantes f\u00edsicos y qu\u00edmicos<\/li>\n<li>Entorno urbano o natural<\/li>\n<li>Accesibilidad a zonas verdes<\/li>\n<li>Factores sociales y organizativos<\/li>\n<li>Estilos de vida del alumnado<\/li>\n<\/ul>\n<p>Su prop\u00f3sito es claro: evaluar de forma rigurosa, comparar entornos escolares y orientar decisiones.<\/p>\n<p>Pero no queremos quedarnos solo en el dato: el <strong>BES \u2013 Bar\u00f3metro de Escuelas Saludables<\/strong> es la <strong>versi\u00f3n viva y visual<\/strong> del ISAE. Traducimos la puntuaci\u00f3n en un lenguaje inspirador, entendible por toda la comunidad educativa.<\/p>\n<p>El BES utiliza una escala positiva con 4 niveles:<br \/>\ud83c\udf42 Brotes \u2192 \ud83c\udf3f Reto\u00f1os \u2192 \ud83c\udf33 \u00c1rbol joven \u2192 \ud83c\udf32 Bosque saludable<\/p>\n<p>As\u00ed, una herramienta t\u00e9cnica se convierte en una <strong>herramienta de cambio cultural y educativo<\/strong>.<\/p>\n<p>\ud83e\uddea <em>Estamos construyendo este modelo con datos reales de escuelas de todo el pa\u00eds. Cuantas m\u00e1s participen, m\u00e1s robusto ser\u00e1 el BES. El futuro se cultiva escuela a escuela.<\/em><\/p>\n<p>\ud83e\uddea El modelo se est\u00e1 validando con datos reales de centros escolares. La participaci\u00f3n de m\u00e1s escuelas ayudar\u00e1 a <strong>construir un mapa nacional de entornos escolares saludables<\/strong>.<\/p>\t\t\t\t\t\t\t\t<\/div>\n\t\t\t\t<\/div>\n\t\t\t\t\t<\/div>\n\t\t<\/div>\n\t\t\t\t\t<\/div>\n\t\t<\/section>\n\t\t\t\t<\/div>\n\t\t","protected":false},"excerpt":{"rendered":"<p>Queridos adultos (padres, profesores, doctores, pol\u00edticos) tenemos nuestro derecho a:\u00b7\u00a0&#8211; Una escuela que no est\u00e9 construida en ramblas o zona de avenidas poco seguras\u00a0&#8211; Un aire limpio en las aulas, especialmente SIN TABACO\u00a0&#8211; Un Transporte Escolar libre de Part\u00edculas Diesel\u00a0\u00a0&#8211; Escuela segura sin Asbesto\u00a0&#8211; Escuela Segura sin Metales Pesados\u00a0&#8211; Clases apropiadas y no api\u00f1adas\u00a0&#8211; Alimentaci\u00f3n &hellip; <\/p>\n<p class=\"link-more\"><a href=\"https:\/\/pehsu.org\/wp\/?page_id=342\" class=\"more-link\">Leer m\u00e1s<span class=\"screen-reader-text\"> \u00abSalud Medioambiental Escolar\u00bb<\/span><\/a><\/p>\n","protected":false},"author":1,"featured_media":0,"parent":354,"menu_order":1,"comment_status":"open","ping_status":"open","template":"","meta":{"inspiro_hide_title":false,"footnotes":""},"class_list":["post-342","page","type-page","status-publish","hentry"],"aioseo_notices":[],"_links":{"self":[{"href":"https:\/\/pehsu.org\/wp\/index.php?rest_route=\/wp\/v2\/pages\/342","targetHints":{"allow":["GET"]}}],"collection":[{"href":"https:\/\/pehsu.org\/wp\/index.php?rest_route=\/wp\/v2\/pages"}],"about":[{"href":"https:\/\/pehsu.org\/wp\/index.php?rest_route=\/wp\/v2\/types\/page"}],"author":[{"embeddable":true,"href":"https:\/\/pehsu.org\/wp\/index.php?rest_route=\/wp\/v2\/users\/1"}],"replies":[{"embeddable":true,"href":"https:\/\/pehsu.org\/wp\/index.php?rest_route=%2Fwp%2Fv2%2Fcomments&post=342"}],"version-history":[{"count":25,"href":"https:\/\/pehsu.org\/wp\/index.php?rest_route=\/wp\/v2\/pages\/342\/revisions"}],"predecessor-version":[{"id":4946,"href":"https:\/\/pehsu.org\/wp\/index.php?rest_route=\/wp\/v2\/pages\/342\/revisions\/4946"}],"up":[{"embeddable":true,"href":"https:\/\/pehsu.org\/wp\/index.php?rest_route=\/wp\/v2\/pages\/354"}],"wp:attachment":[{"href":"https:\/\/pehsu.org\/wp\/index.php?rest_route=%2Fwp%2Fv2%2Fmedia&parent=342"}],"curies":[{"name":"wp","href":"https:\/\/api.w.org\/{rel}","templated":true}]}}