

{"id":305,"date":"2011-06-16T21:06:08","date_gmt":"2011-06-16T19:06:08","guid":{"rendered":"http:\/\/pehsu.org\/wp\/?page_id=305"},"modified":"2024-05-23T17:27:09","modified_gmt":"2024-05-23T15:27:09","slug":"mision-vision-y-valores","status":"publish","type":"page","link":"https:\/\/pehsu.org\/wp\/?page_id=305","title":{"rendered":"Misi\u00f3n, visi\u00f3n y valores"},"content":{"rendered":"\t\t<div data-elementor-type=\"wp-page\" data-elementor-id=\"305\" class=\"elementor elementor-305\">\n\t\t\t\t\t\t<section class=\"elementor-section elementor-top-section elementor-element elementor-element-e92872b elementor-section-boxed elementor-section-height-default elementor-section-height-default\" data-id=\"e92872b\" data-element_type=\"section\" data-e-type=\"section\">\n\t\t\t\t\t\t<div class=\"elementor-container elementor-column-gap-default\">\n\t\t\t\t\t<div class=\"elementor-column elementor-col-100 elementor-top-column elementor-element elementor-element-a2221d5\" data-id=\"a2221d5\" data-element_type=\"column\" data-e-type=\"column\">\n\t\t\t<div class=\"elementor-widget-wrap elementor-element-populated\">\n\t\t\t\t\t\t<div class=\"elementor-element elementor-element-af7d6c6 elementor-widget elementor-widget-heading\" data-id=\"af7d6c6\" data-element_type=\"widget\" data-e-type=\"widget\" data-widget_type=\"heading.default\">\n\t\t\t\t<div class=\"elementor-widget-container\">\n\t\t\t\t\t<h2 class=\"elementor-heading-title elementor-size-default\">MISI\u00d3N, VISI\u00d3N Y VALORES<\/h2>\t\t\t\t<\/div>\n\t\t\t\t<\/div>\n\t\t\t\t\t<\/div>\n\t\t<\/div>\n\t\t\t\t\t<\/div>\n\t\t<\/section>\n\t\t\t\t<section class=\"elementor-section elementor-top-section elementor-element elementor-element-3da3fb4 elementor-section-boxed elementor-section-height-default elementor-section-height-default\" data-id=\"3da3fb4\" data-element_type=\"section\" data-e-type=\"section\">\n\t\t\t\t\t\t<div class=\"elementor-container elementor-column-gap-default\">\n\t\t\t\t\t<div class=\"elementor-column elementor-col-100 elementor-top-column elementor-element elementor-element-2a8d0a8\" data-id=\"2a8d0a8\" data-element_type=\"column\" data-e-type=\"column\">\n\t\t\t<div class=\"elementor-widget-wrap elementor-element-populated\">\n\t\t\t\t\t\t<div class=\"elementor-element elementor-element-8f68c76 elementor-widget elementor-widget-text-editor\" data-id=\"8f68c76\" data-element_type=\"widget\" data-e-type=\"widget\" data-widget_type=\"text-editor.default\">\n\t\t\t\t<div class=\"elementor-widget-container\">\n\t\t\t\t\t\t\t\t\t<p><strong style=\"color: var( --e-global-color-text ); font-family: var( --e-global-typography-text-font-family ), Sans-serif;\">Misi\u00f3n.\u00a0<\/strong><span style=\"color: var( --e-global-color-text ); font-family: var( --e-global-typography-text-font-family ), Sans-serif; font-weight: var( --e-global-typography-text-font-weight );\">La misi\u00f3n de la Unidad de Salud Medioambiental Pedi\u00e1trica es proteger la salud y el medio ambiente de los ni\u00f1os desde la etapa preconcepcional hasta el final de la adolescencia. Trabajamos para reconocer, evaluar y manejar las enfermedades y los riesgos medioambientalmente relacionados con la infancia en la Regi\u00f3n de Murcia, Espa\u00f1a, resto de Europa, Am\u00e9rica Latina y el Caribe as\u00ed como proporcionar educaci\u00f3n, entrenamiento e investigaci\u00f3n en Salud Medioambiental Pedi\u00e1trica.<\/span><\/p><p><strong>Visi\u00f3n.\u00a0<\/strong><span style=\"color: var( --e-global-color-text ); font-family: var( --e-global-typography-text-font-family ), Sans-serif; font-weight: var( --e-global-typography-text-font-weight );\">Convertir nuestro centro en referencia Regional, Nacional e Internacional del cuidado en la excelencia en Salud Medioambiental Pedi\u00e1trica basado en las buenas pr\u00e1cticas y mejora de la calidad medioambiental y de vida de los ni\u00f1os, sus familias y comunidades en las que viven.<\/span><\/p><p><strong>Justicia medioambiental<\/strong>.<span style=\"color: var( --e-global-color-text ); font-family: var( --e-global-typography-text-font-family ), Sans-serif; font-weight: var( --e-global-typography-text-font-weight );\">Todos los ni\u00f1os con enfermedades medioambientalmente relacionadas tienen derecho a una cuidadosa historia cl\u00ednica medioambiental que les ayude a mejorar su calidad medioambiental y de vida.<\/span><\/p><p><strong>Respeto mutuo y conciencia de los l\u00edmites<\/strong>. Nosotros solos no podemos. Es necesario trabajar en equipo con otros profesionales biosanitarios y no biosanitarios. Crear puentes, dar y exigir para alcanzar nuestro horizonte y visi\u00f3n compartida.<\/p><p><strong>Empoderamiento<\/strong>. Ayudamos a crear una cultura que anima a los grupos sociales y colectivos ciudadanos a contribuir y participar en los objetivos de la organizaci\u00f3n.<\/p><p><strong>Responsabilidad<\/strong>. Asumimos responsablemente nuestros comportamientos y resultados.<\/p><p><strong>Positivismo<\/strong>. Aprendemos de los errores y los incorporamos como modelo de innovaci\u00f3n.<\/p><p><span style=\"font-weight: bold;\">Humildad y generosidad<\/span>.<span style=\"font-family: var( --e-global-typography-text-font-family ), Sans-serif; color: var( --e-global-color-text );\">\u00a0La salud medioambiental pedi\u00e1trica se construye con la suma de \u2018peque\u00f1os pasos\u2019, peque\u00f1os logros. Trabajar para crear ambientes m\u00e1s saludables para infancia exige dosis extras de generosidad bien entendida en los profesionales de la salud.<\/span><\/p>\t\t\t\t\t\t\t\t<\/div>\n\t\t\t\t<\/div>\n\t\t\t\t\t<\/div>\n\t\t<\/div>\n\t\t\t\t\t<\/div>\n\t\t<\/section>\n\t\t\t\t<section class=\"elementor-section elementor-top-section elementor-element elementor-element-b9feca0 elementor-section-boxed elementor-section-height-default elementor-section-height-default\" data-id=\"b9feca0\" data-element_type=\"section\" data-e-type=\"section\">\n\t\t\t\t\t\t<div class=\"elementor-container elementor-column-gap-default\">\n\t\t\t\t\t<div class=\"elementor-column elementor-col-50 elementor-top-column elementor-element elementor-element-61ace65\" data-id=\"61ace65\" data-element_type=\"column\" data-e-type=\"column\">\n\t\t\t<div class=\"elementor-widget-wrap elementor-element-populated\">\n\t\t\t\t\t\t<div class=\"elementor-element elementor-element-7762608 elementor-widget elementor-widget-text-editor\" data-id=\"7762608\" data-element_type=\"widget\" data-e-type=\"widget\" data-widget_type=\"text-editor.default\">\n\t\t\t\t<div class=\"elementor-widget-container\">\n\t\t\t\t\t\t\t\t\t<div><p><span style=\"font-weight: bold;\">Transparencia<\/span><span style=\"color: var( --e-global-color-text ); font-family: var( --e-global-typography-text-font-family ), Sans-serif; font-weight: var( --e-global-typography-text-font-weight );\">. Decidimos ser claros y honestos en cada una de las actividades desarrolladas, sin ocultar problemas, situaciones dif\u00edciles o inconvenientes presentados en el desarrollo de las mismas. Enfrentarnos con valor a nuestros defectos, buscando la manera m\u00e1s eficaz de superarlos, con acciones que nos lleven a mejorar todo aquello que afecta a nuestra personas, equipo y como consecuencia a nuestros semejantes, rectificando cada vez que nos equivocamos y cumpliendo con nuestro deber en las labores grandes y peque\u00f1as sin hacer distinci\u00f3n.<\/span><\/p><\/div>\t\t\t\t\t\t\t\t<\/div>\n\t\t\t\t<\/div>\n\t\t\t\t\t<\/div>\n\t\t<\/div>\n\t\t\t\t<div class=\"elementor-column elementor-col-50 elementor-top-column elementor-element elementor-element-8fbedd6\" data-id=\"8fbedd6\" data-element_type=\"column\" data-e-type=\"column\">\n\t\t\t<div class=\"elementor-widget-wrap elementor-element-populated\">\n\t\t\t\t\t\t<div class=\"elementor-element elementor-element-29465f6e elementor-widget elementor-widget-text-editor\" data-id=\"29465f6e\" data-element_type=\"widget\" data-e-type=\"widget\" data-widget_type=\"text-editor.default\">\n\t\t\t\t<div class=\"elementor-widget-container\">\n\t\t\t\t\t\t\t\t\t<p><a href=\"http:\/\/pehsu.org\/wp\/wp-content\/uploads\/grupo_pehsu1.png\"><img fetchpriority=\"high\" decoding=\"async\" class=\"wp-image-430 aligncenter\" title=\"grupo_pehsu1\" src=\"http:\/\/pehsu.org\/wp\/wp-content\/uploads\/grupo_pehsu1.png\" alt=\"Grupo PEHSU Murcia\" width=\"309\" height=\"206\" \/><\/a><\/p>\t\t\t\t\t\t\t\t<\/div>\n\t\t\t\t<\/div>\n\t\t\t\t\t<\/div>\n\t\t<\/div>\n\t\t\t\t\t<\/div>\n\t\t<\/section>\n\t\t\t\t<section class=\"elementor-section elementor-top-section elementor-element elementor-element-ed68253 elementor-section-boxed elementor-section-height-default elementor-section-height-default\" data-id=\"ed68253\" data-element_type=\"section\" data-e-type=\"section\">\n\t\t\t\t\t\t<div class=\"elementor-container elementor-column-gap-default\">\n\t\t\t\t\t<div class=\"elementor-column elementor-col-100 elementor-top-column elementor-element elementor-element-b9ea839\" data-id=\"b9ea839\" data-element_type=\"column\" data-e-type=\"column\">\n\t\t\t<div class=\"elementor-widget-wrap\">\n\t\t\t\t\t\t\t<\/div>\n\t\t<\/div>\n\t\t\t\t\t<\/div>\n\t\t<\/section>\n\t\t\t\t<\/div>\n\t\t","protected":false},"excerpt":{"rendered":"<p>MISI\u00d3N, VISI\u00d3N Y VALORES Misi\u00f3n.\u00a0La misi\u00f3n de la Unidad de Salud Medioambiental Pedi\u00e1trica es proteger la salud y el medio ambiente de los ni\u00f1os desde la etapa preconcepcional hasta el final de la adolescencia. Trabajamos para reconocer, evaluar y manejar las enfermedades y los riesgos medioambientalmente relacionados con la infancia en la Regi\u00f3n de Murcia, &hellip; <\/p>\n<p class=\"link-more\"><a href=\"https:\/\/pehsu.org\/wp\/?page_id=305\" class=\"more-link\">Leer m\u00e1s<span class=\"screen-reader-text\"> \u00abMisi\u00f3n, visi\u00f3n y valores\u00bb<\/span><\/a><\/p>\n","protected":false},"author":1,"featured_media":0,"parent":37,"menu_order":3,"comment_status":"closed","ping_status":"closed","template":"","meta":{"inspiro_hide_title":false,"footnotes":""},"class_list":["post-305","page","type-page","status-publish","hentry"],"aioseo_notices":[],"_links":{"self":[{"href":"https:\/\/pehsu.org\/wp\/index.php?rest_route=\/wp\/v2\/pages\/305","targetHints":{"allow":["GET"]}}],"collection":[{"href":"https:\/\/pehsu.org\/wp\/index.php?rest_route=\/wp\/v2\/pages"}],"about":[{"href":"https:\/\/pehsu.org\/wp\/index.php?rest_route=\/wp\/v2\/types\/page"}],"author":[{"embeddable":true,"href":"https:\/\/pehsu.org\/wp\/index.php?rest_route=\/wp\/v2\/users\/1"}],"replies":[{"embeddable":true,"href":"https:\/\/pehsu.org\/wp\/index.php?rest_route=%2Fwp%2Fv2%2Fcomments&post=305"}],"version-history":[{"count":39,"href":"https:\/\/pehsu.org\/wp\/index.php?rest_route=\/wp\/v2\/pages\/305\/revisions"}],"predecessor-version":[{"id":3466,"href":"https:\/\/pehsu.org\/wp\/index.php?rest_route=\/wp\/v2\/pages\/305\/revisions\/3466"}],"up":[{"embeddable":true,"href":"https:\/\/pehsu.org\/wp\/index.php?rest_route=\/wp\/v2\/pages\/37"}],"wp:attachment":[{"href":"https:\/\/pehsu.org\/wp\/index.php?rest_route=%2Fwp%2Fv2%2Fmedia&parent=305"}],"curies":[{"name":"wp","href":"https:\/\/api.w.org\/{rel}","templated":true}]}}