

{"id":1379,"date":"2014-01-20T08:46:18","date_gmt":"2014-01-20T06:46:18","guid":{"rendered":"http:\/\/pehsu.org\/wp\/?page_id=1379"},"modified":"2024-05-24T16:18:12","modified_gmt":"2024-05-24T14:18:12","slug":"programa-caminata-y-busqueda","status":"publish","type":"page","link":"https:\/\/pehsu.org\/wp\/?page_id=1379","title":{"rendered":"Programa \u00abCaminata y Busqueda\u00bb"},"content":{"rendered":"\t\t<div data-elementor-type=\"wp-page\" data-elementor-id=\"1379\" class=\"elementor elementor-1379\">\n\t\t\t\t\t\t<section class=\"elementor-section elementor-top-section elementor-element elementor-element-a240057 elementor-section-boxed elementor-section-height-default elementor-section-height-default\" data-id=\"a240057\" data-element_type=\"section\" data-e-type=\"section\">\n\t\t\t\t\t\t<div class=\"elementor-container elementor-column-gap-default\">\n\t\t\t\t\t<div class=\"elementor-column elementor-col-100 elementor-top-column elementor-element elementor-element-12121a99\" data-id=\"12121a99\" data-element_type=\"column\" data-e-type=\"column\">\n\t\t\t<div class=\"elementor-widget-wrap elementor-element-populated\">\n\t\t\t\t\t\t<div class=\"elementor-element elementor-element-110fcb6d elementor-widget elementor-widget-text-editor\" data-id=\"110fcb6d\" data-element_type=\"widget\" data-e-type=\"widget\" data-widget_type=\"text-editor.default\">\n\t\t\t\t<div class=\"elementor-widget-container\">\n\t\t\t\t\t\t\t\t\t<p><strong>Caminata y Busqueda es un evento especial de LENSAHU que pretende acercar y estimular en los ni\u00f1os\/as el contacto con la naturaleza.<\/strong><br \/><a href=\"http:\/\/pehsu.org\/wp\/wp-content\/uploads\/paseo.jpg\"><img fetchpriority=\"high\" decoding=\"async\" class=\"alignleft  wp-image-1355\" title=\"paseo\" src=\"http:\/\/pehsu.org\/wp\/wp-content\/uploads\/paseo-150x150.jpg\" alt=\"\" width=\"238\" height=\"238\" \/><\/a>Estimule el sentido de la aventura de su hijo\/a en esta caminata y b\u00fasqueda del tesoro en 2-3 km por la naturaleza. \u00danase a nosotros en la caminata a las estaciones donde descubrir actividades divertidas, educativas, naturalistas, artesan\u00edas y mucho m\u00e1s! Apropiado para los ni\u00f1os de todas las edades, especialmente para los ni\u00f1os menores de 11 a\u00f1os.<\/p><p>Hoy en d\u00eda el 25% de los ni\u00f1os\/as jugegan al aire libre todos los d\u00edas &#8211; hace una generaci\u00f3n eran el 75% los que jugaban todos los d\u00edas al aire libre-, pero adem\u00e1s de forma promedio los ni\u00f1os\/as de hoy d\u00eda pasan alrededor de 4 a 7 horas delante de medios o juegos electr\u00f3nicos. Los efectos positivos sobre el tiempo que pasan jugando al aire libre a diario sobre la salud y la felecidad de los ni\u00f1os son de gran alcance y est\u00e1n bi\u00e9n documentado cient\u00edficamente. LENSAHU anima a las familias y amigos para &#8216;salir fuera&#8217; y devolver a los ni\u00f1os y ni\u00f1as de la Regi\u00f3n de Murcia lo que ni siquiera saben que est\u00e1n perdiendo: su conexi\u00f3n con el medio natural.<\/p><p>&#8216;Caminata y B\u00fasqueda&#8217; agradece la recaudaci\u00f3n de fondos econ\u00f3micos de apoyo a los programas LENSAHU para educar a las familias sobre los beneficios del contacto al aire libre en la naturaleza.<\/p><p>Sea un ejemplo para sus hijos. Consigua que se entusiasmen realizando actividades al aire libre en la naturaleza para abrazar un estilo de vida activo y m\u00e1s sano. En Caminata y B\u00fasqueda estamos ayudando a las familias a explorar el mundo natural que les rodea. A lo largo del camino son cinco Estaciones de estudio con actividades interesantes e interactivos para los ni\u00f1os proporcionadas por los naturalistas voluntarios, adem\u00e1s de una b\u00fasqueda del tesoro . Hay incluso las actividades m\u00e1s divertidas en el Campamento Base LENSAHU, muestra la vida silvestre en vivo y fotos con los guardabosques.<\/p><p>VISITE EL RECORRRIDO DE CAMINATA Y B\u00daSQUEDA.<\/p><p>Preguntas m\u00e1s frecuentes.<br \/><strong>\u00bfHabr\u00e1 comida en el evento?<\/strong><br \/>Tendremos un refrigerio saludable con fruta y agua disponible. Es recomendable de traer su propia botella de agua y su almuerzo si lo desea. No habr\u00e1 comida disponible para la venta.<br \/><strong>\u00bfPara m\u00e1s informaci\u00f3n sobre el evento?<\/strong><br \/>Si usted desea contactar puede enviar un email a damian@pehsu.org<br \/><strong>\u00bfCu\u00e1nto dura el evento?<\/strong><br \/>El recorrido ser\u00e1 escalonado, libre y estar\u00e1 indicado para permitir la mejor experiencia. Una vez que est\u00e1s en el camino, usted debe sentirse libres de tomar su tiempo, visitar todas las estaciones y hacer los descansos. Con todo, su aventura debe durar alrededor de 2-3 horas , dependiendo de lo r\u00e1pido que caminen, y el n\u00famero de paradas de descanso que realicen.<br \/><strong>\u00bf Las mascotas, cochecitos, bicicletas o patines est\u00e1n permitas en el evento? <\/strong><br \/>Le recomendamos que para ayudarnos a proporcionar una mayor seguridad en la ruta para nuestros participantes, deje a sus animales dom\u00e9sticos, bicicletas y patines en casa. Cochecitos de beb\u00e9 est\u00e1n permitidos, aunque es importante que sepa que los senderos no est\u00e1n pavimentados.<br \/><strong>\u00bfQu\u00e9 pasa si llueve?<\/strong><br \/>Caminata y b\u00fasqueda ocurrir\u00e1 con sol o lluvia, pero por favor est\u00e9 preparado por llevar un impermeable con capucha si usted tiene uno.<br \/><strong>\u00bfQu\u00e9 debo llevar al evento?<\/strong><br \/>Vamos a tener todo lo necesario para su aventura de senderismo. Te sugerimos traer una botella de agua y algo de almuerzo si quiere. Los ni\u00f1os hospitalizados o con patolog\u00edas cr\u00f3nicas con tarjeta LENSAHU tienen entrada gratuita. Si usted no est\u00e1 registrado, por favor est\u00e9 preparado con dinero en efectivo, cheque o tarjeta de cr\u00e9dito para registrarse en el sitio. Inscripciones en l\u00ednea se descuentan y le animamos a inscribirse con anticipaci\u00f3n ya que los precios aumentar\u00e1n el d\u00eda del evento. Tendremos un refrigerio ligero y agua disponibles, sin embargo la comida no estar\u00e1 disponible para la venta. Por favor, si\u00e9ntase libre de traer un almuerzo o picnic si usted desea.<br \/><strong>\u00bfC\u00f3mo llegar al evento?<\/strong><br \/>Si va a conducir , las direcciones est\u00e1n en nuestro sitio web haga clik en ubicaciones. Si es posible, le recomendamos que utilice el transporte p\u00fablico. Por favor, visite la p\u00e1gina web para las distintas opciones de transporte p\u00fablico.<\/p>\t\t\t\t\t\t\t\t<\/div>\n\t\t\t\t<\/div>\n\t\t\t\t\t<\/div>\n\t\t<\/div>\n\t\t\t\t\t<\/div>\n\t\t<\/section>\n\t\t\t\t<\/div>\n\t\t","protected":false},"excerpt":{"rendered":"<p>Caminata y Busqueda es un evento especial de LENSAHU que pretende acercar y estimular en los ni\u00f1os\/as el contacto con la naturaleza.Estimule el sentido de la aventura de su hijo\/a en esta caminata y b\u00fasqueda del tesoro en 2-3 km por la naturaleza. \u00danase a nosotros en la caminata a las estaciones donde descubrir actividades &hellip; <\/p>\n<p class=\"link-more\"><a href=\"https:\/\/pehsu.org\/wp\/?page_id=1379\" class=\"more-link\">Leer m\u00e1s<span class=\"screen-reader-text\"> \u00abPrograma \u00abCaminata y Busqueda\u00bb\u00bb<\/span><\/a><\/p>\n","protected":false},"author":1,"featured_media":0,"parent":35,"menu_order":4,"comment_status":"closed","ping_status":"closed","template":"","meta":{"inspiro_hide_title":false,"footnotes":""},"class_list":["post-1379","page","type-page","status-publish","hentry"],"aioseo_notices":[],"_links":{"self":[{"href":"https:\/\/pehsu.org\/wp\/index.php?rest_route=\/wp\/v2\/pages\/1379","targetHints":{"allow":["GET"]}}],"collection":[{"href":"https:\/\/pehsu.org\/wp\/index.php?rest_route=\/wp\/v2\/pages"}],"about":[{"href":"https:\/\/pehsu.org\/wp\/index.php?rest_route=\/wp\/v2\/types\/page"}],"author":[{"embeddable":true,"href":"https:\/\/pehsu.org\/wp\/index.php?rest_route=\/wp\/v2\/users\/1"}],"replies":[{"embeddable":true,"href":"https:\/\/pehsu.org\/wp\/index.php?rest_route=%2Fwp%2Fv2%2Fcomments&post=1379"}],"version-history":[{"count":8,"href":"https:\/\/pehsu.org\/wp\/index.php?rest_route=\/wp\/v2\/pages\/1379\/revisions"}],"predecessor-version":[{"id":3756,"href":"https:\/\/pehsu.org\/wp\/index.php?rest_route=\/wp\/v2\/pages\/1379\/revisions\/3756"}],"up":[{"embeddable":true,"href":"https:\/\/pehsu.org\/wp\/index.php?rest_route=\/wp\/v2\/pages\/35"}],"wp:attachment":[{"href":"https:\/\/pehsu.org\/wp\/index.php?rest_route=%2Fwp%2Fv2%2Fmedia&parent=1379"}],"curies":[{"name":"wp","href":"https:\/\/api.w.org\/{rel}","templated":true}]}}