

{"id":1299,"date":"2014-01-18T12:27:08","date_gmt":"2014-01-18T10:27:08","guid":{"rendered":"http:\/\/pehsu.org\/wp\/?page_id=1299"},"modified":"2024-05-24T16:14:05","modified_gmt":"2024-05-24T14:14:05","slug":"nuestros-programas","status":"publish","type":"page","link":"https:\/\/pehsu.org\/wp\/?page_id=1299","title":{"rendered":"Nuestros Programas"},"content":{"rendered":"\t\t<div data-elementor-type=\"wp-page\" data-elementor-id=\"1299\" class=\"elementor elementor-1299\">\n\t\t\t\t\t\t<section class=\"elementor-section elementor-top-section elementor-element elementor-element-31a3fed4 elementor-section-boxed elementor-section-height-default elementor-section-height-default\" data-id=\"31a3fed4\" data-element_type=\"section\" data-e-type=\"section\">\n\t\t\t\t\t\t<div class=\"elementor-container elementor-column-gap-default\">\n\t\t\t\t\t<div class=\"elementor-column elementor-col-100 elementor-top-column elementor-element elementor-element-7acf444\" data-id=\"7acf444\" data-element_type=\"column\" data-e-type=\"column\">\n\t\t\t<div class=\"elementor-widget-wrap elementor-element-populated\">\n\t\t\t\t\t\t<div class=\"elementor-element elementor-element-3a19dd48 elementor-widget elementor-widget-text-editor\" data-id=\"3a19dd48\" data-element_type=\"widget\" data-e-type=\"widget\" data-widget_type=\"text-editor.default\">\n\t\t\t\t<div class=\"elementor-widget-container\">\n\t\t\t\t\t\t\t\t\t<p><strong>La madre naturaleza nos transforma constantemente y modula el estado del BALANCE SALUD-ENFERMEDAD. <\/strong><br \/>Podr\u00edamos reconocer la salud como el estado opuesto al de la enfermedad. Nosotros para un estado de bienestar f\u00edsico, psiquico y social necesitamos una serie de materias y combustibles b\u00e1sicos que hacen posible la vida en su estado m\u00e1s \u00f3ptimo: alimentos, aire, agua y emociones.<br \/>Sin alimentos podr\u00edamos vivir algunas semanas, sin agua algunos d\u00edas y sin aire unos pocos minutos. Sin pensamientos y emociones algunos podr\u00edan vivir toda una vida.<br \/>El ser humano adulto cada d\u00eda, inhala 15 kilos de aire, mientras absorbe unos 2 litros de agua, toma con la ingesta 1,5 Kg. de alimentos y lleva a filtraci\u00f3n glomerular renal 180 litros diarios. De los 3 aportes externos, la interrupci\u00f3n del aire, es la que hace m\u00e1s r\u00e1pidamente imposible la continuaci\u00f3n de la vida. Sin alimentos podr\u00edamos vivir algunas semanas, sin agua algunos d\u00edas y sin aire unos pocos minutos. Sin pensamientos y emociones ser\u00eda imposible una vida humana digna, aunque algunos parecen vivir sin emociones toda la vida.<br \/><a href=\"http:\/\/pehsu.org\/wp\/wp-content\/uploads\/Diapositiva04.jpg\"><img fetchpriority=\"high\" decoding=\"async\" src=\"http:\/\/pehsu.org\/wp\/wp-content\/uploads\/Diapositiva04-300x225.jpg\" alt=\"Combustibles b\u00e1sicos para la vida\" title=\"combustibles b\u00e1sicos para la vida\" width=\"300\" height=\"225\" class=\"alignleft size-medium wp-image-1300\" srcset=\"https:\/\/pehsu.org\/wp\/wp-content\/uploads\/Diapositiva04-300x225.jpg 300w, https:\/\/pehsu.org\/wp\/wp-content\/uploads\/Diapositiva04.jpg 720w\" sizes=\"(max-width: 300px) 100vw, 300px\" \/><\/a><\/p>\n<ol>\nA lo largo de la vida de una persona, se inhalan unas 200 Toneladas de aire, que han pasado por sus pulmones, y a trav\u00e9s de su superficie alveolar (si esta se extendiera sobre una superficie equivaldr\u00eda a la de una pista de tenis reglamentaria). Ha ingerido 60 toneladas de alimentos a lo largo del sistema digestivo y unas 45 toneladas de agua. El garantizar un estado \u00f3ptimo de estos 4 combustibles b\u00e1sicos para la vida son uno de los mejores regalos para la infancia. Somos lo que comemos, respiramos, bebemos y amamos. En una constante interacci\u00f3n con nuestro material constitucional y gen\u00e9tico la madre naturaleza a trav\u00e9s de estos combustibles b\u00e1sico para la vida determina quienes somos y lo que hacemos. De esta forma el garantizar un estado \u00f3ptimo de estos 4 combustibles b\u00e1sicos para la vida son uno de los mejores regalos para la infancia. La madre naturaleza nos transforma constantemente y modula el estado del BALANCE SALUD-ENFERMEDAD. <p><\/p>\n<p><strong>Los programas del Laboratorio de Entorno y Salud Humana (LENSAHU): <\/strong><\/p>\n<li>La <strong>CASA DEL AIRE<\/strong> es un programa enfocado a la educaci\u00f3n y fortalecimiento de la respiraci\u00f3n y el contacto con la naturaleza.\n<\/li>\n<li>El <strong>REFUGIO DEL AGUA<\/strong> es un programa con el objetivo de educar sobre el agua y su relaci\u00f3n en el binomio salud-enfermedad.  <\/li>\n<li>LA <strong>CASA DE LOS ALIMENTOS<\/strong> es un programa con el objetivo de educar sobre la alimentaci\u00f3n ecol\u00f3gica y crianza m\u00e1s natural en el binomio salud-enfermedad. <\/li>\n<li>El <strong>BOSQUE DE LAS EMOCIONES y LOS \u00c1RBOLES DEL PENSAMIENTO<\/strong> es un programa del Laboratorio de Entorno y Salud Humana sobre Neurociencia con el objetivo de estimular el &#8216;cableado&#8217; creativo y la inteligencia emocional del cerebro en desarrollo. Cada cerebro se parece a otro como los \u00e1rboles de un bosque, que aun siendo todos de la misma especie y en la lejan\u00eda parecer iguales, de cerca, en las peque\u00f1as ramas e incluso en ramas principales, son claramente diferentes. El cerebro es una estructura con un infinito repertorio de mecanismos puestos en marcha pocos d\u00edas despu\u00e9s de la concepci\u00f3n que prosigue su construcci\u00f3n y reconstrucci\u00f3n constantemente y sumamente activa hasta el final de la adolescencia. Incluye actividades destinadas a ni\u00f1os sanos y con patolog\u00eda como d\u00e9ficit de atenci\u00f3n, espectro alcoh\u00f3lico fetal, y contra la violencia de g\u00e9nero con especial atenci\u00f3n a la mujer embarazada, lactante y ni\u00f1os\/as periodo de crianza<\/li>\n<\/ol>\t\t\t\t\t\t\t\t<\/div>\n\t\t\t\t<\/div>\n\t\t\t\t\t<\/div>\n\t\t<\/div>\n\t\t\t\t\t<\/div>\n\t\t<\/section>\n\t\t\t\t<\/div>\n\t\t","protected":false},"excerpt":{"rendered":"<p>La madre naturaleza nos transforma constantemente y modula el estado del BALANCE SALUD-ENFERMEDAD. Podr\u00edamos reconocer la salud como el estado opuesto al de la enfermedad. Nosotros para un estado de bienestar f\u00edsico, psiquico y social necesitamos una serie de materias y combustibles b\u00e1sicos que hacen posible la vida en su estado m\u00e1s \u00f3ptimo: alimentos, aire, &hellip; <\/p>\n<p class=\"link-more\"><a href=\"https:\/\/pehsu.org\/wp\/?page_id=1299\" class=\"more-link\">Leer m\u00e1s<span class=\"screen-reader-text\"> \u00abNuestros Programas\u00bb<\/span><\/a><\/p>\n","protected":false},"author":1,"featured_media":0,"parent":35,"menu_order":3,"comment_status":"closed","ping_status":"closed","template":"","meta":{"inspiro_hide_title":false,"footnotes":""},"class_list":["post-1299","page","type-page","status-publish","hentry"],"aioseo_notices":[],"_links":{"self":[{"href":"https:\/\/pehsu.org\/wp\/index.php?rest_route=\/wp\/v2\/pages\/1299","targetHints":{"allow":["GET"]}}],"collection":[{"href":"https:\/\/pehsu.org\/wp\/index.php?rest_route=\/wp\/v2\/pages"}],"about":[{"href":"https:\/\/pehsu.org\/wp\/index.php?rest_route=\/wp\/v2\/types\/page"}],"author":[{"embeddable":true,"href":"https:\/\/pehsu.org\/wp\/index.php?rest_route=\/wp\/v2\/users\/1"}],"replies":[{"embeddable":true,"href":"https:\/\/pehsu.org\/wp\/index.php?rest_route=%2Fwp%2Fv2%2Fcomments&post=1299"}],"version-history":[{"count":11,"href":"https:\/\/pehsu.org\/wp\/index.php?rest_route=\/wp\/v2\/pages\/1299\/revisions"}],"predecessor-version":[{"id":3750,"href":"https:\/\/pehsu.org\/wp\/index.php?rest_route=\/wp\/v2\/pages\/1299\/revisions\/3750"}],"up":[{"embeddable":true,"href":"https:\/\/pehsu.org\/wp\/index.php?rest_route=\/wp\/v2\/pages\/35"}],"wp:attachment":[{"href":"https:\/\/pehsu.org\/wp\/index.php?rest_route=%2Fwp%2Fv2%2Fmedia&parent=1299"}],"curies":[{"name":"wp","href":"https:\/\/api.w.org\/{rel}","templated":true}]}}