

{"id":1282,"date":"2014-01-16T07:26:15","date_gmt":"2014-01-16T05:26:15","guid":{"rendered":"http:\/\/pehsu.org\/wp\/?page_id=1282"},"modified":"2024-05-24T16:24:57","modified_gmt":"2024-05-24T14:24:57","slug":"bienvenida-ensahu","status":"publish","type":"page","link":"https:\/\/pehsu.org\/wp\/?page_id=1282","title":{"rendered":"Bienvenida LENSAHU"},"content":{"rendered":"\t\t<div data-elementor-type=\"wp-page\" data-elementor-id=\"1282\" class=\"elementor elementor-1282\">\n\t\t\t\t\t\t<section class=\"elementor-section elementor-top-section elementor-element elementor-element-9b11dc9 elementor-section-boxed elementor-section-height-default elementor-section-height-default\" data-id=\"9b11dc9\" data-element_type=\"section\" data-e-type=\"section\">\n\t\t\t\t\t\t<div class=\"elementor-container elementor-column-gap-default\">\n\t\t\t\t\t<div class=\"elementor-column elementor-col-100 elementor-top-column elementor-element elementor-element-c61d4d3\" data-id=\"c61d4d3\" data-element_type=\"column\" data-e-type=\"column\">\n\t\t\t<div class=\"elementor-widget-wrap elementor-element-populated\">\n\t\t\t\t\t\t<div class=\"elementor-element elementor-element-3b953cd elementor-widget elementor-widget-heading\" data-id=\"3b953cd\" data-element_type=\"widget\" data-e-type=\"widget\" data-widget_type=\"heading.default\">\n\t\t\t\t<div class=\"elementor-widget-container\">\n\t\t\t\t\t<h2 class=\"elementor-heading-title elementor-size-default\">La madre naturaleza como recuso terape\u00fatico para mejorar la salud<\/h2>\t\t\t\t<\/div>\n\t\t\t\t<\/div>\n\t\t\t\t\t<\/div>\n\t\t<\/div>\n\t\t\t\t\t<\/div>\n\t\t<\/section>\n\t\t\t\t<section class=\"elementor-section elementor-top-section elementor-element elementor-element-5029cc46 elementor-section-boxed elementor-section-height-default elementor-section-height-default\" data-id=\"5029cc46\" data-element_type=\"section\" data-e-type=\"section\">\n\t\t\t\t\t\t<div class=\"elementor-container elementor-column-gap-default\">\n\t\t\t\t\t<div class=\"elementor-column elementor-col-100 elementor-top-column elementor-element elementor-element-4c7ee159\" data-id=\"4c7ee159\" data-element_type=\"column\" data-e-type=\"column\">\n\t\t\t<div class=\"elementor-widget-wrap elementor-element-populated\">\n\t\t\t\t\t\t<div class=\"elementor-element elementor-element-3b2b105d elementor-widget elementor-widget-text-editor\" data-id=\"3b2b105d\" data-element_type=\"widget\" data-e-type=\"widget\" data-widget_type=\"text-editor.default\">\n\t\t\t\t<div class=\"elementor-widget-container\">\n\t\t\t\t\t\t\t\t\t<p><span style=\"color: var( --e-global-color-text );\">El <\/span><strong style=\"color: var( --e-global-color-text );\">laboratorio <\/strong><strong style=\"color: var( --e-global-color-text );\">ENTORNO Y SALUD HUMANA (LENSAHU) <\/strong><span style=\"color: var( --e-global-color-text );\">es un laboratorio de investigaci\u00f3n multidisciplinar vinculado al <\/span><strong style=\"color: var( --e-global-color-text );\"><em>CLUSTER DE EXCELENCIA DE SALUD MEDIOAMBIENTAL: PREVENCI\u00d3N DE DROGAS Y ENFERMEDADES CR\u00d3NICAS DESDE LA INFANCIA <\/em><\/strong><span style=\"color: var( --e-global-color-text );\">del Hospital Cl\u00ednico Universitario Virgen de la Arrixaca. Murcia. Espa\u00f1a.<\/span><\/p><p>El laboratorio LENSAHU est\u00e1 dedicado al estudio de la conexi\u00f3n de la madre naturaleza (animales, vegetaci\u00f3n y experiencias en la naturaleza) con la salud humana, con especial atenci\u00f3n a la etapa infanto-juvenil.<\/p><h5><strong>OBJETIVOS DE LENSAHU: <\/strong><\/h5><p><strong>Estudiar los efectos en el desarrollo \u00f3ptimo de los individuos en desarrollo (fetal-infanto-juvenil) del contacto con los animales, los \u00e1rboles y espacios naturales, vegetaci\u00f3n, flores, experiencias en la naturaleza.<\/strong> Efectos a estudiar en:<\/p><ol><li>Violencia y delincuencia (embarazo, lactancia, infancia, adolescencia)<\/li><li>Drogas legales e ilegales (embarazo, lactancia, infancia, adolescencia)<\/li><li>Bienestar y Desarrollo \u00f3ptimo (embarazo, lactancia, infancia, adolescencia)<\/li><li>Mejora de la calidad de vida y supervivencia en los pacientes con c\u00e1ncer (infantil, adolescente y del adulto -mama y pr\u00f3stata).<\/li><li>Desarrollo neurol\u00f3gico: Motor, Atenci\u00f3n, Aprendizaje, Rendimiento escolar, Funciones ejecutivas y de autocontrol.<\/li><li>Prevenci\u00f3n de enfermedades cr\u00f3nicas desde la infancia (respiratorias, neurol\u00f3gicas, oncol\u00f3gicas, endocrinas y autoinmunes)<\/li><\/ol><p><strong><br \/>Incrementar el uso y cuidado de las zonas verdes para ayudar a fortalecer la salud de ni\u00f1os, familias y comunidades<\/strong><\/p><ol><li>Proponer actividades en la naturaleza y contacto con vegetaci\u00f3n y animales para disminuir la exposici\u00f3n\/consumo de drogas durante la etapa fetal-infanto-juvenil y alcanzar un desarrollo \u00f3ptimo de los individuos<\/li><li>Ayudar en el dise\u00f1o de espacios construidos y naturales para que contribuyan en la promoci\u00f3n de la salud<\/li><li>Estudiar y apoyar la creaci\u00f3n de zonas verdes en las zonas m\u00e1s necesitadas para contribuir al desarrollo de ambientes m\u00e1s saludables para la infancia<\/li><\/ol><p><strong>Poblaciones que estudiamos: <\/strong><\/p><ol><li>Ni\u00f1os\/as y adolescentes sanos y con todo tipo de enfermedades cr\u00f3nicas<\/li><li>Ni\u00f1os\/as y adolescentes con trastornos neurol\u00f3gicos o efectos relacionados con la exposici\u00f3n a drogas legales e iligales<\/li><li>Ni\u00f1os\/as y adolescentes supervivientes de c\u00e1ncer pedi\u00e1trico<\/li><li>Ni\u00f1os\/as, adolescentes y adultos-ancianos ingresados que requieran apoyo terape\u00fatico durante el ingreso del contacto con la naturaleza para fortalecer su salud<\/li><li>Mujeres durante la etapa periconcepcional hasta el final de la lactancia: apoyando el desarrollo \u00f3ptimo de los ni\u00f1os y ni\u00f1as<\/li><li>Mujeres embarazadas\/lactantes y familias en riesgo social y medioambiental por exposici\u00f3n a t\u00f3xicos y drogas<\/li><li>Ni\u00f1os\/as de los barrios m\u00e1s pobres de las ciudades de la Regi\u00f3n de Murcia<\/li><\/ol><p><strong> Entornos de investigaci\u00f3n: <\/strong><\/p><ol><li>&#8216;Bosque de la vida&#8217;. Entorno natural de 38.000 metros cuadradros de Bosque P\u00fablico, gestionado por la Direcci\u00f3n General de Medio Ambiente de la Consejer\u00eda de Presidencia de la Comunidad Aut\u00f3noma de la Regi\u00f3n de Murcia, y cedido para uso de investigaci\u00f3n y apoyo terape\u00fatico del Hospital Universitario Virgen de la Arrixaca.<\/li><li>Colegios de la Regi\u00f3n de Murcia<\/li><li>Parques y zonas verdes urbanas, vivienda, barrios, ambiente construido en las ciudades<\/li><li>Estudios de simulaci\u00f3n sobre ambiente construido y natural<\/li><\/ol>\t\t\t\t\t\t\t\t<\/div>\n\t\t\t\t<\/div>\n\t\t\t\t\t<\/div>\n\t\t<\/div>\n\t\t\t\t\t<\/div>\n\t\t<\/section>\n\t\t\t\t<\/div>\n\t\t","protected":false},"excerpt":{"rendered":"<p>La madre naturaleza como recuso terape\u00fatico para mejorar la salud El laboratorio ENTORNO Y SALUD HUMANA (LENSAHU) es un laboratorio de investigaci\u00f3n multidisciplinar vinculado al CLUSTER DE EXCELENCIA DE SALUD MEDIOAMBIENTAL: PREVENCI\u00d3N DE DROGAS Y ENFERMEDADES CR\u00d3NICAS DESDE LA INFANCIA del Hospital Cl\u00ednico Universitario Virgen de la Arrixaca. Murcia. Espa\u00f1a. El laboratorio LENSAHU est\u00e1 dedicado &hellip; <\/p>\n<p class=\"link-more\"><a href=\"https:\/\/pehsu.org\/wp\/?page_id=1282\" class=\"more-link\">Leer m\u00e1s<span class=\"screen-reader-text\"> \u00abBienvenida LENSAHU\u00bb<\/span><\/a><\/p>\n","protected":false},"author":1,"featured_media":0,"parent":35,"menu_order":0,"comment_status":"closed","ping_status":"closed","template":"","meta":{"inspiro_hide_title":false,"footnotes":""},"class_list":["post-1282","page","type-page","status-publish","hentry"],"aioseo_notices":[],"_links":{"self":[{"href":"https:\/\/pehsu.org\/wp\/index.php?rest_route=\/wp\/v2\/pages\/1282","targetHints":{"allow":["GET"]}}],"collection":[{"href":"https:\/\/pehsu.org\/wp\/index.php?rest_route=\/wp\/v2\/pages"}],"about":[{"href":"https:\/\/pehsu.org\/wp\/index.php?rest_route=\/wp\/v2\/types\/page"}],"author":[{"embeddable":true,"href":"https:\/\/pehsu.org\/wp\/index.php?rest_route=\/wp\/v2\/users\/1"}],"replies":[{"embeddable":true,"href":"https:\/\/pehsu.org\/wp\/index.php?rest_route=%2Fwp%2Fv2%2Fcomments&post=1282"}],"version-history":[{"count":18,"href":"https:\/\/pehsu.org\/wp\/index.php?rest_route=\/wp\/v2\/pages\/1282\/revisions"}],"predecessor-version":[{"id":3767,"href":"https:\/\/pehsu.org\/wp\/index.php?rest_route=\/wp\/v2\/pages\/1282\/revisions\/3767"}],"up":[{"embeddable":true,"href":"https:\/\/pehsu.org\/wp\/index.php?rest_route=\/wp\/v2\/pages\/35"}],"wp:attachment":[{"href":"https:\/\/pehsu.org\/wp\/index.php?rest_route=%2Fwp%2Fv2%2Fmedia&parent=1282"}],"curies":[{"name":"wp","href":"https:\/\/api.w.org\/{rel}","templated":true}]}}