

{"id":1268,"date":"2014-01-15T11:18:19","date_gmt":"2014-01-15T09:18:19","guid":{"rendered":"http:\/\/pehsu.org\/wp\/?page_id=1268"},"modified":"2024-05-27T15:06:34","modified_gmt":"2024-05-27T13:06:34","slug":"actividades-programas-ensahu","status":"publish","type":"page","link":"https:\/\/pehsu.org\/wp\/?page_id=1268","title":{"rendered":"Campamento de Argonautas"},"content":{"rendered":"\t\t<div data-elementor-type=\"wp-page\" data-elementor-id=\"1268\" class=\"elementor elementor-1268\">\n\t\t\t\t\t\t<section class=\"elementor-section elementor-top-section elementor-element elementor-element-a8b2222 elementor-section-boxed elementor-section-height-default elementor-section-height-default\" data-id=\"a8b2222\" data-element_type=\"section\" data-e-type=\"section\">\n\t\t\t\t\t\t<div class=\"elementor-container elementor-column-gap-default\">\n\t\t\t\t\t<div class=\"elementor-column elementor-col-100 elementor-top-column elementor-element elementor-element-ed587f7\" data-id=\"ed587f7\" data-element_type=\"column\" data-e-type=\"column\">\n\t\t\t<div class=\"elementor-widget-wrap elementor-element-populated\">\n\t\t\t\t\t\t<div class=\"elementor-element elementor-element-420f0f8 elementor-widget elementor-widget-heading\" data-id=\"420f0f8\" data-element_type=\"widget\" data-e-type=\"widget\" data-widget_type=\"heading.default\">\n\t\t\t\t<div class=\"elementor-widget-container\">\n\t\t\t\t\t<h2 class=\"elementor-heading-title elementor-size-default\">CAMPAMENTO DE ARGONAUTAS: EL CONTACTO Y ACTIVIDADES EN LA NATURALEZA MEJORAN A LOS NI\u00d1OS CON ENFERMEDADES CR\u00d3NICAS.<\/h2>\t\t\t\t<\/div>\n\t\t\t\t<\/div>\n\t\t\t\t\t<\/div>\n\t\t<\/div>\n\t\t\t\t\t<\/div>\n\t\t<\/section>\n\t\t\t\t<section class=\"elementor-section elementor-top-section elementor-element elementor-element-06a3cc1 elementor-section-boxed elementor-section-height-default elementor-section-height-default\" data-id=\"06a3cc1\" data-element_type=\"section\" data-e-type=\"section\">\n\t\t\t\t\t\t<div class=\"elementor-container elementor-column-gap-default\">\n\t\t\t\t\t<div class=\"elementor-column elementor-col-100 elementor-top-column elementor-element elementor-element-0c705f2\" data-id=\"0c705f2\" data-element_type=\"column\" data-e-type=\"column\">\n\t\t\t<div class=\"elementor-widget-wrap elementor-element-populated\">\n\t\t\t\t\t\t<div class=\"elementor-element elementor-element-90bd6d0 elementor-widget elementor-widget-heading\" data-id=\"90bd6d0\" data-element_type=\"widget\" data-e-type=\"widget\" data-widget_type=\"heading.default\">\n\t\t\t\t<div class=\"elementor-widget-container\">\n\t\t\t\t\t<h3 class=\"elementor-heading-title elementor-size-default\">LAS ACTIVIDADES EN LA NATURALEZA MEJORAN LA CALIDAD DE VIDA DE LOS NI\u00d1OS CON ENFERMEDADES CR\u00d3NICAS: TRASTORNOS NEUROL\u00d3GICOS (D\u00c9FICIT DE ATENCI\u00d3N, AUTISMO), ESPECTRO ALCOH\u00d3LICO FETAL, DIABETES, C\u00c1NCER, ARTRITIS REUMATOIDE JUVENIL, RESPIRATORIOS CR\u00d3NICOS (ASMA, FIBROSIS QU\u00cdSTICA). <\/h3>\t\t\t\t<\/div>\n\t\t\t\t<\/div>\n\t\t\t\t\t<\/div>\n\t\t<\/div>\n\t\t\t\t\t<\/div>\n\t\t<\/section>\n\t\t\t\t<section class=\"elementor-section elementor-top-section elementor-element elementor-element-dc2d37f elementor-section-boxed elementor-section-height-default elementor-section-height-default\" data-id=\"dc2d37f\" data-element_type=\"section\" data-e-type=\"section\">\n\t\t\t\t\t\t<div class=\"elementor-container elementor-column-gap-default\">\n\t\t\t\t\t<div class=\"elementor-column elementor-col-100 elementor-top-column elementor-element elementor-element-8e21566\" data-id=\"8e21566\" data-element_type=\"column\" data-e-type=\"column\">\n\t\t\t<div class=\"elementor-widget-wrap elementor-element-populated\">\n\t\t\t\t\t\t<div class=\"elementor-element elementor-element-da11cfb elementor-widget elementor-widget-text-editor\" data-id=\"da11cfb\" data-element_type=\"widget\" data-e-type=\"widget\" data-widget_type=\"text-editor.default\">\n\t\t\t\t<div class=\"elementor-widget-container\">\n\t\t\t\t\t\t\t\t\t<p>Con el nombre de argonautas se conoce a los h\u00e9roes que acompa\u00f1aron a Jas\u00f3n en su b\u00fasqueda del vellocino de oro. Sus avatares fueron contados en varios poemas \u00e9picos de la Antig\u00fcedad.<br \/>El nombre de Argonautas procede del lat\u00edn argonauta y \u00e9ste del griego \u03b1\u03c1\u03b3\u03bf\u03bd\u03b1\u03cd\u03c4\u03b7\u03c2, de \u03b1\u03c1\u03b3\u03bf\u03c2 \/ argos (nombre de la nave) y \u03bd\u03b1\u03cd\u03c4\u03b7\u03c2 \/ nauta (marinero). Argo era el nombre de la nave, bautizada en honor a su constructor Argos.<\/p>\t\t\t\t\t\t\t\t<\/div>\n\t\t\t\t<\/div>\n\t\t\t\t\t<\/div>\n\t\t<\/div>\n\t\t\t\t\t<\/div>\n\t\t<\/section>\n\t\t\t\t<section class=\"elementor-section elementor-top-section elementor-element elementor-element-e95b48d elementor-section-boxed elementor-section-height-default elementor-section-height-default\" data-id=\"e95b48d\" data-element_type=\"section\" data-e-type=\"section\">\n\t\t\t\t\t\t<div class=\"elementor-container elementor-column-gap-default\">\n\t\t\t\t\t<div class=\"elementor-column elementor-col-100 elementor-top-column elementor-element elementor-element-2055528\" data-id=\"2055528\" data-element_type=\"column\" data-e-type=\"column\">\n\t\t\t<div class=\"elementor-widget-wrap elementor-element-populated\">\n\t\t\t\t\t\t<div class=\"elementor-element elementor-element-540628e elementor-arrows-position-inside elementor-pagination-position-outside elementor-widget elementor-widget-image-carousel\" data-id=\"540628e\" data-element_type=\"widget\" data-e-type=\"widget\" data-settings=\"{&quot;navigation&quot;:&quot;both&quot;,&quot;autoplay&quot;:&quot;yes&quot;,&quot;pause_on_hover&quot;:&quot;yes&quot;,&quot;pause_on_interaction&quot;:&quot;yes&quot;,&quot;autoplay_speed&quot;:5000,&quot;infinite&quot;:&quot;yes&quot;,&quot;speed&quot;:500}\" data-widget_type=\"image-carousel.default\">\n\t\t\t\t<div class=\"elementor-widget-container\">\n\t\t\t\t\t\t\t<div class=\"elementor-image-carousel-wrapper swiper\" role=\"region\" aria-roledescription=\"carousel\" aria-label=\"Carrusel de im\u00e1genes\" dir=\"ltr\">\n\t\t\t<div class=\"elementor-image-carousel swiper-wrapper\" aria-live=\"off\">\n\t\t\t\t\t\t\t\t<div class=\"swiper-slide\" role=\"group\" aria-roledescription=\"slide\" aria-label=\"1 de 5\"><figure class=\"swiper-slide-inner\"><img decoding=\"async\" class=\"swiper-slide-image\" src=\"https:\/\/pehsu.org\/wp\/wp-content\/uploads\/images-150x150.jpg\" alt=\"actividades_aire_libre\" \/><\/figure><\/div><div class=\"swiper-slide\" role=\"group\" aria-roledescription=\"slide\" aria-label=\"2 de 5\"><figure class=\"swiper-slide-inner\"><img decoding=\"async\" class=\"swiper-slide-image\" src=\"https:\/\/pehsu.org\/wp\/wp-content\/uploads\/experienciaslensahu1-150x150.jpg\" alt=\"experienciaslensahu\" \/><\/figure><\/div><div class=\"swiper-slide\" role=\"group\" aria-roledescription=\"slide\" aria-label=\"3 de 5\"><figure class=\"swiper-slide-inner\"><img decoding=\"async\" class=\"swiper-slide-image\" src=\"https:\/\/pehsu.org\/wp\/wp-content\/uploads\/paseo-150x150.jpg\" alt=\"paseo\" \/><\/figure><\/div><div class=\"swiper-slide\" role=\"group\" aria-roledescription=\"slide\" aria-label=\"4 de 5\"><figure class=\"swiper-slide-inner\"><img decoding=\"async\" class=\"swiper-slide-image\" src=\"https:\/\/pehsu.org\/wp\/wp-content\/uploads\/Murcia-desde-el-valle-150x150.jpg\" alt=\"Zona Zepa\" \/><\/figure><\/div><div class=\"swiper-slide\" role=\"group\" aria-roledescription=\"slide\" aria-label=\"5 de 5\"><figure class=\"swiper-slide-inner\"><img decoding=\"async\" class=\"swiper-slide-image\" src=\"https:\/\/pehsu.org\/wp\/wp-content\/uploads\/nenes_jugando-150x150.jpg\" alt=\"Nenes jugando al aire libre\" \/><\/figure><\/div>\t\t\t<\/div>\n\t\t\t\t\t\t\t\t\t\t\t\t<div class=\"elementor-swiper-button elementor-swiper-button-prev\" role=\"button\" tabindex=\"0\">\n\t\t\t\t\t\t<i aria-hidden=\"true\" class=\"eicon-chevron-left\"><\/i>\t\t\t\t\t<\/div>\n\t\t\t\t\t<div class=\"elementor-swiper-button elementor-swiper-button-next\" role=\"button\" tabindex=\"0\">\n\t\t\t\t\t\t<i aria-hidden=\"true\" class=\"eicon-chevron-right\"><\/i>\t\t\t\t\t<\/div>\n\t\t\t\t\n\t\t\t\t\t\t\t\t\t<div class=\"swiper-pagination\"><\/div>\n\t\t\t\t\t\t\t\t\t<\/div>\n\t\t\t\t\t\t<\/div>\n\t\t\t\t<\/div>\n\t\t\t\t\t<\/div>\n\t\t<\/div>\n\t\t\t\t\t<\/div>\n\t\t<\/section>\n\t\t\t\t<section class=\"elementor-section elementor-top-section elementor-element elementor-element-460c5335 elementor-section-boxed elementor-section-height-default elementor-section-height-default\" data-id=\"460c5335\" data-element_type=\"section\" data-e-type=\"section\">\n\t\t\t\t\t\t<div class=\"elementor-container elementor-column-gap-default\">\n\t\t\t\t\t<div class=\"elementor-column elementor-col-100 elementor-top-column elementor-element elementor-element-922cad9\" data-id=\"922cad9\" data-element_type=\"column\" data-e-type=\"column\">\n\t\t\t<div class=\"elementor-widget-wrap elementor-element-populated\">\n\t\t\t\t\t\t<div class=\"elementor-element elementor-element-2518335e elementor-widget elementor-widget-text-editor\" data-id=\"2518335e\" data-element_type=\"widget\" data-e-type=\"widget\" data-widget_type=\"text-editor.default\">\n\t\t\t\t<div class=\"elementor-widget-container\">\n\t\t\t\t\t\t\t\t\t<p>\u00a0<\/p><p>Campamento de Argonautas es un campamento fundado por el PROGRAMA ARGOS, situado en las instalaciones de las en colinas de LENSAHU. La peculiaridad de este campamento es que todos los menores que acuden a \u00e9l tienen alguna enfermedad cr\u00f3nica (c\u00e1ncer, espectro alcoh\u00f3lico fetal, diabetes, fibrosis qu\u00edstica&#8230;). Una excelente y discreta supervisi\u00f3n pedi\u00e1trica ayuda a que los menores puedan continuar con sus tratamientos, mientras disfrutan de esta experiencia \u00fanica.<\/p><p>Argonautas es sin\u00f3nimo de viaje, experiencias nuevas, magia, y d\u00edas sin preocuparse por nada m\u00e1s que por disfrutar y pasarlo bien. Es una experiencia \u00fanica en las vidas de los menores que tienen la suerte de poder disfrutarla.<br \/><strong>Los objetivos del Campamento de Argonautas son: <\/strong>1) ayudarles a mejorar su calidad de vida, disminuir morbilidad asociada y fortalecer los mecanismos de defensa ante la enfermedad; 2) estimular y promover los estilos de vida saludables y el contacto con la madre naturaleza como recurso terape\u00fatico que contribuya a modelar y mejorar la salud global de los ni\u00f1os\/as.<br \/>Fecha prevista de inicio del programa diciembre 2014. Ni\u00f1os participantes: 25 por edici\u00f3n. Monitores: 5. Psic\u00f3logo de apoyo: 1. Personal sanitario de apoyo: 1.<\/p><hr \/><p><strong>Actualmente buscamos PADRINOS ARGONAUTICOS que apoyen financieramente este programa. <\/strong><\/p><hr \/><p><strong>Actividades del programa:<\/strong><br \/>1 semana de actividades en regimen de alojamiento. LUGAR: Laboratorio de Entorno y Salud Humana, Colinas de LENSAHU. Hospital Cl\u00ednico Universitario Virgen de la Arrixaca.<br \/>De D\u00eda: Juegos de equipo, tiro con Arco, paseo a caballo, arte y artesan\u00eda, cocina, deportes.<br \/>De Noche: Fogata, festival del curso, canciones.<br \/>Cada actividad est\u00e1 enfocada para que constituya un nuevo desaf\u00edo y reto de superaci\u00f3n, que le anima a superar sus limitaciones reales e imaginarias. Al finalizar las pruebas siempre se acompa\u00f1a del reconocimiento de \u00e9xito, este proceso se ve facilitado por la actitud alentadora y positiva de los monitores y del personal voluntario.<br \/>Personal de apoyo: 2 monitores.<br \/><strong>Referencias bibliogr\u00e1ficas:<\/strong><\/p><ul><li>Bennett LW, Cardone S, Jarczyk J. Effects of a therapeutic camping program on addiction recovery. The Algonquin Haymarket Relapse Prevention Program. J Subst Abuse Treat. 1998;15:469-74.<\/li><li>B\u00e9k\u00e9si A, T\u00f6r\u00f6k S, K\u00f6k\u00f6nyei G, Bokr\u00e9t\u00e1s I, Szentes A, Telep\u00f3czki G; European KIDSCREEN Group. Health-related quality of life changes of children and adolescents with chronic disease after participation in therapeutic recreation camping program. Health Qual Life Outcomes. 2011;9:43.<\/li><li>Sattoe JN, Jedeloo S, van Staa A. Effective peer-to-peer support for young people with end-stage renal disease: a mixed methods evaluation of Camp COOL. BMC Nephrol. 2013;14:279.<\/li><li>Bachman B. The development of a sustainable, community-supported children&#8217;s bereavement camp. Omega (Westport). 2013;67(1-2):21-35.<\/li><li>American Diabetes Association. Diabetes management at camps for children with diabetes. Diabetes Care. 2012;35 Suppl 1:S72-5.<\/li><li>Mudd K, Wood RA. Managing food allergies in schools and camps. Pediatr Clin North Am. 2011;58(2):471-80<\/li><li>Keniger LE, Gaston KJ, Irvine KN, Fuller RA. What are the benefits of interacting with nature? Int J Environ Res Public Health. 2013;10(3):913-35.<\/li><li>Bowler DE, Buyung-Ali LM, Knight TM, Pullin AS. A systematic review of evidence for the added benefits to health of exposure to natural environments.<br \/>BMC Public Health. 2010;10:456.<\/li><li>Blau H, Mussaffi-Georgy H, Fink G, Kaye C, Szeinberg A, Spitzer SA, Yahav J. Effects of an intensive 4-week summer camp on cystic fibrosis: pulmonary<br \/>function, exercise tolerance, and nutrition. Chest. 2002 Apr;121(4):1117-22.<\/li><li>Irvine KN, Warber SL. Greening healthcare: practicing as if the natural environment really mattered. Altern Ther Health Med. 2002;8:76-83.<\/li><\/ul>\t\t\t\t\t\t\t\t<\/div>\n\t\t\t\t<\/div>\n\t\t\t\t\t<\/div>\n\t\t<\/div>\n\t\t\t\t\t<\/div>\n\t\t<\/section>\n\t\t\t\t<\/div>\n\t\t","protected":false},"excerpt":{"rendered":"<p>CAMPAMENTO DE ARGONAUTAS: EL CONTACTO Y ACTIVIDADES EN LA NATURALEZA MEJORAN A LOS NI\u00d1OS CON ENFERMEDADES CR\u00d3NICAS. LAS ACTIVIDADES EN LA NATURALEZA MEJORAN LA CALIDAD DE VIDA DE LOS NI\u00d1OS CON ENFERMEDADES CR\u00d3NICAS: TRASTORNOS NEUROL\u00d3GICOS (D\u00c9FICIT DE ATENCI\u00d3N, AUTISMO), ESPECTRO ALCOH\u00d3LICO FETAL, DIABETES, C\u00c1NCER, ARTRITIS REUMATOIDE JUVENIL, RESPIRATORIOS CR\u00d3NICOS (ASMA, FIBROSIS QU\u00cdSTICA). Con el nombre &hellip; <\/p>\n<p class=\"link-more\"><a href=\"https:\/\/pehsu.org\/wp\/?page_id=1268\" class=\"more-link\">Leer m\u00e1s<span class=\"screen-reader-text\"> \u00abCampamento de Argonautas\u00bb<\/span><\/a><\/p>\n","protected":false},"author":1,"featured_media":0,"parent":35,"menu_order":4,"comment_status":"closed","ping_status":"closed","template":"","meta":{"inspiro_hide_title":false,"footnotes":""},"class_list":["post-1268","page","type-page","status-publish","hentry"],"aioseo_notices":[],"_links":{"self":[{"href":"https:\/\/pehsu.org\/wp\/index.php?rest_route=\/wp\/v2\/pages\/1268","targetHints":{"allow":["GET"]}}],"collection":[{"href":"https:\/\/pehsu.org\/wp\/index.php?rest_route=\/wp\/v2\/pages"}],"about":[{"href":"https:\/\/pehsu.org\/wp\/index.php?rest_route=\/wp\/v2\/types\/page"}],"author":[{"embeddable":true,"href":"https:\/\/pehsu.org\/wp\/index.php?rest_route=\/wp\/v2\/users\/1"}],"replies":[{"embeddable":true,"href":"https:\/\/pehsu.org\/wp\/index.php?rest_route=%2Fwp%2Fv2%2Fcomments&post=1268"}],"version-history":[{"count":29,"href":"https:\/\/pehsu.org\/wp\/index.php?rest_route=\/wp\/v2\/pages\/1268\/revisions"}],"predecessor-version":[{"id":4107,"href":"https:\/\/pehsu.org\/wp\/index.php?rest_route=\/wp\/v2\/pages\/1268\/revisions\/4107"}],"up":[{"embeddable":true,"href":"https:\/\/pehsu.org\/wp\/index.php?rest_route=\/wp\/v2\/pages\/35"}],"wp:attachment":[{"href":"https:\/\/pehsu.org\/wp\/index.php?rest_route=%2Fwp%2Fv2%2Fmedia&parent=1268"}],"curies":[{"name":"wp","href":"https:\/\/api.w.org\/{rel}","templated":true}]}}