

{"id":1266,"date":"2014-01-15T11:17:54","date_gmt":"2014-01-15T09:17:54","guid":{"rendered":"http:\/\/pehsu.org\/wp\/?page_id=1266"},"modified":"2024-05-24T16:30:51","modified_gmt":"2024-05-24T14:30:51","slug":"publicaciones-ensahu","status":"publish","type":"page","link":"https:\/\/pehsu.org\/wp\/?page_id=1266","title":{"rendered":"PUBLICACIONES (LENSAHU)"},"content":{"rendered":"\t\t<div data-elementor-type=\"wp-page\" data-elementor-id=\"1266\" class=\"elementor elementor-1266\">\n\t\t\t\t\t\t<section class=\"elementor-section elementor-top-section elementor-element elementor-element-6ab8d5bf elementor-section-boxed elementor-section-height-default elementor-section-height-default\" data-id=\"6ab8d5bf\" data-element_type=\"section\" data-e-type=\"section\">\n\t\t\t\t\t\t<div class=\"elementor-container elementor-column-gap-default\">\n\t\t\t\t\t<div class=\"elementor-column elementor-col-100 elementor-top-column elementor-element elementor-element-7b3749f6\" data-id=\"7b3749f6\" data-element_type=\"column\" data-e-type=\"column\">\n\t\t\t<div class=\"elementor-widget-wrap elementor-element-populated\">\n\t\t\t\t\t\t<div class=\"elementor-element elementor-element-226aa230 elementor-widget elementor-widget-text-editor\" data-id=\"226aa230\" data-element_type=\"widget\" data-e-type=\"widget\" data-widget_type=\"text-editor.default\">\n\t\t\t\t<div class=\"elementor-widget-container\">\n\t\t\t\t\t\t\t\t\t<strong>Cap\u00edtulos de libro. <\/strong>\r\n\t<li>Ortega Garc\u00eda JA, Ferr\u00eds i Tortajada J, S\u00e1nchez-Sol\u00eds M. <strong>Salud Medioambiental del Adolescente.<\/strong> En: Hidalgo Vicario MI, Redondo Romero AM, Castellano Barca G (eds). Medicina de la Adolescencia, Atenci\u00f3n Integral. 2\u00aaed Madrid: Sociedad Espa\u00f1ola de Medicina de la Adolescencia (SEMA); 2012:91-96. <\/li> <em>En este cap\u00edtulo desarrrollamos las tareas de justicia medioambiental y como el contacto con la naturaleza supone un beneficio para la salud de los adolescentes.<\/em> <a href=\"http:\/\/pehsu.org\/wp\/wp-content\/uploads\/ADOLESCENTES_BOOKOrtega.pdf\">Link<\/a>\r\n\r\n<strong>Art\u00edculos cient\u00edficos. <\/strong>\t\r\n<li>Ortega-Garc\u00eda JA, Soldin OP, S\u00e1nchez-Sauco MF, C\u00e1novas-Conesa A, Gomar\u00edz-Pe\u00f1alver V, Jaimes-Vega DC, Perales JE, C\u00e1rceles-Alvarez A, Mart\u00ednez-Ros MT, Ruiz D. <strong>Violence against women and gastroschisis: a case-control study<\/strong>. Int J Environ Res Public Health. 2013;10:5178-90. <a href=\"http:\/\/www.ncbi.nlm.nih.gov\/pubmed\/24142184\">Texto completo<\/a> <\/li>\r\n\t<li>D\u00edaz-G\u00f3mez NM, Ares S, Hern\u00e1ndez-Aguilar MT, Ortega-Garc\u00eda JA, Paricio-Talayero JM, Landa-Rivera L; Comit\u00e9 de Lactancia Materna de la Asociaci\u00f3n Espa\u00f1ola de Pediatr\u00eda. <strong>Chemical pollution and breast milk: Taking positions<\/strong>. An Pediatr (Barc). 2013;79:391.e1-5. <a href=\"http:\/\/www.ncbi.nlm.nih.gov\/pubmed\/23791806\">Texto completo<\/a>. <\/li>\r\n\t<li>Ortega-Garc\u00eda JA, Soldin OP, L\u00f3pez-Hern\u00e1ndez FA, Trasande L, Ferr\u00eds-Tortajada J. <strong>Congenital fibrosarcoma and history of prenatal exposure to petroleum derivatives<\/strong>. Pediatrics. 2012;130:e1019-25. <a href=\"http:\/\/www.ncbi.nlm.nih.gov\/pubmed\/22945410\">Texto completo<\/a> <\/li> \r\n\t<li>Ortega-Garc\u00eda JA, Gutierrez-Churango JE, S\u00e1nchez-Sauco MF, Mart\u00ednez-Aroca M, Delgado-Mar\u00edn JL, S\u00e1nchez-Solis M, Parrilla-Paricio JJ, Claudio L, Mart\u00ednez-Lage JF. <strong>Head circumference at birth and exposure to tobacco, alcohol and illegal drugs during early pregnancy.<\/strong> Childs Nerv Syst. 2012;28:433-9. <a href=\"http:\/\/www.ncbi.nlm.nih.gov\/pubmed\/22002105\">Resumen<\/a> <\/li>\r\n\t<li> Ortega-Garc\u00eda JA, L\u00f3pez-Fern\u00e1ndez MT, Llano R, Pastor-Vivero MD, Mond\u00e9jar-L\u00f3pez P, S\u00e1nchez-Sauco MF, S\u00e1nchez-Sol\u00eds M. <strong>Smoking prevention and cessation programme in cystic fibrosis: integrating an environmental health approach.<\/strong> J Cyst Fibros. 2012;11:34-39. <a href=\"http:\/\/www.ncbi.nlm.nih.gov\/pubmed\/22000068\">Texto completo <\/a><\/li>\r\n\t<li>Ortega-Garc\u00eda JA, L\u00f3pez-Hern\u00e1ndez FA, Fuster-Soler JL, Mart\u00ednez-Lage JF. <strong>Space-time clustering in childhood nervous system tumors in the Region of Murcia,\r\nSpain, 1998-2009.<\/strong> Childs Nerv Syst. 2011;27:1903-11. <a href=\"http:\/\/www.ncbi.nlm.nih.gov\/pubmed\/21656013\">Resumen<\/a> <\/li>\r\n\t<li>Ortega Garc\u00eda JA, Angulo MG, Sobrino-Najul EJ, Soldin OP, Mira AP, Mart\u00ednez-Salcedo E, Claudio L. <strong>Prenatal exposure of a girl with autism spectrum disorder to &#8216;horsetail&#8217; (Equisetum arvense) herbal remedy and alcohol: a case report.<\/strong> J Med Case Rep. 2011 Mar 31;5:129. <a href=\"http:\/\/www.ncbi.nlm.nih.gov\/pubmed\/21453474\">Texto completo.<\/a> <\/li>\r\n\t<li>Ortega-Garc\u00eda JA, L\u00f3pez-Hern\u00e1ndez FA, Sobrino-Najul E, Febo I, Fuster-Soler JL. <strong>Environment and paediatric cancer in the Region of Murcia (Spain): integrating clinical and environmental history in a geographic information system. <\/strong> An Pediatr (Barc). 2011;74:255-60. <a href=\"http:\/\/www.ncbi.nlm.nih.gov\/pubmed\/21315667\">Texto completo<\/a>. <\/li>\r\n\r\n \r\n\r\n\t\t\t\t\t\t\t\t<\/div>\n\t\t\t\t<\/div>\n\t\t\t\t\t<\/div>\n\t\t<\/div>\n\t\t\t\t\t<\/div>\n\t\t<\/section>\n\t\t\t\t<\/div>\n\t\t","protected":false},"excerpt":{"rendered":"<p>Cap\u00edtulos de libro. Ortega Garc\u00eda JA, Ferr\u00eds i Tortajada J, S\u00e1nchez-Sol\u00eds M. Salud Medioambiental del Adolescente. En: Hidalgo Vicario MI, Redondo Romero AM, Castellano Barca G (eds). Medicina de la Adolescencia, Atenci\u00f3n Integral. 2\u00aaed Madrid: Sociedad Espa\u00f1ola de Medicina de la Adolescencia (SEMA); 2012:91-96. En este cap\u00edtulo desarrrollamos las tareas de justicia medioambiental y como &hellip; <\/p>\n<p class=\"link-more\"><a href=\"https:\/\/pehsu.org\/wp\/?page_id=1266\" class=\"more-link\">Leer m\u00e1s<span class=\"screen-reader-text\"> \u00abPUBLICACIONES (LENSAHU)\u00bb<\/span><\/a><\/p>\n","protected":false},"author":1,"featured_media":0,"parent":35,"menu_order":4,"comment_status":"closed","ping_status":"closed","template":"","meta":{"inspiro_hide_title":false,"footnotes":""},"class_list":["post-1266","page","type-page","status-publish","hentry"],"aioseo_notices":[],"_links":{"self":[{"href":"https:\/\/pehsu.org\/wp\/index.php?rest_route=\/wp\/v2\/pages\/1266","targetHints":{"allow":["GET"]}}],"collection":[{"href":"https:\/\/pehsu.org\/wp\/index.php?rest_route=\/wp\/v2\/pages"}],"about":[{"href":"https:\/\/pehsu.org\/wp\/index.php?rest_route=\/wp\/v2\/types\/page"}],"author":[{"embeddable":true,"href":"https:\/\/pehsu.org\/wp\/index.php?rest_route=\/wp\/v2\/users\/1"}],"replies":[{"embeddable":true,"href":"https:\/\/pehsu.org\/wp\/index.php?rest_route=%2Fwp%2Fv2%2Fcomments&post=1266"}],"version-history":[{"count":14,"href":"https:\/\/pehsu.org\/wp\/index.php?rest_route=\/wp\/v2\/pages\/1266\/revisions"}],"predecessor-version":[{"id":3774,"href":"https:\/\/pehsu.org\/wp\/index.php?rest_route=\/wp\/v2\/pages\/1266\/revisions\/3774"}],"up":[{"embeddable":true,"href":"https:\/\/pehsu.org\/wp\/index.php?rest_route=\/wp\/v2\/pages\/35"}],"wp:attachment":[{"href":"https:\/\/pehsu.org\/wp\/index.php?rest_route=%2Fwp%2Fv2%2Fmedia&parent=1266"}],"curies":[{"name":"wp","href":"https:\/\/api.w.org\/{rel}","templated":true}]}}