

{"id":1260,"date":"2014-01-15T11:16:15","date_gmt":"2014-01-15T09:16:15","guid":{"rendered":"http:\/\/pehsu.org\/wp\/?page_id=1260"},"modified":"2024-05-24T16:26:46","modified_gmt":"2024-05-24T14:26:46","slug":"quienes-somos-ensahu","status":"publish","type":"page","link":"https:\/\/pehsu.org\/wp\/?page_id=1260","title":{"rendered":"Acerca de nosotros (LENSAHU)"},"content":{"rendered":"\t\t<div data-elementor-type=\"wp-page\" data-elementor-id=\"1260\" class=\"elementor elementor-1260\">\n\t\t\t\t\t\t<section class=\"elementor-section elementor-top-section elementor-element elementor-element-381a8f3 elementor-section-boxed elementor-section-height-default elementor-section-height-default\" data-id=\"381a8f3\" data-element_type=\"section\" data-e-type=\"section\">\n\t\t\t\t\t\t<div class=\"elementor-container elementor-column-gap-default\">\n\t\t\t\t\t<div class=\"elementor-column elementor-col-100 elementor-top-column elementor-element elementor-element-fe52810\" data-id=\"fe52810\" data-element_type=\"column\" data-e-type=\"column\">\n\t\t\t<div class=\"elementor-widget-wrap elementor-element-populated\">\n\t\t\t\t\t\t<div class=\"elementor-element elementor-element-bc0d943 elementor-widget elementor-widget-heading\" data-id=\"bc0d943\" data-element_type=\"widget\" data-e-type=\"widget\" data-widget_type=\"heading.default\">\n\t\t\t\t<div class=\"elementor-widget-container\">\n\t\t\t\t\t<h2 class=\"elementor-heading-title elementor-size-default\">Nuestra historia<\/h2>\t\t\t\t<\/div>\n\t\t\t\t<\/div>\n\t\t\t\t\t<\/div>\n\t\t<\/div>\n\t\t\t\t\t<\/div>\n\t\t<\/section>\n\t\t\t\t<section class=\"elementor-section elementor-top-section elementor-element elementor-element-3b830697 elementor-section-boxed elementor-section-height-default elementor-section-height-default\" data-id=\"3b830697\" data-element_type=\"section\" data-e-type=\"section\">\n\t\t\t\t\t\t<div class=\"elementor-container elementor-column-gap-default\">\n\t\t\t\t\t<div class=\"elementor-column elementor-col-100 elementor-top-column elementor-element elementor-element-37bcbb3e\" data-id=\"37bcbb3e\" data-element_type=\"column\" data-e-type=\"column\">\n\t\t\t<div class=\"elementor-widget-wrap elementor-element-populated\">\n\t\t\t\t\t\t<div class=\"elementor-element elementor-element-23685b82 elementor-widget__width-initial elementor-widget elementor-widget-text-editor\" data-id=\"23685b82\" data-element_type=\"widget\" data-e-type=\"widget\" data-widget_type=\"text-editor.default\">\n\t\t\t\t<div class=\"elementor-widget-container\">\n\t\t\t\t\t\t\t\t\t<p>\u00a0<\/p><figure id=\"attachment_1287\" aria-describedby=\"caption-attachment-1287\" style=\"width: 300px\" class=\"wp-caption aligncenter\"><a href=\"http:\/\/pehsu.org\/wp\/wp-content\/uploads\/puerto-de-la-cadena.jpg\"><img fetchpriority=\"high\" decoding=\"async\" class=\"size-medium wp-image-1287\" title=\"puerto-de-la-cadena\" src=\"http:\/\/pehsu.org\/wp\/wp-content\/uploads\/puerto-de-la-cadena-300x192.jpg\" alt=\"\" width=\"300\" height=\"192\" srcset=\"https:\/\/pehsu.org\/wp\/wp-content\/uploads\/puerto-de-la-cadena-300x192.jpg 300w, https:\/\/pehsu.org\/wp\/wp-content\/uploads\/puerto-de-la-cadena.jpg 373w\" sizes=\"(max-width: 300px) 100vw, 300px\" \/><\/a><figcaption id=\"caption-attachment-1287\" class=\"wp-caption-text\">Puerto de la Cadena, Murcia<\/figcaption><\/figure>\t\t\t\t\t\t\t\t<\/div>\n\t\t\t\t<\/div>\n\t\t\t\t\t<\/div>\n\t\t<\/div>\n\t\t\t\t\t<\/div>\n\t\t<\/section>\n\t\t\t\t<section class=\"elementor-section elementor-top-section elementor-element elementor-element-73c2513 elementor-section-boxed elementor-section-height-default elementor-section-height-default\" data-id=\"73c2513\" data-element_type=\"section\" data-e-type=\"section\">\n\t\t\t\t\t\t<div class=\"elementor-container elementor-column-gap-default\">\n\t\t\t\t\t<div class=\"elementor-column elementor-col-100 elementor-top-column elementor-element elementor-element-f160de5\" data-id=\"f160de5\" data-element_type=\"column\" data-e-type=\"column\">\n\t\t\t<div class=\"elementor-widget-wrap elementor-element-populated\">\n\t\t\t\t\t\t<div class=\"elementor-element elementor-element-01ded98 elementor-widget elementor-widget-text-editor\" data-id=\"01ded98\" data-element_type=\"widget\" data-e-type=\"widget\" data-widget_type=\"text-editor.default\">\n\t\t\t\t<div class=\"elementor-widget-container\">\n\t\t\t\t\t\t\t\t\t<p>\u00a0<\/p><p>El Laboratorio de Entorno y Salud Humana ha sido fundado en 2013 por Juan Antonio Ortega Garc\u00eda y Juan Jim\u00e9nez Roset, en su incesante b\u00fasqueda para la creaci\u00f3n de ambientes m\u00e1s saludables para la infancia.<\/p><p>En el a\u00f1o 2001 Juan Antonio Ortega Garcia fund\u00f3 con Josep Ferr\u00eds i Tortajada el 1\u00ba Grupo de Trabajo en Salud Medioambiental Pedi\u00e1trica del Estado Espa\u00f1ol en el seno de la Sociedad Valenciana de Pediatr\u00eda. En 2003 impulsar\u00f3n con el apoyo de la Fundaci\u00f3n Cient\u00edfca de la AECC y el proyecto Medio Ambiente y C\u00e1ncer Pediatrico la Unidad de Salud Medioambiental Pedi\u00e1trica en el Hospital Materno-Infantil Universitario La Fe de Valencia. Pero fu\u00e9 en el Servicio de Pediatr\u00eda del Hospital Cl\u00ednico Universitario Virgen de la Arrixaca de Murcia donde se consolid\u00f3 definitivamente en 2005 la Unidad de Salud Medioambiental Pedi\u00e1trica con el reconocimiento y soporte institucional necesario. Desde entonces, Ortega-Garc\u00eda y su equipo trabaja en PEHSU-Murcia, centro de referencia Regional, Nacional e Internacionalmente reconocido para el cuidado y manejo de las enfermedades y los riesgos medioambientalmente asociados de la infancia. En PEHSU se trabaja para reconocer, evaluar y manejar las enfermedades y los riesgos medioambientalmente relacionados con la infancia en la Regi\u00f3n de Murcia, Espa\u00f1a, resto de Europa, Am\u00e9rica Latina y el Caribe as\u00ed como proporcionar educaci\u00f3n, entrenamiento e investigaci\u00f3n en Salud Medioambiental Pedi\u00e1trica.<\/p>\t\t\t\t\t\t\t\t<\/div>\n\t\t\t\t<\/div>\n\t\t\t\t\t<\/div>\n\t\t<\/div>\n\t\t\t\t\t<\/div>\n\t\t<\/section>\n\t\t\t\t<section class=\"elementor-section elementor-top-section elementor-element elementor-element-20fec2c elementor-section-boxed elementor-section-height-default elementor-section-height-default\" data-id=\"20fec2c\" data-element_type=\"section\" data-e-type=\"section\">\n\t\t\t\t\t\t<div class=\"elementor-container elementor-column-gap-default\">\n\t\t\t\t\t<div class=\"elementor-column elementor-col-33 elementor-top-column elementor-element elementor-element-30c41f5\" data-id=\"30c41f5\" data-element_type=\"column\" data-e-type=\"column\">\n\t\t\t<div class=\"elementor-widget-wrap elementor-element-populated\">\n\t\t\t\t\t\t<div class=\"elementor-element elementor-element-c828150 elementor-widget elementor-widget-image\" data-id=\"c828150\" data-element_type=\"widget\" data-e-type=\"widget\" data-widget_type=\"image.default\">\n\t\t\t\t<div class=\"elementor-widget-container\">\n\t\t\t\t\t\t\t\t\t\t\t\t\t\t\t<img decoding=\"async\" width=\"300\" height=\"300\" src=\"https:\/\/pehsu.org\/wp\/wp-content\/uploads\/2-300x300.png\" class=\"attachment-medium size-medium wp-image-3623\" alt=\"\" srcset=\"https:\/\/pehsu.org\/wp\/wp-content\/uploads\/2-300x300.png 300w, https:\/\/pehsu.org\/wp\/wp-content\/uploads\/2-1024x1024.png 1024w, https:\/\/pehsu.org\/wp\/wp-content\/uploads\/2-150x150.png 150w, https:\/\/pehsu.org\/wp\/wp-content\/uploads\/2.png 1080w\" sizes=\"100vw\" \/>\t\t\t\t\t\t\t\t\t\t\t\t\t\t\t<\/div>\n\t\t\t\t<\/div>\n\t\t\t\t\t<\/div>\n\t\t<\/div>\n\t\t\t\t<div class=\"elementor-column elementor-col-33 elementor-top-column elementor-element elementor-element-c68e341\" data-id=\"c68e341\" data-element_type=\"column\" data-e-type=\"column\">\n\t\t\t<div class=\"elementor-widget-wrap elementor-element-populated\">\n\t\t\t\t\t\t<div class=\"elementor-element elementor-element-c5da2fa elementor-widget elementor-widget-image\" data-id=\"c5da2fa\" data-element_type=\"widget\" data-e-type=\"widget\" data-widget_type=\"image.default\">\n\t\t\t\t<div class=\"elementor-widget-container\">\n\t\t\t\t\t\t\t\t\t\t\t\t\t\t\t<img decoding=\"async\" width=\"300\" height=\"300\" src=\"https:\/\/pehsu.org\/wp\/wp-content\/uploads\/3-300x300.png\" class=\"attachment-medium size-medium wp-image-3624\" alt=\"\" srcset=\"https:\/\/pehsu.org\/wp\/wp-content\/uploads\/3-300x300.png 300w, https:\/\/pehsu.org\/wp\/wp-content\/uploads\/3-1024x1024.png 1024w, https:\/\/pehsu.org\/wp\/wp-content\/uploads\/3-150x150.png 150w, https:\/\/pehsu.org\/wp\/wp-content\/uploads\/3.png 1080w\" sizes=\"100vw\" \/>\t\t\t\t\t\t\t\t\t\t\t\t\t\t\t<\/div>\n\t\t\t\t<\/div>\n\t\t\t\t\t<\/div>\n\t\t<\/div>\n\t\t\t\t<div class=\"elementor-column elementor-col-33 elementor-top-column elementor-element elementor-element-8ff8700\" data-id=\"8ff8700\" data-element_type=\"column\" data-e-type=\"column\">\n\t\t\t<div class=\"elementor-widget-wrap elementor-element-populated\">\n\t\t\t\t\t\t<div class=\"elementor-element elementor-element-971275e elementor-widget elementor-widget-image\" data-id=\"971275e\" data-element_type=\"widget\" data-e-type=\"widget\" data-widget_type=\"image.default\">\n\t\t\t\t<div class=\"elementor-widget-container\">\n\t\t\t\t\t\t\t\t\t\t\t\t\t\t\t<img loading=\"lazy\" decoding=\"async\" width=\"300\" height=\"300\" src=\"https:\/\/pehsu.org\/wp\/wp-content\/uploads\/1-300x300.png\" class=\"attachment-medium size-medium wp-image-3622\" alt=\"\" srcset=\"https:\/\/pehsu.org\/wp\/wp-content\/uploads\/1-300x300.png 300w, https:\/\/pehsu.org\/wp\/wp-content\/uploads\/1-1024x1024.png 1024w, https:\/\/pehsu.org\/wp\/wp-content\/uploads\/1-150x150.png 150w, https:\/\/pehsu.org\/wp\/wp-content\/uploads\/1.png 1080w\" sizes=\"100vw\" \/>\t\t\t\t\t\t\t\t\t\t\t\t\t\t\t<\/div>\n\t\t\t\t<\/div>\n\t\t\t\t\t<\/div>\n\t\t<\/div>\n\t\t\t\t\t<\/div>\n\t\t<\/section>\n\t\t\t\t<section class=\"elementor-section elementor-top-section elementor-element elementor-element-db3d891 elementor-section-boxed elementor-section-height-default elementor-section-height-default\" data-id=\"db3d891\" data-element_type=\"section\" data-e-type=\"section\">\n\t\t\t\t\t\t<div class=\"elementor-container elementor-column-gap-default\">\n\t\t\t\t\t<div class=\"elementor-column elementor-col-100 elementor-top-column elementor-element elementor-element-610ac97\" data-id=\"610ac97\" data-element_type=\"column\" data-e-type=\"column\">\n\t\t\t<div class=\"elementor-widget-wrap elementor-element-populated\">\n\t\t\t\t\t\t<div class=\"elementor-element elementor-element-bc4f9a4 elementor-widget elementor-widget-text-editor\" data-id=\"bc4f9a4\" data-element_type=\"widget\" data-e-type=\"widget\" data-widget_type=\"text-editor.default\">\n\t\t\t\t<div class=\"elementor-widget-container\">\n\t\t\t\t\t\t\t\t\t<div class=\"elementor-section-wrap ui-sortable\"><section class=\"elementor-element elementor-element-edit-mode elementor-element-73c2513 elementor-section elementor-top-section elementor-section-boxed elementor-section-height-default\" style=\"--flex-direction: initial; --flex-wrap: initial; --justify-content: initial; --align-items: initial; --align-content: initial; --gap: initial; --flex-basis: initial; --flex-grow: initial; --flex-shrink: initial; --order: initial; --align-self: initial; flex-basis: var(--flex-basis); flex-grow: var(--flex-grow); flex-shrink: var(--flex-shrink); order: var(--order); align-self: var(--align-self); --swiper-theme-color: #000; --swiper-navigation-size: 44px; --swiper-pagination-bullet-size: 6px; --swiper-pagination-bullet-horizontal-gap: 6px; --widgets-spacing: 5px 5px;\" data-id=\"73c2513\" data-element_type=\"section\" data-model-cid=\"c5722\"><div class=\"elementor-container elementor-column-gap-default ui-sortable\"><div class=\"elementor-element elementor-element-edit-mode elementor-element-f160de5 elementor-element--toggle-edit-tools elementor-column elementor-top-column ui-resizable\" style=\"--flex-direction: initial; --flex-wrap: initial; --justify-content: initial; --align-items: initial; --align-content: initial; --gap: initial; --flex-basis: initial; --flex-grow: initial; --flex-shrink: initial; --order: initial; --align-self: initial; flex-basis: var(--flex-basis); flex-grow: var(--flex-grow); flex-shrink: var(--flex-shrink); order: var(--order); align-self: var(--align-self); --swiper-theme-color: #000; --swiper-navigation-size: 44px; --swiper-pagination-bullet-size: 6px; --swiper-pagination-bullet-horizontal-gap: 6px; --widgets-spacing: 5px 5px; width: 1131.25px;\" data-id=\"f160de5\" data-element_type=\"column\" data-model-cid=\"c6174\" data-col=\"100\"><div class=\"elementor-widget-wrap ui-sortable elementor-element-populated\" style=\"width: 1131.25px;\"><div class=\"elementor-element elementor-element-edit-mode elementor-element-01ded98 elementor-element--toggle-edit-tools elementor-widget elementor-widget-text-editor ui-resizable\" style=\"--flex-direction: initial; --flex-wrap: initial; --justify-content: initial; --align-items: initial; --align-content: initial; --gap: initial; --flex-basis: initial; --flex-grow: initial; --flex-shrink: initial; --order: initial; --align-self: initial; flex-basis: var(--flex-basis); flex-grow: var(--flex-grow); flex-shrink: var(--flex-shrink); order: var(--order); align-self: var(--align-self); flex-direction: var(--flex-direction); flex-wrap: var(--flex-wrap); justify-content: var(--justify-content); align-items: var(--align-items); align-content: var(--align-content); gap: var(--gap); --swiper-theme-color: #000; --swiper-navigation-size: 44px; --swiper-pagination-bullet-size: 6px; --swiper-pagination-bullet-horizontal-gap: 6px; --widgets-spacing: 5px 5px; font-family: var( --e-global-typography-text-font-family ), Sans-serif; font-weight: var( --e-global-typography-text-font-weight ); width: 1111.25px;\" data-id=\"01ded98\" data-element_type=\"widget\" data-model-cid=\"c8263\" data-widget_type=\"text-editor.default\"><div class=\"elementor-widget-container\" style=\"transition: background 0.3s,border 0.3s,border-radius 0.3s,box-shadow 0.3s,transform var(--e-transform-transition-duration,0.4s);\"><div class=\"elementor-text-editor elementor-clearfix elementor-inline-editing\" data-elementor-setting-key=\"editor\" data-elementor-inline-editing-toolbar=\"advanced\"><p>El Dr. Juan Jim\u00e9nez Roset, Coordinador Regional de Drogodependencias en la Regi\u00f3n de Murcia, fund\u00f3 la Huertecica, es impulsor de proyectos de neurocultura y experiencias innovadoras en las que el acercamiento a las drogas se realiza un un marco global de mejora de las condiciones del entorno social, familiar y medioambiental. Es impulsor del programa\u00a0<span style=\"font-weight: bold;\">Argos para la prevenci\u00f3n y miniminaci\u00f3n de da\u00f1o por exposici\u00f3n alcohol con un abordaje y perspectiva comunitaria.<\/span><\/p><p>Los Drs. Ortega-Garc\u00eda y Jim\u00e9nez-Roset reconocen que de la misma forma que existen unos periodos cr\u00edticos a lo largo del desarrollo fetal e infanto-juvenil donde exposici\u00f3n a t\u00f3xicos medioambientales determinan determinados efectos delet\u00e9reos en la salud, existen unos periodos del desarrollo durante los cuales el contacto con la naturaleza llena necesidades importantes para un adecuado desarrollo y completa maduraci\u00f3n infantil y del adolescente. Preocupados por la exposici\u00f3n a drogas legales e ilegales durante el embarazo, infancia y adolescencia y conscientes de la necesidad de un acercamiento integrativo de la drogas en un \u2018ambioma global\u2019 durante estos periodos cr\u00edticos de la vida, desde el a\u00f1o 2009 trabajan en intensa colaboraci\u00f3n en el\u00a0<span style=\"font-weight: bold;\">proyecto ARGOS\u00a0<\/span>como marco general, con especial atenci\u00f3n a la prevenci\u00f3n y disminuci\u00f3n de da\u00f1o por exposici\u00f3n a drogas legales e ilegales desde la etapa periconcepcional al final de la adolescencia:\u00a0<span style=\"font-weight: bold;\">Programa ARGOS NATO, ELIJO MAS SANO<\/span>,\u2026Han reunido un equipo humano para trabajar con embarazadas y grupos de riesgo seguidos en consulta por abuso de drogas legales e ilegales, y comienzaron en 2012 a valorar las intervenciones que mejoran cl\u00ednicamente despu\u00e9s de una experiencia con la naturaleza mostrando una mayor cooperaci\u00f3n y confianza, y disminuci\u00f3n de la adicci\u00f3n de los pacientes. Esta experiencia colaborativa ha sido clave para impulsar el Laboratorio de Entorno y Salud Humana (LENSAHU).<\/p><figure id=\"attachment_1323\" class=\"wp-caption alignleft\" style=\"width: 150px;\" aria-describedby=\"caption-attachment-1323\"><a href=\"http:\/\/pehsu.org\/wp\/wp-content\/uploads\/elvalle.jpg\"><img loading=\"lazy\" decoding=\"async\" class=\"size-thumbnail wp-image-1323\" title=\"En el camino de la innovaci\u00f3n\" src=\"http:\/\/pehsu.org\/wp\/wp-content\/uploads\/elvalle-150x150.jpg\" alt=\"En el camino de la innovaci\u00f3n\" width=\"150\" height=\"150\" \/><\/a><figcaption id=\"caption-attachment-1323\" class=\"wp-caption-text\">En el camino de la innovaci\u00f3n<\/figcaption><\/figure><p><span style=\"font-weight: bold;\">LENSAHU: un crisol de disciplinas. Solos no podemos<\/span><br \/>Las cuestiones cient\u00edficas de la salud medioambiental requieren un acercamiento integrativo desde diferentes perspectivas y disciplinas. La soluciones a los problemas de salud medioambiental pedi\u00e1trica requieren el considerar tanto los aspectos de la salud humana en general, y de los ni\u00f1os en particular, y del medio ambiente. Esto hace que en cada uno de los proyectos de LENSAHU involucren a profesionales de muy diferentes disciplinas.<br \/><span style=\"font-weight: bold;\"><br \/>Miembros:<\/span><br \/>Directores: Juan Jimenez Roset \/ Juan Antonio Ortega Garc\u00eda<br \/>Graduados Postdoctorales:<br \/>Graduados Predoctorales:<br \/>Entidades colaboradoras:<br \/>Contacto: ensahu@pehsu.org. Dami\u00e1n S\u00e1nchez Mart\u00ednez.<br \/><span style=\"font-weight: bold;\">Agradecimientos<\/span><\/p><\/div><\/div><\/div><\/div><\/div><\/div><\/section><\/div><div id=\"elementor-add-new-section\" class=\"elementor-add-section elementor-visible-desktop\" style=\"color: initial; font: initial; font-feature-settings: initial; font-kerning: initial; font-optical-sizing: initial; font-variation-settings: initial; forced-color-adjust: initial; text-orientation: initial; text-rendering: initial; -webkit-font-smoothing: initial; -webkit-locale: initial; -webkit-text-orientation: initial; -webkit-writing-mode: initial; writing-mode: initial; zoom: initial; accent-color: initial; place-content: initial; place-items: initial; place-self: initial; alignment-baseline: initial; animation: initial; app-region: initial; appearance: initial; aspect-ratio: initial; backdrop-filter: initial; backface-visibility: initial; background: initial; background-blend-mode: initial; baseline-shift: initial; block-size: initial; border-block: initial; border: initial; border-radius: initial; border-collapse: initial; border-end-end-radius: initial; border-end-start-radius: initial; border-inline: initial; border-start-end-radius: initial; border-start-start-radius: initial; inset: initial; box-shadow: initial; box-sizing: initial; break-after: initial; break-before: initial; break-inside: initial; buffered-rendering: initial; caption-side: initial; caret-color: initial; clear: initial; clip: initial; clip-path: initial; clip-rule: initial; color-interpolation: initial; color-interpolation-filters: initial; color-rendering: initial; color-scheme: initial; columns: initial; column-fill: initial; gap: initial; column-rule: initial; column-span: initial; contain: initial; contain-intrinsic-block-size: initial; contain-intrinsic-size: initial; contain-intrinsic-inline-size: initial; content: initial; content-visibility: initial; counter-increment: initial; counter-reset: initial; counter-set: initial; cursor: initial; cx: initial; cy: initial; d: initial; dominant-baseline: initial; empty-cells: initial; fill: initial; fill-opacity: initial; fill-rule: initial; filter: initial; flex: initial; flex-flow: initial; float: initial; flood-color: initial; flood-opacity: initial; grid: initial; grid-area: initial; height: initial; hyphens: initial; image-orientation: initial; image-rendering: initial; inline-size: initial; inset-block: initial; inset-inline: initial; isolation: initial; letter-spacing: initial; lighting-color: initial; line-break: initial; list-style: initial; margin-block: initial; marker: initial; mask: initial; mask-type: initial; max-block-size: initial; max-height: initial; max-inline-size: initial; min-block-size: initial; min-height: initial; min-inline-size: initial; min-width: initial; mix-blend-mode: initial; object-fit: initial; object-position: initial; offset: initial; opacity: initial; order: initial; orphans: initial; outline: initial; outline-offset: initial; overflow-anchor: initial; overflow-clip-margin: initial; overflow-wrap: initial; overflow: initial; overscroll-behavior-block: initial; overscroll-behavior-inline: initial; overscroll-behavior: initial; padding-block: initial; padding: initial; padding-inline: initial; page: initial; page-orientation: initial; paint-order: initial; perspective: initial; perspective-origin: initial; pointer-events: initial; quotes: initial; r: initial; resize: initial; ruby-position: initial; rx: initial; ry: initial; scroll-behavior: initial; scroll-margin-block: initial; scroll-margin: initial; scroll-margin-inline: initial; scroll-padding-block: initial; scroll-padding: initial; scroll-padding-inline: initial; scroll-snap-align: initial; scroll-snap-stop: initial; scroll-snap-type: initial; scrollbar-gutter: initial; shape-image-threshold: initial; shape-margin: initial; shape-outside: initial; shape-rendering: initial; size: initial; speak: initial; stop-color: initial; stop-opacity: initial; stroke: initial; stroke-dasharray: initial; stroke-dashoffset: initial; stroke-linecap: initial; stroke-linejoin: initial; stroke-miterlimit: initial; stroke-opacity: initial; stroke-width: initial; tab-size: initial; table-layout: initial; text-align: initial; text-align-last: initial; text-anchor: initial; text-combine-upright: initial; text-decoration-line: initial; text-decoration-skip-ink: initial; text-indent: initial; text-overflow: initial; text-shadow: initial; text-size-adjust: initial; text-transform: initial; text-underline-offset: initial; text-underline-position: initial; touch-action: initial; transform: initial; transform-box: initial; transform-origin: initial; transform-style: initial; transition: initial; user-select: initial; vector-effect: initial; vertical-align: initial; visibility: initial; border-spacing: initial; -webkit-border-image: initial; -webkit-box-align: initial; -webkit-box-decoration-break: initial; -webkit-box-direction: initial; -webkit-box-flex: initial; -webkit-box-ordinal-group: initial; -webkit-box-orient: initial; -webkit-box-pack: initial; -webkit-box-reflect: initial; -webkit-highlight: initial; -webkit-hyphenate-character: initial; -webkit-line-break: initial; -webkit-line-clamp: initial; -webkit-mask-box-image: initial; -webkit-mask: initial; -webkit-mask-composite: initial; -webkit-perspective-origin-x: initial; -webkit-perspective-origin-y: initial; -webkit-print-color-adjust: initial; -webkit-rtl-ordering: initial; -webkit-ruby-position: initial; -webkit-tap-highlight-color: initial; -webkit-text-combine: initial; -webkit-text-decorations-in-effect: initial; -webkit-text-emphasis: initial; -webkit-text-emphasis-position: initial; -webkit-text-fill-color: initial; -webkit-text-security: initial; -webkit-text-stroke: initial; -webkit-transform-origin-x: initial; -webkit-transform-origin-y: initial; -webkit-transform-origin-z: initial; -webkit-user-drag: initial; -webkit-user-modify: initial; white-space: initial; widows: initial; width: initial; will-change: initial; word-break: initial; word-spacing: initial; x: initial; y: initial; z-index: initial;\" data-view=\"choose-action\"><div class=\"elementor-add-section-inner\" style=\"border: 2px dashed var(--e-a-border-color-bold);\"><div class=\"e-view elementor-add-new-section\"><div class=\"elementor-add-section-area-button elementor-add-section-button\" style=\"font-size: medium; color: #000000; transition: var(--e-a-transition-hover);\" title=\"A\u00f1adir nueva secci\u00f3n\">\u00a0<\/div><div class=\" elementor-add-section-area-button elementor-add-template-button\" style=\"font-size: medium; color: #000000; transition: var(--e-a-transition-hover);\" title=\"A\u00f1adir plantilla\">\u00a0<\/div><\/div><\/div><\/div>\t\t\t\t\t\t\t\t<\/div>\n\t\t\t\t<\/div>\n\t\t\t\t\t<\/div>\n\t\t<\/div>\n\t\t\t\t\t<\/div>\n\t\t<\/section>\n\t\t\t\t<\/div>\n\t\t","protected":false},"excerpt":{"rendered":"<p>Nuestra historia \u00a0 \u00a0 El Laboratorio de Entorno y Salud Humana ha sido fundado en 2013 por Juan Antonio Ortega Garc\u00eda y Juan Jim\u00e9nez Roset, en su incesante b\u00fasqueda para la creaci\u00f3n de ambientes m\u00e1s saludables para la infancia. En el a\u00f1o 2001 Juan Antonio Ortega Garcia fund\u00f3 con Josep Ferr\u00eds i Tortajada el 1\u00ba &hellip; <\/p>\n<p class=\"link-more\"><a href=\"https:\/\/pehsu.org\/wp\/?page_id=1260\" class=\"more-link\">Leer m\u00e1s<span class=\"screen-reader-text\"> \u00abAcerca de nosotros (LENSAHU)\u00bb<\/span><\/a><\/p>\n","protected":false},"author":1,"featured_media":0,"parent":35,"menu_order":1,"comment_status":"closed","ping_status":"closed","template":"","meta":{"inspiro_hide_title":false,"footnotes":""},"class_list":["post-1260","page","type-page","status-publish","hentry"],"aioseo_notices":[],"_links":{"self":[{"href":"https:\/\/pehsu.org\/wp\/index.php?rest_route=\/wp\/v2\/pages\/1260","targetHints":{"allow":["GET"]}}],"collection":[{"href":"https:\/\/pehsu.org\/wp\/index.php?rest_route=\/wp\/v2\/pages"}],"about":[{"href":"https:\/\/pehsu.org\/wp\/index.php?rest_route=\/wp\/v2\/types\/page"}],"author":[{"embeddable":true,"href":"https:\/\/pehsu.org\/wp\/index.php?rest_route=\/wp\/v2\/users\/1"}],"replies":[{"embeddable":true,"href":"https:\/\/pehsu.org\/wp\/index.php?rest_route=%2Fwp%2Fv2%2Fcomments&post=1260"}],"version-history":[{"count":49,"href":"https:\/\/pehsu.org\/wp\/index.php?rest_route=\/wp\/v2\/pages\/1260\/revisions"}],"predecessor-version":[{"id":3770,"href":"https:\/\/pehsu.org\/wp\/index.php?rest_route=\/wp\/v2\/pages\/1260\/revisions\/3770"}],"up":[{"embeddable":true,"href":"https:\/\/pehsu.org\/wp\/index.php?rest_route=\/wp\/v2\/pages\/35"}],"wp:attachment":[{"href":"https:\/\/pehsu.org\/wp\/index.php?rest_route=%2Fwp%2Fv2%2Fmedia&parent=1260"}],"curies":[{"name":"wp","href":"https:\/\/api.w.org\/{rel}","templated":true}]}}