

{"id":12,"date":"2011-06-01T07:33:41","date_gmt":"2011-06-01T05:33:41","guid":{"rendered":"http:\/\/pehsu.org\/wp\/?page_id=12"},"modified":"2025-01-16T20:53:22","modified_gmt":"2025-01-16T18:53:22","slug":"pehsu-2","status":"publish","type":"page","link":"https:\/\/pehsu.org\/wp\/?page_id=12","title":{"rendered":"\u00bfQu\u00e9 es PEHSU?"},"content":{"rendered":"\t\t<div data-elementor-type=\"wp-page\" data-elementor-id=\"12\" class=\"elementor elementor-12\">\n\t\t\t\t\t\t<section class=\"elementor-section elementor-top-section elementor-element elementor-element-9d25e1 elementor-section-boxed elementor-section-height-default elementor-section-height-default\" data-id=\"9d25e1\" data-element_type=\"section\" data-e-type=\"section\">\n\t\t\t\t\t\t<div class=\"elementor-container elementor-column-gap-default\">\n\t\t\t\t\t<div class=\"elementor-column elementor-col-100 elementor-top-column elementor-element elementor-element-1355c4bd\" data-id=\"1355c4bd\" data-element_type=\"column\" data-e-type=\"column\">\n\t\t\t<div class=\"elementor-widget-wrap elementor-element-populated\">\n\t\t\t\t\t\t<div class=\"elementor-element elementor-element-6af69029 elementor-widget elementor-widget-text-editor\" data-id=\"6af69029\" data-element_type=\"widget\" data-e-type=\"widget\" data-widget_type=\"text-editor.default\">\n\t\t\t\t<div class=\"elementor-widget-container\">\n\t\t\t\t\t\t\t\t\t<p><ins datetime=\"2011-06-13T17:35:04+00:00\"><strong>\u00bfQue es PEHSU \u00f3 USMAP Murcia?<\/strong><\/ins><\/p><p>\u00bfQue es PEHSU? <a href=\"http:\/\/pehsu.org\/wp\/wp-content\/uploads\/triptico_pehsu08.pdf\">\u00bfQue es PEHSU? Tr\u00edptico informativo.<\/a><span style=\"color: #666666; font-size: 20px; font-style: italic; text-align: center;\">Siglas del ingl\u00e9s Pediatric Environmental Heatlh Speciality Unit (Unidad de Salud Medioambiental Pedi\u00e1trica -USMAP).<\/span><\/p><p><a href=\"https:\/\/pehsu.org\/wp\/wp-content\/uploads\/material_WHO_PEHSU.pdf\" target=\"_blank\" rel=\"noopener\"><em>\u201cChildren&#8217;s Environmental Health Units\u201d de la Organizaci\u00f3n Mundial de la Salud (OMS), <\/em><\/a>documento t\u00e9cnico de la <strong>OMS<\/strong> sobre Unidades de Salud Ambiental Infantil, publicado en 2010. Este documento ha servido de base para la implementaci\u00f3n de pol\u00edticas y estrategias de salud p\u00fablica infantil a nivel internacional.<\/p><p><span style=\"color: #666666; font-size: 20px; font-style: italic; text-align: center;\">Las PEHSUs son unidades CL\u00cdNICAS capaces de reconocer, evaluar, tratar y prevenir las enfermedades y los riesgos ambientales en la infancia.<\/span><span style=\"color: #666666; font-size: 20px; font-style: italic; text-align: center;\">Servicios disponibles: atenci\u00f3n telef\u00f3nica, consulta cl\u00ednica y actividades de educaci\u00f3n ambiental comunitaria y escolar.<\/span><span style=\"color: #666666; font-size: 20px; font-style: italic; text-align: center;\">Nuestras \u00e1reas de trabajo son: Asistencia, Investigaci\u00f3n, Docencia, Salud Comunitaria Escolar y Gesti\u00f3n Ambiental.<br \/><\/span><span style=\"color: #666666; font-size: 20px; font-style: italic; text-align: center;\"><br \/><b>Nota Interior Direcci\u00f3n General de Asistencia Sanitaria: Sistema de Derivaci\u00f3n a la Unidad de Salud Medioambiental Pedi\u00e1trica (2012).<\/b><\/span> <a style=\"font-size: 20px; font-style: italic; text-align: center; background-color: #ffffff;\" href=\"http:\/\/pehsu.org\/wp\/wp-content\/uploads\/anexo-IV.pdf\">Nota interior. Sistema de derivaci\u00f3n a PEHSU<\/a><br \/><span style=\"color: #666666; font-size: 20px; font-style: italic; text-align: center;\"><br \/><b>Actividades de apoyo a la Asistencia Historia cl\u00ednica ambiental<br \/><br \/><\/b><\/span><span style=\"color: #666666; font-size: 20px; font-style: italic; text-align: center;\">Apoyo a todos los servicios (infantil, maternal y adultos): toxicolog\u00eda, historia cl\u00ednica ambiental y comunicaci\u00f3nde riesgos.<br \/><br \/><\/span><span style=\"color: #666666; font-size: 20px; font-style: italic; text-align: center;\">Historia Ambiental en pacientes con c\u00e1ncer menoresde 40 a\u00f1os.<br \/><\/span><span style=\"color: #666666; font-size: 20px; font-style: italic; text-align: center;\"><br \/>Historia Ambiental en malformaciones cong\u00e9nitas y trastornos neurol\u00f3gicos.<br \/><\/span><span style=\"color: #666666; font-size: 20px; font-style: italic; text-align: center;\"><br \/>T\u00f3xicos y drogas durante el embarazo.<br \/><\/span><span style=\"color: #666666; font-size: 20px; font-style: italic; text-align: center;\"><br \/><b>Consultores de Lactancia Materna.<br \/><\/b><\/span><span style=\"color: #666666; font-size: 20px; font-style: italic; text-align: center;\"><b><br \/><\/b>Actividades de consulta para las madres-hijos de lamaternidad de nuestro hospital.<br \/><\/span><span style=\"color: #666666; font-size: 20px; font-style: italic; text-align: center;\"><br \/>Asistencia telef\u00f3nica para padres y profesionales sobref\u00e1rmacos, t\u00f3xicos, dudas y preguntas de la lactancia.<br \/><\/span><span style=\"color: #666666; font-size: 20px; font-style: italic; text-align: center;\"><br \/>Dehabituaci\u00f3n y prevenci\u00f3n deltabaquismo en pediatr\u00eda<br \/><\/span><span style=\"color: #666666; font-size: 20px; font-style: italic; text-align: center;\"><br \/>1.- Consulta de deshabituaci\u00f3n tab\u00e1quica para padres y familiares de ni\u00f1os con enfermedades cr\u00f3nicas y embarazadas<br \/><\/span><span style=\"color: #666666; font-size: 20px; font-style: italic; text-align: center;\"><br \/>2.- Programa integral de prevenci\u00f3n del tabaquismo en la escuela Gesti\u00f3n Medioambiental.<br \/><\/span><span style=\"color: #666666; font-size: 20px; font-style: italic; text-align: center;\"><br \/>Colaborar para disminuir y eliminar todo tipo de contaminaci\u00f3n en las pr\u00e1cticas m\u00e9dicas<br \/><\/span><span style=\"color: #666666; font-size: 20px; font-style: italic; text-align: center;\"><br \/><b>Gesti\u00f3n Medioambiental.<br \/><\/b><\/span><span style=\"color: #666666; font-size: 20px; font-style: italic; text-align: center;\"><b><br \/><\/b>Colaborar para disminuir y eliminar todo tipo de\u00a0<\/span><span style=\"color: #666666; font-size: 20px; font-style: italic; text-align: center;\">contaminaci\u00f3n en las pr\u00e1cticas m\u00e9dicas.<\/span><\/p><p><ins datetime=\"2011-06-13T17:35:04+00:00\"><b>\u00bfPorqu\u00e9 contactar a PEHSU?<\/b><span style=\"background-color: #fff9c0;\"><b><br \/><\/b><\/span><\/ins><\/p><div style=\"text-align: left;\"><span style=\"font-weight: 400; color: #666666; font-size: 20px; font-style: italic; text-align: center; background-color: #ffffff;\"><br \/>Cada vez son m\u00e1s frecuentes en las consultas de pediatr\u00eda las preguntas y preocupaciones de los padres sobre cuestiones de la salud ambiental de sus hijos. En esta creciente conciencia social de la\u00a0<\/span><span style=\"color: #666666; font-size: 20px; font-style: italic; text-align: center; background-color: #ffffff;\">interrelaci\u00f3n del binomio salud infantil y medio ambiente surge las USMAP o PEHSU como la respuesta necesaria de los profesionales de la salud para garantizar la mejor prevenci\u00f3n, diagnostico precoz y el tratamiento m\u00e1s adecuado, resolviendo dudas, consultas e interrogantes.<br \/><\/span><span style=\"color: #666666; font-size: 20px; font-style: italic; text-align: center; background-color: #ffffff;\"><br \/><b>\u00bfQui\u00e9n contacta con PEHSU?<br \/><\/b><\/span><span style=\"color: #666666; font-size: 20px; font-style: italic; text-align: center; background-color: #ffffff;\"><b>&#8211;\u00a0<\/b>Padres y ni\u00f1os<br \/><\/span><span style=\"color: #666666; font-size: 20px; font-style: italic; text-align: center; background-color: #ffffff;\">&#8211; M\u00e9dicos y enfermeros<br \/><\/span><span style=\"color: #666666; font-size: 20px; font-style: italic; text-align: center; background-color: #ffffff;\">&#8211; Maestros<br \/><\/span><span style=\"color: #666666; font-size: 20px; font-style: italic; text-align: center; background-color: #ffffff;\"><br \/><b>Cuestiones de los Ni\u00f1os\/Padres<br \/><\/b><\/span><span style=\"color: #666666; font-size: 20px; font-style: italic; text-align: center; background-color: #ffffff;\">\u00bfAfectar\u00e1 a la enfermedad de mi hijo la exposici\u00f3n\u00a0<\/span><span style=\"color: #666666; font-size: 20px; font-style: italic; text-align: center; background-color: #ffffff;\">por mis aficiones?, \u00bfLe afectar\u00e1 mi tabaco?, \u00bfPorqu\u00e9\u00a0<\/span><span style=\"color: #666666; font-size: 20px; font-style: italic; text-align: center; background-color: #ffffff;\">mi hijo tiene c\u00e1ncer?, \u00bfC\u00f3mo influyen los\u00a0<\/span><span style=\"color: #666666; font-size: 20px; font-style: italic; text-align: center; background-color: #ffffff;\">t\u00f3xicos ambientales en mi problema de fertilidad?,\u00a0<\/span><span style=\"color: #666666; font-size: 20px; font-style: italic; text-align: center;\">\u00bfCu\u00e1l es el riesgo en mis otros hijos?; \u00bfC\u00f3mo\u00a0<\/span><span style=\"color: #666666; font-size: 20px; font-style: italic; text-align: center;\">puedo mejorar la calidad de vida y ambiental de mi\u00a0<\/span><span style=\"color: #666666; font-size: 20px; font-style: italic; text-align: center;\">ni\u00f1o enfermo?<br \/><\/span><span style=\"color: #666666; font-size: 20px; font-style: italic; text-align: center;\"><br \/><b>Cuestiones de los Profesores<br \/><\/b><\/span><span style=\"color: #666666; font-size: 20px; font-style: italic; text-align: center;\"><b><br \/><\/b>\u00bfSon t\u00f3xicos los productos que utilizamos en mi\u00a0<\/span><span style=\"color: #666666; font-size: 20px; font-style: italic; text-align: center;\">clase?,\u00a0<\/span><span style=\"color: #666666; font-size: 20px; font-style: italic; text-align: center;\">\u00bfC\u00f3mo podemos mejorar el tratamiento de las\u00a0<\/span><span style=\"color: #666666; font-size: 20px; font-style: italic; text-align: center;\">plagas y piojos en nuestro colegio?\u2026<br \/><\/span><span style=\"color: #666666; font-size: 20px; font-style: italic; text-align: center;\"><br \/><b>Cuestiones de los Profesionales<br \/><\/b><\/span><span style=\"color: #666666; font-size: 20px; font-style: italic; text-align: center;\">\u00bfCu\u00e1les son las recomendaciones en una intoxicaci\u00f3n\u00a0<\/span><span style=\"color: #666666; font-size: 20px; font-style: italic; text-align: center;\">por mercurio?, \u00bfinfluir\u00e1 en los abortos de\u00a0<\/span><span style=\"color: #666666; font-size: 20px; font-style: italic; text-align: center;\">esta se\u00f1ora su trabajo?, \u00bfQu\u00e9 recomendaciones\u00a0<\/span><span style=\"color: #666666; font-size: 20px; font-style: italic; text-align: center;\">podemos hacer a los superviviente de c\u00e1ncer?<br \/><br \/><\/span><\/div><p><ins datetime=\"2011-06-13T18:21:28+00:00\"><b>\u00bfCu\u00e1ndo consultar desde Atenci\u00f3n Primaria\/otro Hospital?<\/b><span style=\"background-color: #fff9c0;\"><b><br \/><\/b><\/span><\/ins><\/p><div style=\"text-align: left;\"><span style=\"font-weight: 400; color: #666666; font-size: 20px; font-style: italic; text-align: center; background-color: #ffffff;\">Los pediatras cuentan con el respeto y credibilidad\u00a0<\/span><span style=\"font-weight: 400; color: #666666; font-size: 20px; font-style: italic; text-align: center; background-color: #ffffff;\">de los padres para poder detectar los riesgos ambientales de nuestro hijos.\u00a0<\/span><span style=\"font-weight: 400; color: #666666; font-size: 20px; font-style: italic; text-align: center;\">A veces es necesario aclarar algunas de las dudas y consultas sobre salud medioambiental pedi\u00e1trica de algunos pacientes con alg\u00fan especialista.\u00a0<\/span><span style=\"font-weight: 400; color: #666666; font-size: 20px; font-style: italic; text-align: center;\">En las enfermedades provocadas o inducidas por los factores medioambientales menos comunes \u00f3 en las que necesite una mejor informaci\u00f3n ser\u00eda adecuado contactar con PEHSU. Las indicaciones para derivar o consultar a un centro PEHSU son las siguientes:<br \/><\/span><span style=\"font-weight: 400; color: #666666; font-size: 20px; font-style: italic; text-align: center;\"><br \/>&#8211; Incertidumbre sobre la naturaleza y la extensi\u00f3n de las exposiciones implicadas<br \/><\/span><span style=\"font-weight: 400; color: #666666; font-size: 20px; font-style: italic; text-align: center;\">&#8211; Incertidumbre sobre la relaci\u00f3n medioambiental con un problema de salud espec\u00edfico.<br \/><\/span><span style=\"font-weight: 400; color: #666666; font-size: 20px; font-style: italic; text-align: center;\">&#8211; Dificultad en la caracterizaci\u00f3n del riesgo<\/span><br \/><span style=\"font-weight: 400; color: #666666; font-size: 20px; font-style: italic; text-align: center;\">&#8211; Necesidad de ayuda para una comunicaci\u00f3n de riesgos exacta y comprensible.<\/span><br \/><span style=\"font-weight: 400; color: #666666; font-size: 20px; font-style: italic; text-align: center;\">&#8211; Estudio de cluster (agrupamientos temporales y espaciales de enfermedades raras)<\/span><br \/><span style=\"font-weight: 400; color: #666666; font-size: 20px; font-style: italic; text-align: center;\">&#8211; Necesidades de intervenciones diagn\u00f3sticas y terape\u00faticas especializadas.<\/span><br \/><span style=\"font-weight: 400; color: #666666; font-size: 20px; font-style: italic; text-align: center;\">&#8211; La consideraci\u00f3n de una patolog\u00eda ambiental desconocida hasta ese momento.\u00e7<\/span><br \/><span style=\"font-weight: 400; color: #666666; font-size: 20px; font-style: italic; text-align: center;\"><br \/><\/span><br \/><b><span style=\"color: #666666; font-size: 20px; font-style: italic; text-align: center;\">Atenci\u00f3n telef\u00f3nica y consultor\u00eda Para padres, profesores y profesionales de la salud (pediatras, m\u00e9dicos de familia y otras\u00a0<\/span><span style=\"color: #666666; font-size: 20px; font-style: italic; text-align: center;\">especialidades).\u00a0<\/span><\/b><span style=\"color: #666666; font-size: 20px; font-style: italic; text-align: center;\">Horario: de 9 a 15 horas de lunes a viernes.\u00a0<\/span><strong style=\"color: #666666; font-size: 20px; font-style: italic; text-align: center;\">0034 968 369 031<\/strong><\/div><p><strong><ins datetime=\"2011-06-13T18:44:25+00:00\">\u00a0<\/ins><\/strong><\/p><p><ins datetime=\"2011-06-13T18:44:25+00:00\"><b>Recursos Online<\/b><span style=\"background-color: #fff9c0;\"><b><br \/><\/b><\/span><\/ins><\/p><div style=\"text-align: left;\"><div style=\"font-weight: bold; text-align: left;\"><span style=\"font-weight: 400; background-color: #ffffff; color: #666666; font-size: 20px; font-style: italic; text-align: center;\">&#8211; Unidad de Salud Medioambiental Pedi\u00e1trica \u201cVirgen de la Arrixaca\u201d<\/span><a style=\"font-weight: 400; font-size: 20px; font-style: italic; text-align: center; background-color: #ffffff;\" href=\"http:\/\/murciasalud.es\">www.murciasalud.es<\/a><span style=\"font-weight: 400; background-color: #ffffff; color: #666666; font-size: 20px; font-style: italic; text-align: center;\"> y <\/span><a style=\"font-weight: 400; font-size: 20px; font-style: italic; text-align: center; background-color: #ffffff;\" href=\"http:\/\/www.pehsu.org\/wp\">www.pehsu.org<\/a><\/div><p>\u00a0<\/p><div style=\"text-align: left;\"><p>&#8211; WHO European Centre for Environment and Health<a style=\"color: #666666; font-size: 20px; font-style: italic; font-weight: 400; background-color: #ffffff;\" href=\"http:\/\/euro.who.int\/ecehrome\">www.euro.who.int\/ecehrome<\/a><\/p><div style=\"text-align: left;\"><p><span style=\"color: #666666; font-size: 20px; font-style: italic; text-align: center; background-color: #ffffff;\">&#8211; Pediatric Environmental Speciality Units (M\u00e9xico, Canada y USA)<\/span><a style=\"font-size: 20px; font-style: italic; text-align: center; background-color: #ffffff;\" href=\"http:\/\/aoec.org\/PEHSU.htm\">www.aoec.org\/PEHSU.htm<\/a><\/p><div style=\"text-align: left;\"><span style=\"color: #666666; font-size: 20px; font-style: italic; text-align: center; background-color: #ffffff;\">&#8211; Agency for Toxic Substence Disease\u00a0<\/span><a style=\"font-size: 20px; font-style: italic; text-align: center; background-color: #ffffff;\" href=\"http:\/\/www.atsdr.cdc.gov\">www.atsdr.cdc.gov<\/a><\/div><p>\u00a0<\/p><div style=\"text-align: left;\"><p>&#8211; US Environmental Protection Agency<a style=\"color: #666666; font-size: 20px; font-style: italic; background-color: #ffffff;\" href=\"http:\/\/www.epa.gov\">www.epa.gov<\/a><\/p><div style=\"text-align: left;\"><span style=\"color: #666666; font-size: 20px; font-style: italic; text-align: center; background-color: #ffffff;\">Asociaci\u00f3n Espa\u00f1ola de Pediatr\u00eda<\/span><a style=\"font-size: 20px; font-style: italic; text-align: center; background-color: #ffffff;\" href=\"http:\/\/www.aeped.es\">www.aeped.es<\/a><\/div><\/div><\/div><\/div><\/div><p><ins datetime=\"2011-06-13T18:59:41+00:00\"><b>T\u00f3picos en Salud Ambiental: Campa\u00f1a 2008 PEHSU-Murcia<\/b><span style=\"background-color: #fff9c0;\"><b><br \/><\/b><\/span><\/ins><\/p><div style=\"font-weight: bold; text-align: left;\"><span style=\"color: #666666; font-size: 20px; font-style: italic; text-align: center; font-weight: 400; background-color: #ffffff;\"><br \/>&#8211; El tabaco es el contaminante del aire m\u00e1s importante para nuestras madres embarazadas y ni\u00f1os.NO EXISTE UN NIVEL SEGURO DE CIGARROS AL D\u00cdA. No fumes ni permitas que lo hagan a tu alrededor.<br \/><br \/><\/span><span style=\"color: #666666; font-size: 20px; font-style: italic; text-align: center; font-weight: 400; background-color: #ffffff;\">&#8211; El 85% de la exposici\u00f3n solar relacionada con los c\u00e1nceres de piel de la vida adulta se produce antes de los 18 a\u00f1os. EVITA LA EXPOSICI\u00d3N A LA LUZ SOLAR DIRECTA<br \/><br \/><\/span><span style=\"color: #666666; font-size: 20px; font-style: italic; text-align: center; font-weight: 400; background-color: #ffffff;\">&#8211; ANTES DE LOS 6 MESES DE VIDA, e<\/span><span style=\"color: #666666; font-size: 20px; font-style: italic; text-align: center; font-weight: 400; background-color: #ffffff;\">vita las horas extremas (entre las 10 y 16 horas), utiliza sombreros, sombrilla y cremas fotoprotectoras superiores a 15.<br \/><\/span><span style=\"color: #666666; font-size: 20px; font-style: italic; text-align: center; font-weight: 400; background-color: #ffffff;\"><br \/>La leche materna es el alimento m\u00e1s seguro y menos contaminado del planeta. Alimenta a tu hijo solo con Lactancia Materna por lo menos hasta los 6 meses.<\/span><\/div><p>\u00a0<\/p>\t\t\t\t\t\t\t\t<\/div>\n\t\t\t\t<\/div>\n\t\t\t\t\t<\/div>\n\t\t<\/div>\n\t\t\t\t\t<\/div>\n\t\t<\/section>\n\t\t\t\t<\/div>\n\t\t","protected":false},"excerpt":{"rendered":"<p>\u00bfQue es PEHSU \u00f3 USMAP Murcia? \u00bfQue es PEHSU? \u00bfQue es PEHSU? Tr\u00edptico informativo.Siglas del ingl\u00e9s Pediatric Environmental Heatlh Speciality Unit (Unidad de Salud Medioambiental Pedi\u00e1trica -USMAP). \u201cChildren&#8217;s Environmental Health Units\u201d de la Organizaci\u00f3n Mundial de la Salud (OMS), documento t\u00e9cnico de la OMS sobre Unidades de Salud Ambiental Infantil, publicado en 2010. Este documento &hellip; <\/p>\n<p class=\"link-more\"><a href=\"https:\/\/pehsu.org\/wp\/?page_id=12\" class=\"more-link\">Leer m\u00e1s<span class=\"screen-reader-text\"> \u00ab\u00bfQu\u00e9 es PEHSU?\u00bb<\/span><\/a><\/p>\n","protected":false},"author":1,"featured_media":0,"parent":37,"menu_order":2,"comment_status":"closed","ping_status":"closed","template":"","meta":{"inspiro_hide_title":false,"footnotes":""},"class_list":["post-12","page","type-page","status-publish","hentry"],"aioseo_notices":[],"_links":{"self":[{"href":"https:\/\/pehsu.org\/wp\/index.php?rest_route=\/wp\/v2\/pages\/12","targetHints":{"allow":["GET"]}}],"collection":[{"href":"https:\/\/pehsu.org\/wp\/index.php?rest_route=\/wp\/v2\/pages"}],"about":[{"href":"https:\/\/pehsu.org\/wp\/index.php?rest_route=\/wp\/v2\/types\/page"}],"author":[{"embeddable":true,"href":"https:\/\/pehsu.org\/wp\/index.php?rest_route=\/wp\/v2\/users\/1"}],"replies":[{"embeddable":true,"href":"https:\/\/pehsu.org\/wp\/index.php?rest_route=%2Fwp%2Fv2%2Fcomments&post=12"}],"version-history":[{"count":27,"href":"https:\/\/pehsu.org\/wp\/index.php?rest_route=\/wp\/v2\/pages\/12\/revisions"}],"predecessor-version":[{"id":4874,"href":"https:\/\/pehsu.org\/wp\/index.php?rest_route=\/wp\/v2\/pages\/12\/revisions\/4874"}],"up":[{"embeddable":true,"href":"https:\/\/pehsu.org\/wp\/index.php?rest_route=\/wp\/v2\/pages\/37"}],"wp:attachment":[{"href":"https:\/\/pehsu.org\/wp\/index.php?rest_route=%2Fwp%2Fv2%2Fmedia&parent=12"}],"curies":[{"name":"wp","href":"https:\/\/api.w.org\/{rel}","templated":true}]}}