

{"id":1026,"date":"2013-04-25T21:25:42","date_gmt":"2013-04-25T19:25:42","guid":{"rendered":"http:\/\/pehsu.org\/wp\/?page_id=1026"},"modified":"2025-01-03T09:59:19","modified_gmt":"2025-01-03T07:59:19","slug":"programa-de-largo-seguimiento-de-pacientes-con-cancer-pediatrico","status":"publish","type":"page","link":"https:\/\/pehsu.org\/wp\/?page_id=1026","title":{"rendered":"Programa Ambiental y Comunitario de Largo Seguimiento de Supervivientes de C\u00e1ncer Pedi\u00e1trico (PLASESCAP)"},"content":{"rendered":"\n<h2 class=\"wp-block-heading\">Programa Ambiental y Comunitario para el Largo Seguimiento de Supervivientes de C\u00e1ncer Pedi\u00e1trico de la Regi\u00f3n de Murcia (PLASESCAP-MUR)<\/h2>\n\n\n\n<p>Los programas de seguimiento a largo plazo son esenciales y necesarios atendiendo al mayor y creciente n\u00famero de supervivientes de C\u00e1ncer Pedi\u00e1trico en Espa\u00f1a y en la Regi\u00f3n de Murcia. La temprana identificaci\u00f3n de complicaciones relacionadas con los tratamientos curativos en el c\u00e1ncer es crucial para poder disminuir los riesgos asociados en el largo seguimiento. La prevenci\u00f3n de factores de riesgo medioambiental carcinog\u00e9nico y la promoci\u00f3n de estilos de vida m\u00e1s saludables, contribuir\u00e1n a disminuir los riesgos sobre segundos tumores y probablemente reca\u00eddas as\u00ed como disminiur la morbilidad asociada a las enfermedades cr\u00f3nicas relacionadas con los tratamiento y la propia enfermedad. Sociedades cient\u00edficas nacionales e internacionales apuntan ya en la direcci\u00f3n de garantizar un adecuado largo seguimiento de los supervivientes con c\u00e1ncer pedi\u00e1trico.<\/p>\n\n\n\n<p class=\"has-lightgrey-background-color has-background\"><strong>La herramienta b\u00e1sica de trabajo para la evaluaci\u00f3n de riesgo individualizada y personalizada de los supervivientes de c\u00e1ncer es la Historia Cl\u00ednica Medioambiental Pedi\u00e1trica del superviviente de c\u00e1ncer. Fu\u00e9 desarrollada en el proyecto Medio Ambiente y C\u00e1ncer Pedi\u00e1trico, financiado por la Asociaci\u00f3n Espa\u00f1ola Contra el C\u00e1ncer, Madrid con 150.000 euros en 2004. Capital semilla, fundamental para el pilotaje y desarrolo de esta herramienta. <\/strong>Fu\u00e9 la base de <a href=\"https:\/\/www.educacion.gob.es\/teseo\/mostrarRef.do?ref=535926\" data-type=\"link\" data-id=\"https:\/\/www.educacion.gob.es\/teseo\/mostrarRef.do?ref=535926\" target=\"_blank\" rel=\"noreferrer noopener\">mi tesis doctoral<\/a> realizada con 320 supervivientes de c\u00e1ncer de los centros que quisieron colaborar en este ilusionante y visionario proyecto. <\/p>\n\n\n\n<h2 class=\"wp-block-heading has-lightgrey-background-color has-background\">El trabajo de la Unidad de Salud Medioambiental realizando la Historia Cl\u00ednica Medioambiental Pedi\u00e1trica fu\u00e9 reconocida como un EJEMPLO de <a href=\"https:\/\/pehsu.org\/wp\/wp-content\/uploads\/snc_cancer.pdf\" data-type=\"link\" data-id=\"https:\/\/pehsu.org\/wp\/wp-content\/uploads\/snc_cancer.pdf\" target=\"_blank\" rel=\"noreferrer noopener\">BUENA PR\u00c1CTICA <\/a>en <em>Estrategia en C\u00e1ncer<\/em> <em>del Sistema Nacional<\/em> de Salud, Ministerio de Sanidad y Consumo, 2006. (pag. 180)<\/h2>\n\n\n\n<div class=\"wp-block-media-text is-stacked-on-mobile\" style=\"grid-template-columns:53% auto\"><figure class=\"wp-block-media-text__media\"><img fetchpriority=\"high\" decoding=\"async\" width=\"720\" height=\"540\" src=\"https:\/\/pehsu.org\/wp\/wp-content\/uploads\/Diapositiva41.jpg\" alt=\"\" class=\"wp-image-1142 size-full\" srcset=\"https:\/\/pehsu.org\/wp\/wp-content\/uploads\/Diapositiva41.jpg 720w, https:\/\/pehsu.org\/wp\/wp-content\/uploads\/Diapositiva41-300x225.jpg 300w\" sizes=\"(max-width: 720px) 100vw, 720px\" \/><\/figure><div class=\"wp-block-media-text__content\">\n<p><strong>El car\u00e1cter Uniprovincial, la Atenci\u00f3n Centralizada y la oportunidad y experiencia de las Unidades de Oncolog\u00eda\/Hematolog\u00eda Pedi\u00e1trica y de la Unidad de Salud Medioambiental Pedi\u00e1trica en la Regi\u00f3n de Murcia constituye una fortaleza adicional para impulsar programas integrales que garanticen la consolidaci\u00f3n del programa. <\/strong><\/p>\n<\/div><\/div>\n\n\n\n<hr class=\"wp-block-separator has-alpha-channel-opacity\"\/>\n\n\n\n<div class=\"wp-block-media-text is-stacked-on-mobile\" style=\"grid-template-columns:66% auto\"><figure class=\"wp-block-media-text__media\"><img decoding=\"async\" width=\"720\" height=\"540\" src=\"https:\/\/pehsu.org\/wp\/wp-content\/uploads\/Diapositiva1.jpg\" alt=\"Programa de largo seguimiento de pacientes con c\u00e1ncer Regi\u00f3n de Murcia\" class=\"wp-image-1070 size-full\" srcset=\"https:\/\/pehsu.org\/wp\/wp-content\/uploads\/Diapositiva1.jpg 720w, https:\/\/pehsu.org\/wp\/wp-content\/uploads\/Diapositiva1-300x225.jpg 300w\" sizes=\"(max-width: 720px) 100vw, 720px\" \/><\/figure><div class=\"wp-block-media-text__content\">\n<p><strong>L\u00edneas estrat\u00e9gicas definidas en 2012<\/strong>. <a href=\"https:\/\/pehsu.org\/wp\/wp-content\/uploads\/ensuchica_madrid_24.pptx\" target=\"_blank\" rel=\"noopener\">El programa tiene una misi\u00f3n clara y 2 l\u00edneas estrat\u00e9gicas<\/a><\/p>\n\n\n\n<p><strong>1) Educaci\u00f3n y promoci\u00f3n de ambientes y estilos de vida m\u00e1s saludables para el enfermo, su familia y la comunidad.<br \/>2) Cribado y detecci\u00f3n precoz para intervenci\u00f3n adecuada de los efectos tard\u00edos <\/strong><\/p>\n<\/div><\/div>\n\n\n\n<p>Pretendemos por un lado disminuir riesgos relacionados con la enfermedad y los tratamientos utilizados y por otro, abordar la disminuci\u00f3n de factores de riesgo medioambientales promoviendo ambientes y estilos de vida m\u00e1s saludables que ayude a mejorar los resultados a largo plazo. <\/p>\n\n\n\n<hr class=\"wp-block-separator has-alpha-channel-opacity\"\/>\n\n\n\n<div class=\"wp-block-media-text is-stacked-on-mobile\"><figure class=\"wp-block-media-text__media\"><img decoding=\"async\" width=\"720\" height=\"540\" src=\"https:\/\/pehsu.org\/wp\/wp-content\/uploads\/Diapositiva6.jpg\" alt=\"Modelo de Seguimiento: basado en las necesidades, intervenciones compartidas, y est\u00edmulo de autocuidado\" class=\"wp-image-1132 size-full\" srcset=\"https:\/\/pehsu.org\/wp\/wp-content\/uploads\/Diapositiva6.jpg 720w, https:\/\/pehsu.org\/wp\/wp-content\/uploads\/Diapositiva6-300x225.jpg 300w\" sizes=\"(max-width: 720px) 100vw, 720px\" \/><\/figure><div class=\"wp-block-media-text__content\">\n<p>La atenci\u00f3n y seguimiento en PLASESCAP-RM est\u00e1 basado en las necesidades de cada uno de los pacientes. <strong>El liderazgo es compartido en el trabajo en equipo Hospital\/Unidad de Largo Seguimiento (ULS)\/Atenci\u00f3n Primaria. <\/strong>De esta forma y a medida que progrese el programa se conseguir\u00e1 comprometer a pediatras, m\u00e9dicos de familia y enfermeros de Atenci\u00f3n Primaria en el programa.<\/p>\n<\/div><\/div>\n\n\n\n<p><br \/><a href=\"http:\/\/pehsu.org\/wp\/wp-content\/uploads\/Diapositiva6.jpg\"><\/a><\/p>\n\n\n\n<hr class=\"wp-block-separator has-alpha-channel-opacity\"\/>\n\n\n\n<h2 class=\"wp-block-heading\"><b><strong>ACTUALIZACI\u00d3N DEL PROGRAMA (2022).<\/strong><\/b> Intenacionalizaci\u00f3n. <\/h2>\n\n\n\n<p class=\"has-small-font-size\"><strong><em><b>\u00a0<\/b>Aqu\u00ed puedes descargar la nueva metodolog\u00eda de trabajo. Actualmente estamos trabajando en modelos predictivos con la ayuda de IA.<\/em><\/strong><\/p>\n\n\n\n<p class=\"has-small-font-size\"><em><strong>La herramienta de tr\u00e1bajo actualizada y publicado nuestro nuevo horizonte: 90% de superviviencia a los 10 a\u00f1os para 2030<\/strong><\/em><\/p>\n\n\n\n<p><a style=\"background-color: #ffffff;\" href=\"https:\/\/www.ncbi.nlm.nih.gov\/pmc\/articles\/PMC9819016\/\" target=\"_blank\" rel=\"noopener\">Looking Towards 2030: Strengthening the Environmental Health in Childhood\u2013Adolescent Cancer Survivor Programs<\/a><\/p>\n\n\n\n<p>Visita la<a href=\"https:\/\/pehsu.org\/wp\/?page_id=1941\"> red de trabajo ENSUCHICA <\/a> <\/p>\n\n\n\n<hr class=\"wp-block-separator has-alpha-channel-opacity\"\/>\n\n\n\n<h2 class=\"wp-block-heading\"><strong>MATERIALES DE DIVULGACI\u00d3N DE INTER\u00c9S PARA SUPERVIVIENTES<\/strong><\/h2>\n\n\n\n<p><br \/><strong><a href=\"http:\/\/pehsu.org\/wp\/wp-content\/uploads\/nutri.pdf\">Recomendaciones diet\u00e9ticas para supervivientes de c\u00e1ncer infantil y del adolescente<\/a><\/strong><br \/><strong>Recomendaciones sobre actividad f\u00edsica <\/strong><br \/><strong><a href=\"http:\/\/pehsu.org\/wp\/wp-content\/uploads\/superviviente_tabac1.jpg\">Prevenci\u00f3n y cesaci\u00f3n tab\u00e1quica para supervientes de c\u00e1ncer infanto-juvenil y sus familiares<\/a><\/strong> Pide <strong><a href=\"http:\/\/pehsu.org\/wp\/wp-content\/uploads\/superviviente_tabac2.jpg\">cita aqu\u00ed<\/a><\/strong>. Ayudamos a los pacientes y familiares a abandonar el consumo de tabaco.<br \/><strong><a href=\"http:\/\/pehsu.org\/wp\/wp-content\/uploads\/prevencion_cancer_adulto.pdf\">Prevenci\u00f3n del c\u00e1ncer adulto desde la infancia. Recomendaciones.<\/a> <\/strong><br \/><strong><a href=\"http:\/\/pehsu.org\/wp\/wp-content\/uploads\/environmental_breastcancer.pdf\">Prevenci\u00f3n del c\u00e1ncer de mama desde la infancia.<\/a> <\/strong><br \/><strong>Medidas de protecci\u00f3n solar para supervivientes de c\u00e1ncer. <a href=\"http:\/\/pehsu.org\/wp\/wp-content\/uploads\/protec_solar.pdf\">Prevenci\u00f3n de la Radiaci\u00f3n ultravioleta<\/a>. <\/strong><\/p>\n\n\n\n<div class=\"wp-block-media-text is-stacked-on-mobile\" style=\"grid-template-columns:23% auto\"><figure class=\"wp-block-media-text__media\"><img loading=\"lazy\" decoding=\"async\" width=\"802\" height=\"792\" src=\"https:\/\/pehsu.org\/wp\/wp-content\/uploads\/Captura-de-pantalla-2024-12-31-a-las-12.30.53.png\" alt=\"\" class=\"wp-image-4762 size-full\" srcset=\"https:\/\/pehsu.org\/wp\/wp-content\/uploads\/Captura-de-pantalla-2024-12-31-a-las-12.30.53.png 802w, https:\/\/pehsu.org\/wp\/wp-content\/uploads\/Captura-de-pantalla-2024-12-31-a-las-12.30.53-300x296.png 300w\" sizes=\"(max-width: 802px) 100vw, 802px\" \/><\/figure><div class=\"wp-block-media-text__content\">\n<p>Descaga el libro: <strong>El c\u00e1ncer, una enfermedad prevenible.<\/strong> Libro dirigido a la prenvenci\u00f3n primaria. Podr\u00eda ser muy util en el superviviente y familia para disminuir el riesgo de segundos tumores o reca\u00eddas a muy largo t\u00e9rmino. Solo en formato papel. <a href=\"https:\/\/pehsu.org\/wp\/?p=2236\">Dispnonible versi\u00f3n pdf referenciando la fuente online aqu\u00ed.&nbsp;<\/a><\/p>\n<\/div><\/div>\n\n\n\n<div class=\"wp-block-media-text is-stacked-on-mobile\" style=\"grid-template-columns:23% auto\"><figure class=\"wp-block-media-text__media\"><img loading=\"lazy\" decoding=\"async\" width=\"868\" height=\"1024\" src=\"https:\/\/pehsu.org\/wp\/wp-content\/uploads\/Captura-de-pantalla-2020-02-12-a-las-20.39.02-868x1024.png\" alt=\"\" class=\"wp-image-2237 size-full\" srcset=\"https:\/\/pehsu.org\/wp\/wp-content\/uploads\/Captura-de-pantalla-2020-02-12-a-las-20.39.02-868x1024.png 868w, https:\/\/pehsu.org\/wp\/wp-content\/uploads\/Captura-de-pantalla-2020-02-12-a-las-20.39.02-254x300.png 254w, https:\/\/pehsu.org\/wp\/wp-content\/uploads\/Captura-de-pantalla-2020-02-12-a-las-20.39.02.png 1714w\" sizes=\"(max-width: 868px) 100vw, 868px\" \/><\/figure><div class=\"wp-block-media-text__content\">\n<p>El objetivo de este manual, es divulgar como usar la HverdeGEO (Hoja Verde Georreferenciaci\u00f3n) del c\u00e1ncer pedi\u00e1trico. La HverdeGEO se realiza idealmente en el momento del diagn\u00f3stico de la enfermedad e incluye datos b\u00e1sicos de filiaci\u00f3n, georreferenciaci\u00f3n desde la etapa prenatal al momento del diagn\u00f3stico, cuestiones de cribado medioambiental b\u00e1sico, factores constitucionales y percepci\u00f3n de riesgo etiol\u00f3gico de los padres y madres. Forma parte del programa de Largo Seguimiento Ambiental y Comunitario de Supervivientes de C\u00e1ncer Pedi\u00e1trico en la Regi\u00f3n de Murcia, y ha sido desarrollada por la Unidad de Salud Medioambiental Pedi\u00e1trica del Hospital Cl\u00ednico Universitario Virgen de la Arrixaca. Disponible el manual a texto completo (ISBN: 978-84-09-17557-4)&nbsp;<strong><a href=\"http:\/\/pehsu.org\/wp\/wp-content\/uploads\/Manual_geoMACAPEMUR.pdf\">aqu\u00ed<\/a><\/strong><br \/>Citaci\u00f3n sugerida: Ortega-Garc\u00eda JA, C\u00e1rceles-Alvarez A, L\u00f3pez Hern\u00e1ndez FA, Fuster-Soler JL. En: <strong>Manual de la Hoja Verde de Georreferenciaci\u00f3n del C\u00e1ncer Pedi\u00e1trico.<\/strong><br \/>Salud y Medioambiente. 1\u00aa Ed. Murcia, FFIS\/Imib-Arrixaca, 2019.<\/p>\n\n\n\n<hr class=\"wp-block-separator has-alpha-channel-opacity\"\/>\n<\/div><\/div>\n\n\n\n<h2 class=\"wp-block-heading\"><strong>DOCUMENTOS DEL PROGRAMA ORIGINAL<\/strong><\/h2>\n\n\n\n<p><br \/>1. <strong><a href=\"http:\/\/pehsu.org\/wp\/wp-content\/uploads\/PLASESCAP.pdf\">Protocolo General.<\/a><\/strong> Programa de Largo Seguimiento de Supervivientes de C\u00e1ncer Pedi\u00e1trico en la Regi\u00f3n de Murcia (PLASESCAP-MUR). Solicitar original mediante correo electr\u00f3nico a josel.fuster@carm.es o juan.ortega2@carm.es<br \/>2. <strong>Gu\u00eda de acciones espec\u00edficas<\/strong> (formato BENTO para IPAD). El sistema de recogida de informaci\u00f3n y el desarrollo de todos los cuestionarios en sistema inform\u00e1tico BENTO para IPAD.<br \/>3. <strong><a href=\"http:\/\/pehsu.org\/wp\/wp-content\/uploads\/guia-resumen.pdf\">Gu\u00eda Resumen. Informaci\u00f3n dirigida a Profesionales \/ Padres \/ Adolescentes<\/a><\/strong><br \/>4. <strong><a href=\"http:\/\/pehsu.org\/wp\/wp-content\/uploads\/Tabla-efectos.pdf\">Gu\u00eda Resumen. Tabla resumen de efectos tard\u00edos, factores de riesgo y protocolo.<\/a> <\/strong><br \/>5. <strong><a href=\"http:\/\/pehsu.org\/wp\/wp-content\/uploads\/encuesta_plasescap.pdf\">Encuesta utilizada en el estudio sobre preferencias y actitudes de los profesionales de Atenci\u00f3n Primaria.<\/a> O en formato docx <a href=\"http:\/\/pehsu.org\/wp\/wp-content\/uploads\/encuesta_plasescap.docx\">aqu\u00ed<\/a> <\/strong> Programa de Largo Seguimiento de Supervivientes de C\u00e1ncer Pedi\u00e1trico en la Regi\u00f3n de Murcia: preferencias y actitudes de los profesionales de Atenci\u00f3n Primaria (<a href=\"http:\/\/www.ncbi.nlm.nih.gov\/pubmed\/25616542\">pubmed<\/a>).<\/p>\n\n\n\n<p><strong><br \/>QUIENES SOMOS<\/strong> (hist\u00f3rico)<br \/>Programa original 2010. En el que participaron en su creaci\u00f3n m\u00e1s de 50 profesionales. <\/p>\n\n\n\n<p>Directores del programa:<br \/><strong>Dr. Jose Lu\u00eds Fuster Soler<\/strong>. Onc\u00f3logo Pediatra. Responsable de la Unidad de Oncolog\u00eda y Hematolog\u00eda Pedi\u00e1trica, Hospital Cl\u00ednico Universitario Virgen de la Arrixaca. Murcia, Espa\u00f1a<br \/><strong>Dr. Juan Antonio Ortega Garc\u00eda.<\/strong> Pediatra responsable de la Unidad de Salud Medioambiental Pedi\u00e1trica, Doctor en Medio Ambiente y C\u00e1ncer Pedi\u00e1trico. Hospital Cl\u00ednico Universitario Virgen de la Arrixaca. Murcia, Espa\u00f1a<br \/>Responsables operativos:<br \/><strong>Dr. Alberto C\u00e1rceles \u00c1lvarez,<\/strong> M\u00e9dico de Familia, Master en Salud P\u00fablica. Doctorando en Medio Ambiente y C\u00e1ncer Pedi\u00e1trico. Unidad de Salud Medioambiental Pedi\u00e1trica, Doctor en Medio Ambiente y C\u00e1ncer Pedi\u00e1trico. Hospital Cl\u00ednico Universitario Virgen de la Arrixaca. Murcia, Espa\u00f1a<br \/><strong>DUE, Miguel F\u00e9lipe S\u00e1nchez Sauco.<\/strong> Responsable de la consulta de cesaci\u00f3n tab\u00e1quica. Unidad de Salud Medioambiental Pedi\u00e1trica, Hospital Cl\u00ednico Universitario Virgen de la Arrixaca. Murcia, Espa\u00f1a<br \/>Coordinador administrativo:<br \/><strong>D. Dami\u00e1n S\u00e1nchez Mart\u00ednez. <\/strong>Responsable de citas y organizaci\u00f3n log\u00edsitca. Unidad de Salud Medioambiental Pedi\u00e1trica, Doctor en Medio Ambiente y C\u00e1ncer Pedi\u00e1trico. Hospital Cl\u00ednico Universitario Virgen de la Arrixaca. Murcia, Espa\u00f1a<br \/>Apoyo auxiliar de cl\u00ednica:<br \/><strong>D\u00aa Carmen Mar\u00eda,<\/strong> apoyo log\u00edstico en la consulta de oncolog\u00eda pedi\u00e1trica. Secci\u00f3n de Oncolog\u00eda y y Hematolog\u00eda Pedi\u00e1trica, Hospital Cl\u00ednico Universitario Virgen de la Arrixaca. Murcia, Espa\u00f1a<\/p>\n\n\n\n<p>Ver listado de <a href=\"http:\/\/pehsu.org\/wp\/wp-content\/uploads\/Coordinadores-del-programa.pdf\">colaboradores en hoja anexa.<\/a> <strong>LLAMADA A LA PARTICIPACI\u00d3N. <\/strong>Ay\u00fadanos a mejorar el programa. <strong>Buscamos colaboradores y asesores <\/strong>del programa env\u00eda un correo a ortega@pehsu.org.<br \/><em><b>P<\/b>revia comunicaci\u00f3n a los directores del programa, puedes utilizar libremente estos materiales indicando la fuente del programa: Ortega Garc\u00eda JA, Fuster Soler JL, C\u00e1rceles \u00c1lvarez A (eds). Programa de Largo Seguimiento de Supervivientes de C\u00e1ncer Pedi\u00e1trico de la Regi\u00f3n Murcia (PLASESCAP-MUR), Murcia, 2013. Disponible en: http:\/\/pehsu.org\/<\/em><br \/><strong>LLAMADA A LA COLABORACI\u00d3N: DONACIONES ECON\u00d3MICAS Y COLABORACIONES AL PROGRAMA: env\u00eda un correo a juan.ortega2@carm.es <\/strong><\/p>\n\n\n\n<hr class=\"wp-block-separator has-alpha-channel-opacity\"\/>\n\n\n\n<p><strong>CUESTIONARIOS Y HERRAMIENTAS. (usadas al inicio del programa hace 15 a\u00f1os, actualmente trabajamos en el desarrollo de herramientas con IA)<\/strong><br \/><a href=\"http:\/\/pehsu.org\/wp\/wp-content\/uploads\/17140419.jpg\"><img loading=\"lazy\" decoding=\"async\" title=\"Alberto en la consulta de supervivientes\" src=\"http:\/\/pehsu.org\/wp\/wp-content\/uploads\/17140419-150x150.jpg\" alt=\"\" width=\"150\" height=\"150\"\/><\/a><br \/>La herramienta de trabajo fundamental que utilizaremos es la historia cl\u00ednica medioambiental para el superviviente de c\u00e1ncer (HCMASC). Esa historia medioambiental pedi\u00e1trica permitir\u00e1 clasificar los riesgos medioambientales para establecer la clasificaci\u00f3n y agrupaci\u00f3n en base a las necesidades de los pacientes en el seguimiento. La HCMASC es un conjunto de preguntas b\u00e1sicas y concisas organizadas en cuestionarios multietapas y completada por diferentes profesionales a lo largo del seguimiento del paciente con c\u00e1ncer. <strong>PRINCIPALES SECCIONES DE LA HISTORIA CL\u00cdNICA MEDIOAMBIENTAL EN EL C\u00c1NCER PEDI\u00c1TRICO<\/strong><strong> (<a href=\"http:\/\/pediatrics.aappublications.org\/content\/130\/4\/e1019\/\">extraida de una de nuestra publicaci\u00f3n en Pediatrics<\/a>)<\/strong><\/p>\n\n\n\n<p><strong>&#8212;&#8212;&#8212;&#8212;&#8212;&#8212;&#8212;&#8212;&#8212;&#8212;&#8212;&#8212;&#8212;&#8212;&#8212;&#8212;&#8212;&#8212;&#8212;&#8212;&#8212;&#8212;&#8212;&#8212;&#8212;&#8212;&#8212;&#8212;&#8212;&#8212;&#8212;&#8212;&#8212;&#8212;&#8212;&#8212;&#8212;&#8212;&#8212;&#8212;&#8212;&#8212;&#8212;&#8212;&#8212;&#8212;&#8212;&#8212;&#8212;&#8212;&#8211;<\/strong><\/p>\n\n\n\n<h2 class=\"wp-block-heading\"><strong>Cuestionarios antiguos de la HCMA<\/strong>P en supervivientes de c\u00e1ncer <\/h2>\n\n\n\n<p><br \/>1. <strong>Hoja verde al ingreso.<\/strong> (<a href=\"http:\/\/pehsu.org\/wp\/wp-content\/uploads\/HVERDE.pdf\"><strong>HVERDE pdf <\/strong><\/a>) o <a href=\"http:\/\/pehsu.org\/wp\/wp-content\/uploads\/HVERDE.doc\">doc<\/a>. Con el diagn\u00f3stico se realizar\u00e1 una hoja verde de cribado de riesgos ambientales. A realizar por residente de pediatr\u00eda en el momento del diagn\u00f3stico en el primer ingreso si es posible. Tiempo de realizaci\u00f3n 3 minutos. Dejar copia en la historia del paciente.<br \/>2. <strong>Hoja de identificaci\u00f3n de pacientes. Quimioterapia.<\/strong> (<a href=\"http:\/\/pehsu.org\/wp\/wp-content\/uploads\/HIPAQUI.pdf\"><strong>HIPAQUI pdf<\/strong><\/a>) o formato <a href=\"http:\/\/pehsu.org\/wp\/wp-content\/uploads\/HIPAQUI.docx\">docx<\/a>. Realizado por responsables de la unidad de Oncolog\u00eda y Hematolog\u00eda Pedi\u00e1trica. A realizar durante y al finalizar el tratamiento. Dejar copia en la historia del paciente.<br \/>3. <strong>Hoja de identificaci\u00f3n de pacientes. Radioterapia.<\/strong> (<a href=\"http:\/\/pehsu.org\/wp\/wp-content\/uploads\/HIPARA.pdf\"><strong>HIPARA<\/strong><\/a>). Realizado por Servicio de Oncolog\u00eda Radioter\u00e1pica (Dra. De la Fuente). A partir de la finalizaci\u00f3n del tratamiento. Dejar copia en la historia del paciente.<br \/>4. <strong>Historia Ambiental Pedi\u00e1trica (HIAMPED)<\/strong>. A realizar entre 1-20 meses postdiagn\u00f3stico. Unidad de Salud Medioambiental Pedi\u00e1trica. Consta de una <a href=\"http:\/\/pehsu.org\/wp\/?page_id=468\">versi\u00f3n resumida de riesgos ambientales generales<\/a> y otra espec\u00edfica ampliada nutricional, actividad f\u00edsica y para cada tipo tumoral.<br \/>5. <strong>Hoja de tr\u00e1nsito al programa de largo seguimiento<\/strong> (<a href=\"http:\/\/pehsu.org\/wp\/wp-content\/uploads\/HTRANSI.pdf\"><strong>HTRANSI pdf<\/strong><\/a>) o formato <a href=\"http:\/\/pehsu.org\/wp\/wp-content\/uploads\/HTRANSI.docx\">docx<\/a>. Es una hoja de tr\u00e1nsito hacia la Unidad de Largo Seguimiento en el que se establece el programa de seguimiento espec\u00edfico y adaptado a las necesidades de cada paciente.<br \/>6. <strong>Largo Seguimiento. Cuestinarios generales. <\/strong>Autocumplimentado \/ Atenci\u00f3n Primaria \/ Unidad de Largo Seguimiento:<\/p>\n\n\n\n<p>a. <a href=\"http:\/\/pehsu.org\/wp\/wp-content\/uploads\/anual_ninos.pdf\"><strong>Cuestinario Anual Salud Ni\u00f1@s\/Adolescentes pdf<\/strong><\/a> o formato<a href=\"http:\/\/pehsu.org\/wp\/wp-content\/uploads\/anual_ninos.doc\"> doc<\/a><br \/>b. <a href=\"http:\/\/pehsu.org\/wp\/wp-content\/uploads\/anual_adultos.pdf\"><strong>Cuestinario Anual Salud-Adultos pdf <\/strong><\/a> o formato <strong><a href=\"http:\/\/pehsu.org\/wp\/wp-content\/uploads\/anual_adultos.doc\">doc<\/a> <\/strong><br \/>c. Cuestionario de calidad de vida.<\/p>\n","protected":false},"excerpt":{"rendered":"<p>Programa Ambiental y Comunitario para el Largo Seguimiento de Supervivientes de C\u00e1ncer Pedi\u00e1trico de la Regi\u00f3n de Murcia (PLASESCAP-MUR) Los programas de seguimiento a largo plazo son esenciales y necesarios atendiendo al mayor y creciente n\u00famero de supervivientes de C\u00e1ncer Pedi\u00e1trico en Espa\u00f1a y en la Regi\u00f3n de Murcia. La temprana identificaci\u00f3n de complicaciones relacionadas &hellip; <\/p>\n<p class=\"link-more\"><a href=\"https:\/\/pehsu.org\/wp\/?page_id=1026\" class=\"more-link\">Leer m\u00e1s<span class=\"screen-reader-text\"> \u00abPrograma Ambiental y Comunitario de Largo Seguimiento de Supervivientes de C\u00e1ncer Pedi\u00e1trico (PLASESCAP)\u00bb<\/span><\/a><\/p>\n","protected":false},"author":1,"featured_media":0,"parent":354,"menu_order":0,"comment_status":"open","ping_status":"closed","template":"","meta":{"inspiro_hide_title":false,"footnotes":""},"class_list":["post-1026","page","type-page","status-publish","hentry"],"aioseo_notices":[],"_links":{"self":[{"href":"https:\/\/pehsu.org\/wp\/index.php?rest_route=\/wp\/v2\/pages\/1026","targetHints":{"allow":["GET"]}}],"collection":[{"href":"https:\/\/pehsu.org\/wp\/index.php?rest_route=\/wp\/v2\/pages"}],"about":[{"href":"https:\/\/pehsu.org\/wp\/index.php?rest_route=\/wp\/v2\/types\/page"}],"author":[{"embeddable":true,"href":"https:\/\/pehsu.org\/wp\/index.php?rest_route=\/wp\/v2\/users\/1"}],"replies":[{"embeddable":true,"href":"https:\/\/pehsu.org\/wp\/index.php?rest_route=%2Fwp%2Fv2%2Fcomments&post=1026"}],"version-history":[{"count":122,"href":"https:\/\/pehsu.org\/wp\/index.php?rest_route=\/wp\/v2\/pages\/1026\/revisions"}],"predecessor-version":[{"id":4868,"href":"https:\/\/pehsu.org\/wp\/index.php?rest_route=\/wp\/v2\/pages\/1026\/revisions\/4868"}],"up":[{"embeddable":true,"href":"https:\/\/pehsu.org\/wp\/index.php?rest_route=\/wp\/v2\/pages\/354"}],"wp:attachment":[{"href":"https:\/\/pehsu.org\/wp\/index.php?rest_route=%2Fwp%2Fv2%2Fmedia&parent=1026"}],"curies":[{"name":"wp","href":"https:\/\/api.w.org\/{rel}","templated":true}]}}